{"id":15398,"date":"2020-05-29T15:06:34","date_gmt":"2020-05-29T07:06:34","guid":{"rendered":"https:\/\/www.fjpremium.com\/?post_type=product&#038;p=15398"},"modified":"2023-09-18T17:13:53","modified_gmt":"2023-09-18T09:13:53","slug":"usb-3-1-type-c-usb-c-to-3-port-usb-3-0-multi-port-hub-with-power-delivery","status":"publish","type":"product","link":"https:\/\/www.fjpremium.com\/es\/product\/usb-3-1-type-c-usb-c-to-3-port-usb-3-0-multi-port-hub-with-power-delivery\/","title":{"rendered":"USB 3.0 4 en 1 Hub USB C de 3 puertos con Power Delivery"},"content":{"rendered":"<p>Nuestro concentrador mejora las capacidades USB de su dispositivo con tres puertos USB-A adicionales, todo ello mientras carga su dispositivo. Con un conector USB-C sim\u00e9trico, ofrece una experiencia de conexi\u00f3n sin complicaciones.<\/p>\n<p>Adem\u00e1s, con una velocidad de transferencia de datos de hasta 5 Gbps, la transferencia de datos r\u00e1pida y eficaz es una garant\u00eda.<\/p>\n<p>Con una construcci\u00f3n de par trenzado apantallado con papel de aluminio, este concentrador promete una comunicaci\u00f3n de datos de alta velocidad y sin errores. Y su dise\u00f1o ligero y compacto es ideal para transportarlo c\u00f3modamente.<\/p>\n<p>Sus especificaciones:<\/p>\n<ul>\n<li>Conector 1: USB Tipo-C macho<\/li>\n<li>Conector 2: USB 3.0 hembra x 3\/ USB tipo C hembra<\/li>\n<li>Contacto dorado, carcasa niquelada<\/li>\n<li>Conductor del cable: Cobre esta\u00f1ado<\/li>\n<li>Aislamiento: PE SKIN\/HDPE espumado<\/li>\n<li>Calibre del cable: 32\/32\/26AWG<\/li>\n<li>Carcasa: Carcasa ABS<\/li>\n<li>Cubierta: PVC<\/li>\n<li>Di\u00e1metro exterior: 4,2\u00b10,2 mm<\/li>\n<li>Conformidad: RoHS, REACH, CE<\/li>\n<\/ul>\n<p>Adem\u00e1s, probado rigurosamente para cumplir con los est\u00e1ndares de la industria, cuenta con una garant\u00eda de 2 a\u00f1os de Farsince. En resumen, p\u00f3ngase en contacto con nosotros hoy mismo y solicite el concentrador USB C con entrega de alimentaci\u00f3n.<\/p>","protected":false},"excerpt":{"rendered":"<p>Transforme el puerto USB-C \u00fanico en m\u00faltiples con el concentrador USB C 4 en 1 de 3 puertos USB 3.0 de alta calidad con suministro de energ\u00eda para una transferencia de datos r\u00e1pida, carga simult\u00e1nea y conexi\u00f3n sin problemas.<\/p>","protected":false},"featured_media":15413,"template":"","meta":{"_acf_changed":false,"_seopress_robots_primary_cat":"","_seopress_titles_title":"3 Port USB C Hub with Power Delivery - Farsince","_seopress_titles_desc":"Transform the single USB-C port into multiple with the high-quality USB C hub with power delivery for fast data transfer and hassle-free connection.","_seopress_robots_index":"","site-sidebar-layout":"default","site-content-layout":"default","ast-site-content-layout":"default","site-content-style":"default","site-sidebar-style":"default","ast-global-header-display":"","ast-banner-title-visibility":"","ast-main-header-display":"","ast-hfb-above-header-display":"","ast-hfb-below-header-display":"","ast-hfb-mobile-header-display":"","site-post-title":"","ast-breadcrumbs-content":"","ast-featured-img":"","footer-sml-layout":"","ast-disable-related-posts":"","theme-transparent-header-meta":"default","adv-header-id-meta":"","stick-header-meta":"","header-above-stick-meta":"","header-main-stick-meta":"","header-below-stick-meta":"","astra-migrate-meta-layouts":"set","ast-page-background-enabled":"default","ast-page-background-meta":{"desktop":{"background-color":"","background-image":"","background-repeat":"repeat","background-position":"center center","background-size":"auto","background-attachment":"scroll","background-type":"","background-media":"","overlay-type":"","overlay-color":"","overlay-opacity":"","overlay-gradient":""},"tablet":{"background-color":"","background-image":"","background-repeat":"repeat","background-position":"center center","background-size":"auto","background-attachment":"scroll","background-type":"","background-media":"","overlay-type":"","overlay-color":"","overlay-opacity":"","overlay-gradient":""},"mobile":{"background-color":"","background-image":"","background-repeat":"repeat","background-position":"center center","background-size":"auto","background-attachment":"scroll","background-type":"","background-media":"","overlay-type":"","overlay-color":"","overlay-opacity":"","overlay-gradient":""}},"ast-content-background-meta":{"desktop":{"background-color":"var(--ast-global-color-5)","background-image":"","background-repeat":"repeat","background-position":"center center","background-size":"auto","background-attachment":"scroll","background-type":"","background-media":"","overlay-type":"","overlay-color":"","overlay-opacity":"","overlay-gradient":""},"tablet":{"background-color":"var(--ast-global-color-5)","background-image":"","background-repeat":"repeat","background-position":"center center","background-size":"auto","background-attachment":"scroll","background-type":"","background-media":"","overlay-type":"","overlay-color":"","overlay-opacity":"","overlay-gradient":""},"mobile":{"background-color":"var(--ast-global-color-5)","background-image":"","background-repeat":"repeat","background-position":"center center","background-size":"auto","background-attachment":"scroll","background-type":"","background-media":"","overlay-type":"","overlay-color":"","overlay-opacity":"","overlay-gradient":""}},"iawp_total_views":3},"product_brand":[],"product_cat":[222],"product_tag":[],"class_list":{"0":"post-15398","1":"product","2":"type-product","3":"status-publish","4":"has-post-thumbnail","6":"product_cat-usb-c-cables","7":"desktop-align-left","8":"tablet-align-left","9":"mobile-align-left","11":"first","12":"instock","13":"shipping-taxable","14":"purchasable","15":"product-type-simple"},"acf":[],"_links":{"self":[{"href":"https:\/\/www.fjpremium.com\/es\/wp-json\/wp\/v2\/product\/15398","targetHints":{"allow":["GET"]}}],"collection":[{"href":"https:\/\/www.fjpremium.com\/es\/wp-json\/wp\/v2\/product"}],"about":[{"href":"https:\/\/www.fjpremium.com\/es\/wp-json\/wp\/v2\/types\/product"}],"wp:featuredmedia":[{"embeddable":true,"href":"https:\/\/www.fjpremium.com\/es\/wp-json\/wp\/v2\/media\/15413"}],"wp:attachment":[{"href":"https:\/\/www.fjpremium.com\/es\/wp-json\/wp\/v2\/media?parent=15398"}],"wp:term":[{"taxonomy":"product_brand","embeddable":true,"href":"https:\/\/www.fjpremium.com\/es\/wp-json\/wp\/v2\/product_brand?post=15398"},{"taxonomy":"product_cat","embeddable":true,"href":"https:\/\/www.fjpremium.com\/es\/wp-json\/wp\/v2\/product_cat?post=15398"},{"taxonomy":"product_tag","embeddable":true,"href":"https:\/\/www.fjpremium.com\/es\/wp-json\/wp\/v2\/product_tag?post=15398"}],"curies":[{"name":"wp","href":"https:\/\/api.w.org\/{rel}","templated":true}]}}