{"id":15389,"date":"2020-05-29T15:03:37","date_gmt":"2020-05-29T07:03:37","guid":{"rendered":"https:\/\/www.fjpremium.com\/?post_type=product&#038;p=15389"},"modified":"2023-09-18T17:18:43","modified_gmt":"2023-09-18T09:18:43","slug":"usb-3-1-type-c-usb-c-male-to-usb3-0-hdmi-pd-3-in-1-multi-port-hub-adapter","status":"publish","type":"product","link":"https:\/\/www.fjpremium.com\/es\/product\/usb-3-1-type-c-usb-c-male-to-usb3-0-hdmi-pd-3-in-1-multi-port-hub-adapter\/","title":{"rendered":"Adaptador multipuerto USB C a HDMI, USB3.0"},"content":{"rendered":"<p>Nuestro adaptador es un dispositivo vers\u00e1til de alta calidad que se conecta sin problemas a tu ordenador o tableta mediante USB tipo C. Ofrece una resoluci\u00f3n de hasta 4K para obtener im\u00e1genes de v\u00eddeo n\u00edtidas en tu televisor HD, monitor o proyector.<\/p>\n<p>La inclusi\u00f3n de un puerto USB 3.0 garantiza la transmisi\u00f3n de datos a alta velocidad, mientras que el puerto hembra de tipo C ofrece c\u00f3modas funciones de carga.<\/p>\n<p>Fabricado con materiales de alta calidad, como un conductor de cobre esta\u00f1ado y una carcasa de ABS\/aluminio, este adaptador multipuerto USB C a HDMI garantiza un rendimiento fiable y duradero.<\/p>\n<p>Sus especificaciones:<\/p>\n<ul>\n<li>Conector 1: USB Tipo-C macho<\/li>\n<li>Conector 2: HDMI 19 clavijas hembra\/ USB 3.0 hembra\/ USB tipo C hembra<\/li>\n<li>Contacto dorado, carcasa niquelada<\/li>\n<li>Aislamiento: PE SKIN\/HDPE espumado<\/li>\n<li>Calibre del cable: 34\/32\/22AWG<\/li>\n<li>Triple apantallado: par trenzado de papel de aluminio, papel de aluminio general, trenzado<\/li>\n<li>Chipset: AG9311<\/li>\n<li>Cubierta: PVC<\/li>\n<li>Di\u00e1metro exterior: 4,2\u00b10,2 mm<\/li>\n<li>Conformidad: RoHS, REACH, CE<\/li>\n<\/ul>\n<p>Tambi\u00e9n es ideal para aplicaciones BYOD, se ha probado conforme a los est\u00e1ndares del sector y cuenta con una garant\u00eda de 2 a\u00f1os. Por lo tanto, p\u00f3ngase en contacto con nosotros hoy mismo e invierta en el adaptador.<\/p>","protected":false},"excerpt":{"rendered":"<p>Descubre la comodidad de la multifuncionalidad con el adaptador multipuerto USB C a HDMI, que ofrece una transmisi\u00f3n de v\u00eddeo de alta calidad y una r\u00e1pida transferencia de datos.<\/p>","protected":false},"featured_media":15390,"template":"","meta":{"_acf_changed":false,"_seopress_robots_primary_cat":"","_seopress_titles_title":"Best USB C to HDMI Multiport Adapter, USB3.0 - FARSINCE","_seopress_titles_desc":"","_seopress_robots_index":"","site-sidebar-layout":"default","site-content-layout":"default","ast-site-content-layout":"default","site-content-style":"default","site-sidebar-style":"default","ast-global-header-display":"","ast-banner-title-visibility":"","ast-main-header-display":"","ast-hfb-above-header-display":"","ast-hfb-below-header-display":"","ast-hfb-mobile-header-display":"","site-post-title":"","ast-breadcrumbs-content":"","ast-featured-img":"","footer-sml-layout":"","ast-disable-related-posts":"","theme-transparent-header-meta":"default","adv-header-id-meta":"","stick-header-meta":"","header-above-stick-meta":"","header-main-stick-meta":"","header-below-stick-meta":"","astra-migrate-meta-layouts":"set","ast-page-background-enabled":"default","ast-page-background-meta":{"desktop":{"background-color":"","background-image":"","background-repeat":"repeat","background-position":"center center","background-size":"auto","background-attachment":"scroll","background-type":"","background-media":"","overlay-type":"","overlay-color":"","overlay-opacity":"","overlay-gradient":""},"tablet":{"background-color":"","background-image":"","background-repeat":"repeat","background-position":"center center","background-size":"auto","background-attachment":"scroll","background-type":"","background-media":"","overlay-type":"","overlay-color":"","overlay-opacity":"","overlay-gradient":""},"mobile":{"background-color":"","background-image":"","background-repeat":"repeat","background-position":"center center","background-size":"auto","background-attachment":"scroll","background-type":"","background-media":"","overlay-type":"","overlay-color":"","overlay-opacity":"","overlay-gradient":""}},"ast-content-background-meta":{"desktop":{"background-color":"var(--ast-global-color-5)","background-image":"","background-repeat":"repeat","background-position":"center center","background-size":"auto","background-attachment":"scroll","background-type":"","background-media":"","overlay-type":"","overlay-color":"","overlay-opacity":"","overlay-gradient":""},"tablet":{"background-color":"var(--ast-global-color-5)","background-image":"","background-repeat":"repeat","background-position":"center center","background-size":"auto","background-attachment":"scroll","background-type":"","background-media":"","overlay-type":"","overlay-color":"","overlay-opacity":"","overlay-gradient":""},"mobile":{"background-color":"var(--ast-global-color-5)","background-image":"","background-repeat":"repeat","background-position":"center center","background-size":"auto","background-attachment":"scroll","background-type":"","background-media":"","overlay-type":"","overlay-color":"","overlay-opacity":"","overlay-gradient":""}},"iawp_total_views":5},"product_brand":[],"product_cat":[222],"product_tag":[],"class_list":{"0":"post-15389","1":"product","2":"type-product","3":"status-publish","4":"has-post-thumbnail","6":"product_cat-usb-c-cables","7":"desktop-align-left","8":"tablet-align-left","9":"mobile-align-left","11":"first","12":"instock","13":"shipping-taxable","14":"purchasable","15":"product-type-simple"},"acf":[],"_links":{"self":[{"href":"https:\/\/www.fjpremium.com\/es\/wp-json\/wp\/v2\/product\/15389","targetHints":{"allow":["GET"]}}],"collection":[{"href":"https:\/\/www.fjpremium.com\/es\/wp-json\/wp\/v2\/product"}],"about":[{"href":"https:\/\/www.fjpremium.com\/es\/wp-json\/wp\/v2\/types\/product"}],"wp:featuredmedia":[{"embeddable":true,"href":"https:\/\/www.fjpremium.com\/es\/wp-json\/wp\/v2\/media\/15390"}],"wp:attachment":[{"href":"https:\/\/www.fjpremium.com\/es\/wp-json\/wp\/v2\/media?parent=15389"}],"wp:term":[{"taxonomy":"product_brand","embeddable":true,"href":"https:\/\/www.fjpremium.com\/es\/wp-json\/wp\/v2\/product_brand?post=15389"},{"taxonomy":"product_cat","embeddable":true,"href":"https:\/\/www.fjpremium.com\/es\/wp-json\/wp\/v2\/product_cat?post=15389"},{"taxonomy":"product_tag","embeddable":true,"href":"https:\/\/www.fjpremium.com\/es\/wp-json\/wp\/v2\/product_tag?post=15389"}],"curies":[{"name":"wp","href":"https:\/\/api.w.org\/{rel}","templated":true}]}}