{"id":15346,"date":"2020-05-29T14:48:05","date_gmt":"2020-05-29T06:48:05","guid":{"rendered":"https:\/\/www.fjpremium.com\/?post_type=product&#038;p=15346"},"modified":"2023-09-18T14:53:01","modified_gmt":"2023-09-18T06:53:01","slug":"usb-3-1-type-c-usb-c-male-to-mini-displayport-female-adapter","status":"publish","type":"product","link":"https:\/\/www.fjpremium.com\/es\/product\/usb-3-1-type-c-usb-c-male-to-mini-displayport-female-adapter\/","title":{"rendered":"Adaptador de USB C macho a hembra a Mini DP"},"content":{"rendered":"<p>El adaptador emplea las capacidades inherentes de audio\/v\u00eddeo de los puertos USB Type-C, generando una se\u00f1al audiovisual de primera calidad en tu configuraci\u00f3n DisplayPort.<\/p>\n<p>Con capacidad para mantener una notable resoluci\u00f3n 4K a 60 Hz, garantiza unas im\u00e1genes exquisitas en la pantalla conectada.<\/p>\n<p>Adem\u00e1s, es un accesorio imprescindible para entornos BYOD en \u00e1mbitos educativos o corporativos, ya que su tama\u00f1o compacto complementa las necesidades de portabilidad.<\/p>\n<p>Con funcionalidad plug-and-play, nuestro concentrador de alta calidad elimina la necesidad de controladores adicionales.<\/p>\n<p>Sus especificaciones:<\/p>\n<ul>\n<li>Contacto chapado en oro; carcasa chapada en oro<\/li>\n<li>Conductor del cable: Cobre esta\u00f1ado<\/li>\n<li>Aislamiento: PE SKIN\/HDPE espumado<\/li>\n<li>Calibre del cable: 32\/32\/26AWG<\/li>\n<li>Triple apantallado: par trenzado de papel de aluminio, papel de aluminio general, trenzado<\/li>\n<li>Carcasa: Carcasa ABS<\/li>\n<li>Chipset: VL100 32P<\/li>\n<li>Cubierta: PVC<\/li>\n<li>Di\u00e1metro exterior: 4,5\u00b10,2 mm<\/li>\n<li>Conformidad: RoHS, REACH, CE<\/li>\n<\/ul>\n<p>Adem\u00e1s, certificado para cumplir con los est\u00e1ndares de la industria, viene respaldado por la garant\u00eda de 2 a\u00f1os de Farsince. Por lo tanto, p\u00f3ngase en contacto con nosotros hoy mismo e invierta en nuestro adaptador de USB C a mini DP.<\/p>","protected":false},"excerpt":{"rendered":"<p>Presentamos este adaptador USB C macho a hembra a mini DP, compacto, plug-and-play y probado a fondo, un gran ajuste para entornos BYOD.<\/p>","protected":false},"featured_media":15368,"template":"","meta":{"_acf_changed":false,"_seopress_robots_primary_cat":"","_seopress_titles_title":"Best Male to Female USB C to Mini DP Adapter - FARSINCE","_seopress_titles_desc":"","_seopress_robots_index":"","site-sidebar-layout":"default","site-content-layout":"default","ast-site-content-layout":"default","site-content-style":"default","site-sidebar-style":"default","ast-global-header-display":"","ast-banner-title-visibility":"","ast-main-header-display":"","ast-hfb-above-header-display":"","ast-hfb-below-header-display":"","ast-hfb-mobile-header-display":"","site-post-title":"","ast-breadcrumbs-content":"","ast-featured-img":"","footer-sml-layout":"","ast-disable-related-posts":"","theme-transparent-header-meta":"default","adv-header-id-meta":"","stick-header-meta":"","header-above-stick-meta":"","header-main-stick-meta":"","header-below-stick-meta":"","astra-migrate-meta-layouts":"set","ast-page-background-enabled":"default","ast-page-background-meta":{"desktop":{"background-color":"","background-image":"","background-repeat":"repeat","background-position":"center center","background-size":"auto","background-attachment":"scroll","background-type":"","background-media":"","overlay-type":"","overlay-color":"","overlay-opacity":"","overlay-gradient":""},"tablet":{"background-color":"","background-image":"","background-repeat":"repeat","background-position":"center center","background-size":"auto","background-attachment":"scroll","background-type":"","background-media":"","overlay-type":"","overlay-color":"","overlay-opacity":"","overlay-gradient":""},"mobile":{"background-color":"","background-image":"","background-repeat":"repeat","background-position":"center center","background-size":"auto","background-attachment":"scroll","background-type":"","background-media":"","overlay-type":"","overlay-color":"","overlay-opacity":"","overlay-gradient":""}},"ast-content-background-meta":{"desktop":{"background-color":"var(--ast-global-color-5)","background-image":"","background-repeat":"repeat","background-position":"center center","background-size":"auto","background-attachment":"scroll","background-type":"","background-media":"","overlay-type":"","overlay-color":"","overlay-opacity":"","overlay-gradient":""},"tablet":{"background-color":"var(--ast-global-color-5)","background-image":"","background-repeat":"repeat","background-position":"center center","background-size":"auto","background-attachment":"scroll","background-type":"","background-media":"","overlay-type":"","overlay-color":"","overlay-opacity":"","overlay-gradient":""},"mobile":{"background-color":"var(--ast-global-color-5)","background-image":"","background-repeat":"repeat","background-position":"center center","background-size":"auto","background-attachment":"scroll","background-type":"","background-media":"","overlay-type":"","overlay-color":"","overlay-opacity":"","overlay-gradient":""}},"iawp_total_views":6},"product_brand":[],"product_cat":[222],"product_tag":[],"class_list":{"0":"post-15346","1":"product","2":"type-product","3":"status-publish","4":"has-post-thumbnail","6":"product_cat-usb-c-cables","7":"desktop-align-left","8":"tablet-align-left","9":"mobile-align-left","11":"first","12":"instock","13":"shipping-taxable","14":"purchasable","15":"product-type-simple"},"acf":[],"_links":{"self":[{"href":"https:\/\/www.fjpremium.com\/es\/wp-json\/wp\/v2\/product\/15346","targetHints":{"allow":["GET"]}}],"collection":[{"href":"https:\/\/www.fjpremium.com\/es\/wp-json\/wp\/v2\/product"}],"about":[{"href":"https:\/\/www.fjpremium.com\/es\/wp-json\/wp\/v2\/types\/product"}],"wp:featuredmedia":[{"embeddable":true,"href":"https:\/\/www.fjpremium.com\/es\/wp-json\/wp\/v2\/media\/15368"}],"wp:attachment":[{"href":"https:\/\/www.fjpremium.com\/es\/wp-json\/wp\/v2\/media?parent=15346"}],"wp:term":[{"taxonomy":"product_brand","embeddable":true,"href":"https:\/\/www.fjpremium.com\/es\/wp-json\/wp\/v2\/product_brand?post=15346"},{"taxonomy":"product_cat","embeddable":true,"href":"https:\/\/www.fjpremium.com\/es\/wp-json\/wp\/v2\/product_cat?post=15346"},{"taxonomy":"product_tag","embeddable":true,"href":"https:\/\/www.fjpremium.com\/es\/wp-json\/wp\/v2\/product_tag?post=15346"}],"curies":[{"name":"wp","href":"https:\/\/api.w.org\/{rel}","templated":true}]}}