{"id":15344,"date":"2020-05-29T14:48:01","date_gmt":"2020-05-29T06:48:01","guid":{"rendered":"https:\/\/www.fjpremium.com\/?post_type=product&#038;p=15344"},"modified":"2023-09-18T17:25:12","modified_gmt":"2023-09-18T09:25:12","slug":"usb-3-1-type-c-usb-c-male-to-vga-hd15-female-adapter","status":"publish","type":"product","link":"https:\/\/www.fjpremium.com\/es\/product\/usb-3-1-type-c-usb-c-male-to-vga-hd15-female-adapter\/","title":{"rendered":"Adaptador VGA a USB C macho a hembra, VGA HD15"},"content":{"rendered":"<p>El adaptador conecta a la perfecci\u00f3n sus dispositivos USB de tipo C con pantallas de entrada VGA. Su compatibilidad con resoluciones de hasta 1920\u00d71200 garantiza im\u00e1genes de v\u00eddeo de alta calidad, perfectas para presentaciones o para ampliar su estaci\u00f3n de trabajo.<\/p>\n<p>Encapsulado en un dise\u00f1o compacto y ligero, nuestro adaptador brilla en escenarios BYOD en diversos entornos.<\/p>\n<p>Tambi\u00e9n es campe\u00f3n en cuanto a sus especificaciones, con contactos chapados en oro, triple apantallamiento y conductores de cobre esta\u00f1ado que garantizan la integridad de la se\u00f1al.<\/p>\n<p>Sus especificaciones:<\/p>\n<ul>\n<li>Conector 1: USB Tipo-C macho<\/li>\n<li>Conector 2: VGA HDMI15 hembra<\/li>\n<li>Aislamiento: PE SKIN\/HDPE espumado<\/li>\n<li>Calibre del cable: 32\/32\/26AWG<\/li>\n<li>Carcasa: Carcasa ABS<\/li>\n<li>Chipset: RTD2169<\/li>\n<li>Cubierta: PVC<\/li>\n<li>Di\u00e1metro exterior: 4,5\u00b10,2 mm<\/li>\n<li>Conformidad: RoHS, REACH, CE<\/li>\n<\/ul>\n<p>Adem\u00e1s, es f\u00e1cil de usar, muy fiable y tiene 2 a\u00f1os de garant\u00eda Farsince. Por lo tanto, p\u00f3ngase en contacto con nosotros hoy mismo y solicite este adaptador VGA a USB C.<\/p>\n<p>&nbsp;<\/p>","protected":false},"excerpt":{"rendered":"<p>Presentamos este adaptador VGA a USB C macho a hembra con especificaciones de alta calidad y compatibilidad con una resoluci\u00f3n de hasta 1920\u00d71200, que brinda una calidad de video excepcional.<\/p>","protected":false},"featured_media":15348,"template":"","meta":{"_acf_changed":false,"_seopress_robots_primary_cat":"","_seopress_titles_title":"Male to Female VGA to USB C Adapter, VGA HD15 - FARSINCE","_seopress_titles_desc":"","_seopress_robots_index":"","site-sidebar-layout":"default","site-content-layout":"default","ast-site-content-layout":"default","site-content-style":"default","site-sidebar-style":"default","ast-global-header-display":"","ast-banner-title-visibility":"","ast-main-header-display":"","ast-hfb-above-header-display":"","ast-hfb-below-header-display":"","ast-hfb-mobile-header-display":"","site-post-title":"","ast-breadcrumbs-content":"","ast-featured-img":"","footer-sml-layout":"","ast-disable-related-posts":"","theme-transparent-header-meta":"default","adv-header-id-meta":"","stick-header-meta":"","header-above-stick-meta":"","header-main-stick-meta":"","header-below-stick-meta":"","astra-migrate-meta-layouts":"set","ast-page-background-enabled":"default","ast-page-background-meta":{"desktop":{"background-color":"","background-image":"","background-repeat":"repeat","background-position":"center center","background-size":"auto","background-attachment":"scroll","background-type":"","background-media":"","overlay-type":"","overlay-color":"","overlay-opacity":"","overlay-gradient":""},"tablet":{"background-color":"","background-image":"","background-repeat":"repeat","background-position":"center center","background-size":"auto","background-attachment":"scroll","background-type":"","background-media":"","overlay-type":"","overlay-color":"","overlay-opacity":"","overlay-gradient":""},"mobile":{"background-color":"","background-image":"","background-repeat":"repeat","background-position":"center center","background-size":"auto","background-attachment":"scroll","background-type":"","background-media":"","overlay-type":"","overlay-color":"","overlay-opacity":"","overlay-gradient":""}},"ast-content-background-meta":{"desktop":{"background-color":"var(--ast-global-color-5)","background-image":"","background-repeat":"repeat","background-position":"center center","background-size":"auto","background-attachment":"scroll","background-type":"","background-media":"","overlay-type":"","overlay-color":"","overlay-opacity":"","overlay-gradient":""},"tablet":{"background-color":"var(--ast-global-color-5)","background-image":"","background-repeat":"repeat","background-position":"center center","background-size":"auto","background-attachment":"scroll","background-type":"","background-media":"","overlay-type":"","overlay-color":"","overlay-opacity":"","overlay-gradient":""},"mobile":{"background-color":"var(--ast-global-color-5)","background-image":"","background-repeat":"repeat","background-position":"center center","background-size":"auto","background-attachment":"scroll","background-type":"","background-media":"","overlay-type":"","overlay-color":"","overlay-opacity":"","overlay-gradient":""}},"iawp_total_views":10},"product_brand":[],"product_cat":[222],"product_tag":[],"class_list":{"0":"post-15344","1":"product","2":"type-product","3":"status-publish","4":"has-post-thumbnail","6":"product_cat-usb-c-cables","7":"desktop-align-left","8":"tablet-align-left","9":"mobile-align-left","11":"first","12":"instock","13":"shipping-taxable","14":"purchasable","15":"product-type-simple"},"acf":[],"_links":{"self":[{"href":"https:\/\/www.fjpremium.com\/es\/wp-json\/wp\/v2\/product\/15344","targetHints":{"allow":["GET"]}}],"collection":[{"href":"https:\/\/www.fjpremium.com\/es\/wp-json\/wp\/v2\/product"}],"about":[{"href":"https:\/\/www.fjpremium.com\/es\/wp-json\/wp\/v2\/types\/product"}],"wp:featuredmedia":[{"embeddable":true,"href":"https:\/\/www.fjpremium.com\/es\/wp-json\/wp\/v2\/media\/15348"}],"wp:attachment":[{"href":"https:\/\/www.fjpremium.com\/es\/wp-json\/wp\/v2\/media?parent=15344"}],"wp:term":[{"taxonomy":"product_brand","embeddable":true,"href":"https:\/\/www.fjpremium.com\/es\/wp-json\/wp\/v2\/product_brand?post=15344"},{"taxonomy":"product_cat","embeddable":true,"href":"https:\/\/www.fjpremium.com\/es\/wp-json\/wp\/v2\/product_cat?post=15344"},{"taxonomy":"product_tag","embeddable":true,"href":"https:\/\/www.fjpremium.com\/es\/wp-json\/wp\/v2\/product_tag?post=15344"}],"curies":[{"name":"wp","href":"https:\/\/api.w.org\/{rel}","templated":true}]}}