{"id":15275,"date":"2020-05-29T14:22:15","date_gmt":"2020-05-29T06:22:15","guid":{"rendered":"https:\/\/www.fjpremium.com\/?post_type=product&#038;p=15275"},"modified":"2023-09-20T10:43:03","modified_gmt":"2023-09-20T02:43:03","slug":"usb-3-1-type-c-male-to-female-extension-cable","status":"publish","type":"product","link":"https:\/\/www.fjpremium.com\/es\/product\/usb-3-1-type-c-male-to-female-extension-cable\/","title":{"rendered":"Cable de extensi\u00f3n USB 3.1 tipo C macho a hembra"},"content":{"rendered":"<p>Este cable de extensi\u00f3n macho a hembra es una soluci\u00f3n superior para ampliar la conexi\u00f3n entre tus cables y dispositivos USB-C, ya que ofrece una velocidad de transferencia de hasta 10 Gbps.<\/p>\n<p>Puede suministrar hasta 20 V y 3 A desde un ordenador a cualquier dispositivo conectado y garantiza una transferencia de datos de alta velocidad y sin errores.<\/p>\n<p>Podr\u00e1s disfrutar de compatibilidad con resoluci\u00f3n de v\u00eddeo 4Kx2K (3840\u00d72160) @60HZ, carga r\u00e1pida y suministro de energ\u00eda de 60 W.<\/p>\n<p>Y el dise\u00f1o sim\u00e9trico del conector USB-C facilita el enchufe.<\/p>\n<p>Sus especificaciones:<\/p>\n<ul>\n<li>Conector 1: USB Tipo-C macho<\/li>\n<li>Conector 2: USB Tipo-C hembra<\/li>\n<li>Contacto dorado, carcasa niquelada<\/li>\n<li>Conductor del cable: Cobre esta\u00f1ado<\/li>\n<li>Aislamiento: PE SKIN\/HDPE espumado<\/li>\n<li>Calibre del cable: 32\/32\/26AWG<\/li>\n<li>Carcasa: Moldeo por inyecci\u00f3n<\/li>\n<li>Cubierta: PVC<\/li>\n<li>Di\u00e1metro exterior: 4,5\u00b10,2 mm<\/li>\n<li>Conformidad: RoHS, REACH, CE<\/li>\n<\/ul>\n<p>Adem\u00e1s, el cable, mejorado con blindaje de l\u00e1mina y trenza contra interferencias EMI\/RFI y una construcci\u00f3n de par trenzado, garantiza un rendimiento superior. As\u00ed pues, p\u00f3ngase en contacto con nosotros hoy mismo y solicite el cable.<\/p>","protected":false},"excerpt":{"rendered":"<p>Potencia tu conexi\u00f3n con nuestro cable alargador USB-C macho a hembra de alta calidad, capaz de alcanzar una velocidad de transferencia de hasta 10 Gbps y compatible con resoluci\u00f3n de v\u00eddeo 4Kx2K.<\/p>","protected":false},"featured_media":16922,"template":"","meta":{"_acf_changed":false,"_seopress_robots_primary_cat":"","_seopress_titles_title":"USB 3.1 Type C Male to Female Extension Cable - FARSINCE","_seopress_titles_desc":"","_seopress_robots_index":"","site-sidebar-layout":"default","site-content-layout":"default","ast-site-content-layout":"default","site-content-style":"default","site-sidebar-style":"default","ast-global-header-display":"","ast-banner-title-visibility":"","ast-main-header-display":"","ast-hfb-above-header-display":"","ast-hfb-below-header-display":"","ast-hfb-mobile-header-display":"","site-post-title":"","ast-breadcrumbs-content":"","ast-featured-img":"","footer-sml-layout":"","ast-disable-related-posts":"","theme-transparent-header-meta":"default","adv-header-id-meta":"","stick-header-meta":"","header-above-stick-meta":"","header-main-stick-meta":"","header-below-stick-meta":"","astra-migrate-meta-layouts":"set","ast-page-background-enabled":"default","ast-page-background-meta":{"desktop":{"background-color":"","background-image":"","background-repeat":"repeat","background-position":"center center","background-size":"auto","background-attachment":"scroll","background-type":"","background-media":"","overlay-type":"","overlay-color":"","overlay-opacity":"","overlay-gradient":""},"tablet":{"background-color":"","background-image":"","background-repeat":"repeat","background-position":"center center","background-size":"auto","background-attachment":"scroll","background-type":"","background-media":"","overlay-type":"","overlay-color":"","overlay-opacity":"","overlay-gradient":""},"mobile":{"background-color":"","background-image":"","background-repeat":"repeat","background-position":"center center","background-size":"auto","background-attachment":"scroll","background-type":"","background-media":"","overlay-type":"","overlay-color":"","overlay-opacity":"","overlay-gradient":""}},"ast-content-background-meta":{"desktop":{"background-color":"var(--ast-global-color-5)","background-image":"","background-repeat":"repeat","background-position":"center center","background-size":"auto","background-attachment":"scroll","background-type":"","background-media":"","overlay-type":"","overlay-color":"","overlay-opacity":"","overlay-gradient":""},"tablet":{"background-color":"var(--ast-global-color-5)","background-image":"","background-repeat":"repeat","background-position":"center center","background-size":"auto","background-attachment":"scroll","background-type":"","background-media":"","overlay-type":"","overlay-color":"","overlay-opacity":"","overlay-gradient":""},"mobile":{"background-color":"var(--ast-global-color-5)","background-image":"","background-repeat":"repeat","background-position":"center center","background-size":"auto","background-attachment":"scroll","background-type":"","background-media":"","overlay-type":"","overlay-color":"","overlay-opacity":"","overlay-gradient":""}},"iawp_total_views":4},"product_brand":[],"product_cat":[222],"product_tag":[],"class_list":{"0":"post-15275","1":"product","2":"type-product","3":"status-publish","4":"has-post-thumbnail","6":"product_cat-usb-c-cables","7":"desktop-align-left","8":"tablet-align-left","9":"mobile-align-left","11":"first","12":"instock","13":"shipping-taxable","14":"purchasable","15":"product-type-simple"},"acf":[],"_links":{"self":[{"href":"https:\/\/www.fjpremium.com\/es\/wp-json\/wp\/v2\/product\/15275","targetHints":{"allow":["GET"]}}],"collection":[{"href":"https:\/\/www.fjpremium.com\/es\/wp-json\/wp\/v2\/product"}],"about":[{"href":"https:\/\/www.fjpremium.com\/es\/wp-json\/wp\/v2\/types\/product"}],"wp:featuredmedia":[{"embeddable":true,"href":"https:\/\/www.fjpremium.com\/es\/wp-json\/wp\/v2\/media\/16922"}],"wp:attachment":[{"href":"https:\/\/www.fjpremium.com\/es\/wp-json\/wp\/v2\/media?parent=15275"}],"wp:term":[{"taxonomy":"product_brand","embeddable":true,"href":"https:\/\/www.fjpremium.com\/es\/wp-json\/wp\/v2\/product_brand?post=15275"},{"taxonomy":"product_cat","embeddable":true,"href":"https:\/\/www.fjpremium.com\/es\/wp-json\/wp\/v2\/product_cat?post=15275"},{"taxonomy":"product_tag","embeddable":true,"href":"https:\/\/www.fjpremium.com\/es\/wp-json\/wp\/v2\/product_tag?post=15275"}],"curies":[{"name":"wp","href":"https:\/\/api.w.org\/{rel}","templated":true}]}}