{"id":15271,"date":"2020-05-29T14:22:06","date_gmt":"2020-05-29T06:22:06","guid":{"rendered":"https:\/\/www.fjpremium.com\/?post_type=product&#038;p=15271"},"modified":"2023-06-19T11:37:19","modified_gmt":"2023-06-19T03:37:19","slug":"usb-3-1-type-c-usb-c-male-to-displayport-male-adapter-cable","status":"publish","type":"product","link":"https:\/\/www.fjpremium.com\/es\/product\/usb-3-1-type-c-usb-c-male-to-displayport-male-adapter-cable\/","title":{"rendered":"Cable adaptador DisplayPort macho a macho a USB C"},"content":{"rendered":"<p>Dise\u00f1ado para satisfacer los requisitos de transmisi\u00f3n de v\u00eddeo de alta calidad, este cable adaptador conecta sin esfuerzo tus dispositivos USB de tipo C, como smartphones, tabletas y ordenadores, a cualquier pantalla con puerto DisplayPort.<\/p>\n<p>Al ser compatible con resoluciones 4K@60Hz u 8K@60Hz, garantiza una experiencia de visualizaci\u00f3n envolvente y de alta calidad.<\/p>\n<p>Con su dise\u00f1o plug-and-play, nuestro cable adaptador no requiere controladores adicionales, lo que garantiza una configuraci\u00f3n f\u00e1cil y c\u00f3moda. Adem\u00e1s, cuenta con un conector USB de tipo C reversible y una estructura compacta y ligera para facilitar su uso.<\/p>\n<p>Sus especificaciones:<\/p>\n<ul>\n<li>Conector 1: USB Tipo-C macho<\/li>\n<li>Conector 2: DisplayPort(DP) macho<\/li>\n<li>Contacto dorado, carcasa dorada<\/li>\n<li>Conductor del cable: Cobre esta\u00f1ado<\/li>\n<li>Aislamiento: PE SKIN\/HDPE espumado<\/li>\n<li>Calibre del cable: 32\/32\/26AWG<\/li>\n<li>Triple apantallado: par trenzado de papel de aluminio, papel de aluminio general, trenzado<\/li>\n<li>Carcasa: Carcasa ABS<\/li>\n<li>Chipset: CYPD2119 o ENE363<\/li>\n<li>Cubierta: PVC<\/li>\n<li>Di\u00e1metro exterior: 4,5\u00b10,2 mm<\/li>\n<li>Conformidad: RoHS, REACH, CE, UL<\/li>\n<\/ul>\n<p>Adem\u00e1s, se ha sometido a pruebas exhaustivas para cumplir los est\u00e1ndares del sector y cuenta con la garant\u00eda de 2 a\u00f1os de Farsince. Por lo tanto, p\u00f3ngase en contacto con nosotros hoy mismo e invierta en el adaptador DisplayPort a cable USB C.<\/p>","protected":false},"excerpt":{"rendered":"<p>Descubre una experiencia de visualizaci\u00f3n de alta resoluci\u00f3n sin interrupciones con nuestro adaptador DisplayPort macho a macho a cable USB C, compatible con una resoluci\u00f3n de hasta 4K@60Hz u 8K@60Hz.<\/p>","protected":false},"featured_media":16896,"template":"","meta":{"_acf_changed":false,"_seopress_robots_primary_cat":"","_seopress_titles_title":"","_seopress_titles_desc":"","_seopress_robots_index":"","site-sidebar-layout":"default","site-content-layout":"default","ast-site-content-layout":"default","site-content-style":"default","site-sidebar-style":"default","ast-global-header-display":"","ast-banner-title-visibility":"","ast-main-header-display":"","ast-hfb-above-header-display":"","ast-hfb-below-header-display":"","ast-hfb-mobile-header-display":"","site-post-title":"","ast-breadcrumbs-content":"","ast-featured-img":"","footer-sml-layout":"","ast-disable-related-posts":"","theme-transparent-header-meta":"default","adv-header-id-meta":"","stick-header-meta":"","header-above-stick-meta":"","header-main-stick-meta":"","header-below-stick-meta":"","astra-migrate-meta-layouts":"default","ast-page-background-enabled":"default","ast-page-background-meta":{"desktop":{"background-color":"","background-image":"","background-repeat":"repeat","background-position":"center center","background-size":"auto","background-attachment":"scroll","background-type":"","background-media":"","overlay-type":"","overlay-color":"","overlay-opacity":"","overlay-gradient":""},"tablet":{"background-color":"","background-image":"","background-repeat":"repeat","background-position":"center center","background-size":"auto","background-attachment":"scroll","background-type":"","background-media":"","overlay-type":"","overlay-color":"","overlay-opacity":"","overlay-gradient":""},"mobile":{"background-color":"","background-image":"","background-repeat":"repeat","background-position":"center center","background-size":"auto","background-attachment":"scroll","background-type":"","background-media":"","overlay-type":"","overlay-color":"","overlay-opacity":"","overlay-gradient":""}},"ast-content-background-meta":{"desktop":{"background-color":"var(--ast-global-color-5)","background-image":"","background-repeat":"repeat","background-position":"center center","background-size":"auto","background-attachment":"scroll","background-type":"","background-media":"","overlay-type":"","overlay-color":"","overlay-opacity":"","overlay-gradient":""},"tablet":{"background-color":"var(--ast-global-color-5)","background-image":"","background-repeat":"repeat","background-position":"center center","background-size":"auto","background-attachment":"scroll","background-type":"","background-media":"","overlay-type":"","overlay-color":"","overlay-opacity":"","overlay-gradient":""},"mobile":{"background-color":"var(--ast-global-color-5)","background-image":"","background-repeat":"repeat","background-position":"center center","background-size":"auto","background-attachment":"scroll","background-type":"","background-media":"","overlay-type":"","overlay-color":"","overlay-opacity":"","overlay-gradient":""}},"iawp_total_views":5},"product_brand":[],"product_cat":[222],"product_tag":[],"class_list":{"0":"post-15271","1":"product","2":"type-product","3":"status-publish","4":"has-post-thumbnail","6":"product_cat-usb-c-cables","7":"desktop-align-left","8":"tablet-align-left","9":"mobile-align-left","11":"first","12":"instock","13":"shipping-taxable","14":"purchasable","15":"product-type-simple"},"acf":[],"_links":{"self":[{"href":"https:\/\/www.fjpremium.com\/es\/wp-json\/wp\/v2\/product\/15271","targetHints":{"allow":["GET"]}}],"collection":[{"href":"https:\/\/www.fjpremium.com\/es\/wp-json\/wp\/v2\/product"}],"about":[{"href":"https:\/\/www.fjpremium.com\/es\/wp-json\/wp\/v2\/types\/product"}],"wp:featuredmedia":[{"embeddable":true,"href":"https:\/\/www.fjpremium.com\/es\/wp-json\/wp\/v2\/media\/16896"}],"wp:attachment":[{"href":"https:\/\/www.fjpremium.com\/es\/wp-json\/wp\/v2\/media?parent=15271"}],"wp:term":[{"taxonomy":"product_brand","embeddable":true,"href":"https:\/\/www.fjpremium.com\/es\/wp-json\/wp\/v2\/product_brand?post=15271"},{"taxonomy":"product_cat","embeddable":true,"href":"https:\/\/www.fjpremium.com\/es\/wp-json\/wp\/v2\/product_cat?post=15271"},{"taxonomy":"product_tag","embeddable":true,"href":"https:\/\/www.fjpremium.com\/es\/wp-json\/wp\/v2\/product_tag?post=15271"}],"curies":[{"name":"wp","href":"https:\/\/api.w.org\/{rel}","templated":true}]}}