{"id":15191,"date":"2020-05-29T13:52:30","date_gmt":"2020-05-29T05:52:30","guid":{"rendered":"https:\/\/www.fjpremium.com\/?post_type=product&#038;p=15191"},"modified":"2023-12-14T13:56:47","modified_gmt":"2023-12-14T05:56:47","slug":"30awg-ultra-slim-cat8-s-ftp-shielded-twisted-4-pairs-patch-cord-40gbase-t2000mhz","status":"publish","type":"product","link":"https:\/\/www.fjpremium.com\/es\/product\/30awg-ultra-slim-cat8-s-ftp-shielded-twisted-4-pairs-patch-cord-40gbase-t2000mhz\/","title":{"rendered":"F\/FTP Cable de red Cat8 delgado 28AWG 30AWG 32AWG"},"content":{"rendered":"<p>Ideal para uso dom\u00e9stico o en la oficina, nuestro cable de red cat8 admite Gigabit Ethernet 10GBase-T y ofrece un rendimiento excepcional gracias a su construcci\u00f3n doble totalmente blindada, que protege contra el ruido EMI\/RFI y las interferencias electromagn\u00e9ticas.<\/p>\n<p>Al cumplir o superar los est\u00e1ndares de la Categor\u00eda 8 conforme a las especificaciones TIA\/EIA-568-C.2, garantiza una transferencia de datos de alta velocidad con un ancho de banda de hasta 2000 MHz, perfecta para aplicaciones de servidor, computaci\u00f3n en la nube, videovigilancia y transmisi\u00f3n de v\u00eddeo de alta definici\u00f3n en l\u00ednea.<\/p>\n<p>Este cable de red cat8 presenta opciones de cable trenzado de 28AWG (7\/0,12 mm), 30AWG (7\/0,10 mm) y 32AWG (7\/0,08 mm) para una m\u00e1xima flexibilidad, apantallamiento individual con papel de aluminio para cada par y cumplimiento de las especificaciones ISO\/IEC 11801.<\/p>\n<p>Adem\u00e1s, dise\u00f1ado para los requisitos arquitect\u00f3nicos de los centros de datos, el cable est\u00e1 disponible en varios colores y longitudes para adaptarse a sus necesidades y cumple las normas RoHS y REACH.<\/p>\n<p>Presume:<\/p>\n<ul>\n<li>Conductores: Cobre desnudo o esta\u00f1ado<\/li>\n<li>Aislamiento: Espuma PE, pares codificados por colores<\/li>\n<li>Cable de drenaje: 28AWG (7\/0,12 mm), 30AWG (7\/0,10 mm), 32AWG (7\/0,08 mm)<\/li>\n<li>Cubierta: PVC<\/li>\n<li>Di\u00e1metros exteriores: 28AWG (5,3 mm), 30AWG (4,3 mm), 32AWG (3,8 mm)<\/li>\n<li>Conectores: RJ45 Cat8 FTP, contactos 50U dorados, carcasas niqueladas<\/li>\n<li>Probado: Comprobador Fluke para un rendimiento fiable<\/li>\n<\/ul>\n<p>Experimente la diferencia en velocidad, flexibilidad y durabilidad con este cable de red Cat8 de \u00faltima generaci\u00f3n y lleve su experiencia de red a nuevas cotas.<\/p>\n<h2>Descargar:<\/h2>\n<ul>\n<li>Hoja de datos del cable de conexi\u00f3n ultrafino Cat8 S\/FTP trenzado sin apantallar de 4 pares<\/li>\n<\/ul>\n<h2>Informaci\u00f3n sobre pedidos:<\/h2>\n<p>FS17110C1**-xxx: 28AWG ultra fino Cat8 S\/FTP sin apantallar trenzado 4 pares patch cord<\/p>\n<p>FS17110C2**-xxx: 30AWG ultra fino Cat8 S\/FTP sin apantallar trenzado 4 pares patch cord<\/p>\n<p>FS17110C3**-xxx: Cable de conexi\u00f3n de 4 pares trenzado sin apantallar Cat8 S\/FTP ultrafino de 32AWG<\/p>\n<ul>\n<li>**=color: GY=GREY, BK=BLACK, WT=WHITE, BU=BLUE, RD=RED, YL=YELLOW, OG=ORANGE, GN=GREEN<\/li>\n<li>xxx=Longitud: 003=0,3M, 005=0,5M, 010=1,0M, 018=1,8M, 030=3,0M, 050=5,0M, 075=7,5M, 100=10M, 200=20M, 300=30M<\/li>\n<li>Por ejemplo: FS17110C1BU-018=28AWG Cat8 S\/FTP sin apantallar trenzado 4 pares patch cord, color Azul, 1.8M Longitud<\/li>\n<\/ul>","protected":false},"excerpt":{"rendered":"<p>Presentamos el cable de red Farsince F\/FTP slim cat8, la soluci\u00f3n perfecta para crear una conexi\u00f3n de red segura en entornos ruidosos EMI\/RFI.<\/p>","protected":false},"featured_media":16707,"template":"","meta":{"_acf_changed":false,"_seopress_robots_primary_cat":"","_seopress_titles_title":"Best Cat8 Network Cable - Farsince","_seopress_titles_desc":"","_seopress_robots_index":"","site-sidebar-layout":"default","site-content-layout":"default","ast-site-content-layout":"default","site-content-style":"default","site-sidebar-style":"default","ast-global-header-display":"","ast-banner-title-visibility":"","ast-main-header-display":"","ast-hfb-above-header-display":"","ast-hfb-below-header-display":"","ast-hfb-mobile-header-display":"","site-post-title":"","ast-breadcrumbs-content":"","ast-featured-img":"","footer-sml-layout":"","ast-disable-related-posts":"","theme-transparent-header-meta":"default","adv-header-id-meta":"","stick-header-meta":"","header-above-stick-meta":"","header-main-stick-meta":"","header-below-stick-meta":"","astra-migrate-meta-layouts":"default","ast-page-background-enabled":"default","ast-page-background-meta":{"desktop":{"background-color":"","background-image":"","background-repeat":"repeat","background-position":"center center","background-size":"auto","background-attachment":"scroll","background-type":"","background-media":"","overlay-type":"","overlay-color":"","overlay-opacity":"","overlay-gradient":""},"tablet":{"background-color":"","background-image":"","background-repeat":"repeat","background-position":"center center","background-size":"auto","background-attachment":"scroll","background-type":"","background-media":"","overlay-type":"","overlay-color":"","overlay-opacity":"","overlay-gradient":""},"mobile":{"background-color":"","background-image":"","background-repeat":"repeat","background-position":"center center","background-size":"auto","background-attachment":"scroll","background-type":"","background-media":"","overlay-type":"","overlay-color":"","overlay-opacity":"","overlay-gradient":""}},"ast-content-background-meta":{"desktop":{"background-color":"var(--ast-global-color-5)","background-image":"","background-repeat":"repeat","background-position":"center center","background-size":"auto","background-attachment":"scroll","background-type":"","background-media":"","overlay-type":"","overlay-color":"","overlay-opacity":"","overlay-gradient":""},"tablet":{"background-color":"var(--ast-global-color-5)","background-image":"","background-repeat":"repeat","background-position":"center center","background-size":"auto","background-attachment":"scroll","background-type":"","background-media":"","overlay-type":"","overlay-color":"","overlay-opacity":"","overlay-gradient":""},"mobile":{"background-color":"var(--ast-global-color-5)","background-image":"","background-repeat":"repeat","background-position":"center center","background-size":"auto","background-attachment":"scroll","background-type":"","background-media":"","overlay-type":"","overlay-color":"","overlay-opacity":"","overlay-gradient":""}},"iawp_total_views":27},"product_brand":[],"product_cat":[631,209],"product_tag":[],"class_list":{"0":"post-15191","1":"product","2":"type-product","3":"status-publish","4":"has-post-thumbnail","6":"product_cat-patch-cables","7":"product_cat-ethernet-cable","8":"desktop-align-left","9":"tablet-align-left","10":"mobile-align-left","12":"first","13":"instock","14":"shipping-taxable","15":"purchasable","16":"product-type-simple"},"acf":[],"_links":{"self":[{"href":"https:\/\/www.fjpremium.com\/es\/wp-json\/wp\/v2\/product\/15191","targetHints":{"allow":["GET"]}}],"collection":[{"href":"https:\/\/www.fjpremium.com\/es\/wp-json\/wp\/v2\/product"}],"about":[{"href":"https:\/\/www.fjpremium.com\/es\/wp-json\/wp\/v2\/types\/product"}],"wp:featuredmedia":[{"embeddable":true,"href":"https:\/\/www.fjpremium.com\/es\/wp-json\/wp\/v2\/media\/16707"}],"wp:attachment":[{"href":"https:\/\/www.fjpremium.com\/es\/wp-json\/wp\/v2\/media?parent=15191"}],"wp:term":[{"taxonomy":"product_brand","embeddable":true,"href":"https:\/\/www.fjpremium.com\/es\/wp-json\/wp\/v2\/product_brand?post=15191"},{"taxonomy":"product_cat","embeddable":true,"href":"https:\/\/www.fjpremium.com\/es\/wp-json\/wp\/v2\/product_cat?post=15191"},{"taxonomy":"product_tag","embeddable":true,"href":"https:\/\/www.fjpremium.com\/es\/wp-json\/wp\/v2\/product_tag?post=15191"}],"curies":[{"name":"wp","href":"https:\/\/api.w.org\/{rel}","templated":true}]}}