{"id":15190,"date":"2020-05-29T13:52:27","date_gmt":"2020-05-29T05:52:27","guid":{"rendered":"https:\/\/www.fjpremium.com\/?post_type=product&#038;p=15190"},"modified":"2023-12-14T13:56:48","modified_gmt":"2023-12-14T05:56:48","slug":"26awg-cat8-s-ftp-shielded-twisted-4-pairs-patch-cord-40gbase-t2000mhz","status":"publish","type":"product","link":"https:\/\/www.fjpremium.com\/es\/product\/26awg-cat8-s-ftp-shielded-twisted-4-pairs-patch-cord-40gbase-t2000mhz\/","title":{"rendered":"SSTP\/SFTP RJ45 Apantallamiento Cable Plenum Cat 8 26AWG"},"content":{"rendered":"<p>Dise\u00f1ado para sobresalir en entornos ruidosos EMI\/RFI, nuestro cable plenum Cat 8 es perfecto para configurar su red dom\u00e9stica o de oficina con Gigabit Ethernet 10GBase-T.<\/p>\n<p>Las caracter\u00edsticas m\u00e1s destacadas de este cable incluyen la m\u00e1xima flexibilidad con conductores trenzados de 26AWG y blindaje individual de papel de aluminio para cada par, a fin de garantizar una excelente protecci\u00f3n contra el ruido EMI\/RFI y las interferencias electromagn\u00e9ticas.<\/p>\n<p>Garantiza una calidad de transmisi\u00f3n excelente y una p\u00e9rdida de se\u00f1al m\u00ednima, y cumple las especificaciones TIA\/EIA-568-C.2 e ISO\/IEC 11801.<\/p>\n<p>Adem\u00e1s, los conectores est\u00e1n dise\u00f1ados con contactos chapados en oro, fundas moldeadas de alivio de tensi\u00f3n y moldes sin enganches, lo que garantiza la durabilidad y una conexi\u00f3n segura.<\/p>\n<p>\u00d3ptimo para los requisitos arquitect\u00f3nicos de los centros de datos, este cable plenum Cat 8 est\u00e1 disponible en varios colores y longitudes para personalizar la configuraci\u00f3n de su red.<\/p>\n<p>Sus conductores de cobre desnudo mejoran el rendimiento del cable y cumplen las normas sobre cables de comunicaciones.<\/p>\n<p>Adem\u00e1s, la flexibilidad y durabilidad del cable se complementan con su gran capacidad de ancho de banda de hasta 2000 MHz, lo que lo hace ideal para aplicaciones de servidor, computaci\u00f3n en la nube, videovigilancia y transmisi\u00f3n de v\u00eddeo de alta definici\u00f3n en l\u00ednea.<\/p>\n<p>Especificaciones:<\/p>\n<ul>\n<li>Aislamiento: Espuma PE<\/li>\n<li>Color del aislamiento: Azul\/Blanco, Azul; Naranja\/Blanco, Naranja; Verde\/Blanco, Verde; Marr\u00f3n\/Blanco, Marr\u00f3n<\/li>\n<li>Trenzado: Trenzado 16\/5\/0.12 Aluminio Magnesio<\/li>\n<li>Cubierta: PVC<\/li>\n<li>Di\u00e1metro exterior: 602\u00b10,2 mm<\/li>\n<li>Conector 1: RJ45 Cat8 FTP<\/li>\n<li>Conector 1: RJ45 Cat8 FTP<\/li>\n<li>Comprobaci\u00f3n: Comprobador Fluke<\/li>\n<\/ul>\n<p>En resumen, con su excepcional apantallamiento, dise\u00f1o flexible y especificaciones de primer nivel, nuestro cable plenum Cat 8 es la elecci\u00f3n perfecta para conectar dispositivos en entornos con altos niveles de interferencias EMI\/RFI. El\u00edjanos para todas sus soluciones avanzadas de cable de red.<\/p>\n<h2>Descargar:<\/h2>\n<ul>\n<li>Ficha de datos del cable de conexi\u00f3n de 4 pares trenzado sin apantallar Cat8 S\/FTP 26 AWG<\/li>\n<\/ul>\n<h2>Informaci\u00f3n sobre pedidos:<\/h2>\n<p>FS17110B**-xxx: Cat8 S\/FTP blindado trenzado 4 pares patch cord<\/p>\n<ul>\n<li>**=color: GY=GREY, BK=BLACK, WT=WHITE, BU=BLUE, RD=RED, YL=YELLOW, OG=ORANGE, GN=GREEN<\/li>\n<li>xxx=Longitud: 003=0,3M, 005=0,5M, 010=1,0M, 018=1,8M, 030=3,0M, 050=5,0M, 075=7,5M, 100=10M, 200=20M, 300=30M<\/li>\n<li>Por ejemplo: FS17110BBU-018= Cat8 S\/FTP blindado trenzado 4 pares patch cord, color Azul, 1.8M Longitud<\/li>\n<\/ul>","protected":false},"excerpt":{"rendered":"<p>Experimente un rendimiento inigualable con este cable plenum SSTP\/SFTP RJ45 blindado de cat. 8, la soluci\u00f3n definitiva para sus demandas de red de alta velocidad.<\/p>","protected":false},"featured_media":16698,"template":"","meta":{"_acf_changed":false,"_seopress_robots_primary_cat":"","_seopress_titles_title":"SSTP\/SFTP RJ45 Shield Cat 8 Plenum Cable - Farsince","_seopress_titles_desc":"","_seopress_robots_index":"","site-sidebar-layout":"default","site-content-layout":"default","ast-site-content-layout":"default","site-content-style":"default","site-sidebar-style":"default","ast-global-header-display":"","ast-banner-title-visibility":"","ast-main-header-display":"","ast-hfb-above-header-display":"","ast-hfb-below-header-display":"","ast-hfb-mobile-header-display":"","site-post-title":"","ast-breadcrumbs-content":"","ast-featured-img":"","footer-sml-layout":"","ast-disable-related-posts":"","theme-transparent-header-meta":"default","adv-header-id-meta":"","stick-header-meta":"","header-above-stick-meta":"","header-main-stick-meta":"","header-below-stick-meta":"","astra-migrate-meta-layouts":"default","ast-page-background-enabled":"default","ast-page-background-meta":{"desktop":{"background-color":"","background-image":"","background-repeat":"repeat","background-position":"center center","background-size":"auto","background-attachment":"scroll","background-type":"","background-media":"","overlay-type":"","overlay-color":"","overlay-opacity":"","overlay-gradient":""},"tablet":{"background-color":"","background-image":"","background-repeat":"repeat","background-position":"center center","background-size":"auto","background-attachment":"scroll","background-type":"","background-media":"","overlay-type":"","overlay-color":"","overlay-opacity":"","overlay-gradient":""},"mobile":{"background-color":"","background-image":"","background-repeat":"repeat","background-position":"center center","background-size":"auto","background-attachment":"scroll","background-type":"","background-media":"","overlay-type":"","overlay-color":"","overlay-opacity":"","overlay-gradient":""}},"ast-content-background-meta":{"desktop":{"background-color":"var(--ast-global-color-5)","background-image":"","background-repeat":"repeat","background-position":"center center","background-size":"auto","background-attachment":"scroll","background-type":"","background-media":"","overlay-type":"","overlay-color":"","overlay-opacity":"","overlay-gradient":""},"tablet":{"background-color":"var(--ast-global-color-5)","background-image":"","background-repeat":"repeat","background-position":"center center","background-size":"auto","background-attachment":"scroll","background-type":"","background-media":"","overlay-type":"","overlay-color":"","overlay-opacity":"","overlay-gradient":""},"mobile":{"background-color":"var(--ast-global-color-5)","background-image":"","background-repeat":"repeat","background-position":"center center","background-size":"auto","background-attachment":"scroll","background-type":"","background-media":"","overlay-type":"","overlay-color":"","overlay-opacity":"","overlay-gradient":""}},"iawp_total_views":33},"product_brand":[],"product_cat":[631,209],"product_tag":[],"class_list":{"0":"post-15190","1":"product","2":"type-product","3":"status-publish","4":"has-post-thumbnail","6":"product_cat-patch-cables","7":"product_cat-ethernet-cable","8":"desktop-align-left","9":"tablet-align-left","10":"mobile-align-left","12":"first","13":"instock","14":"shipping-taxable","15":"purchasable","16":"product-type-simple"},"acf":[],"_links":{"self":[{"href":"https:\/\/www.fjpremium.com\/es\/wp-json\/wp\/v2\/product\/15190","targetHints":{"allow":["GET"]}}],"collection":[{"href":"https:\/\/www.fjpremium.com\/es\/wp-json\/wp\/v2\/product"}],"about":[{"href":"https:\/\/www.fjpremium.com\/es\/wp-json\/wp\/v2\/types\/product"}],"wp:featuredmedia":[{"embeddable":true,"href":"https:\/\/www.fjpremium.com\/es\/wp-json\/wp\/v2\/media\/16698"}],"wp:attachment":[{"href":"https:\/\/www.fjpremium.com\/es\/wp-json\/wp\/v2\/media?parent=15190"}],"wp:term":[{"taxonomy":"product_brand","embeddable":true,"href":"https:\/\/www.fjpremium.com\/es\/wp-json\/wp\/v2\/product_brand?post=15190"},{"taxonomy":"product_cat","embeddable":true,"href":"https:\/\/www.fjpremium.com\/es\/wp-json\/wp\/v2\/product_cat?post=15190"},{"taxonomy":"product_tag","embeddable":true,"href":"https:\/\/www.fjpremium.com\/es\/wp-json\/wp\/v2\/product_tag?post=15190"}],"curies":[{"name":"wp","href":"https:\/\/api.w.org\/{rel}","templated":true}]}}