{"id":15188,"date":"2020-05-29T13:52:25","date_gmt":"2020-05-29T05:52:25","guid":{"rendered":"https:\/\/www.fjpremium.com\/?post_type=product&#038;p=15188"},"modified":"2023-12-14T13:56:49","modified_gmt":"2023-12-14T05:56:49","slug":"ultra-thin-cat7-s-ftp-flat-shielded-twisted-4-pairs-patch-cord","status":"publish","type":"product","link":"https:\/\/www.fjpremium.com\/es\/product\/ultra-thin-cat7-s-ftp-flat-shielded-twisted-4-pairs-patch-cord\/","title":{"rendered":"F\/FTP Escudo RJ45 Cable de red plano Cat7"},"content":{"rendered":"<p>Este cable de red plano est\u00e1 dise\u00f1ado para Gigabit Ethernet 10 GBase-T, lo que garantiza una transferencia de datos r\u00e1pida y eficaz para aplicaciones de servidor, computaci\u00f3n en la nube, videovigilancia y transmisi\u00f3n de v\u00eddeo de alta definici\u00f3n en l\u00ednea.<\/p>\n<p>Cuenta con una construcci\u00f3n totalmente blindada Cat7 F\/FTP, con cada par blindado individualmente por papel de aluminio para proporcionar una protecci\u00f3n excepcional contra el ruido EMI\/RFI y las interferencias electromagn\u00e9ticas.<\/p>\n<p>El dise\u00f1o de cable trenzado garantiza la m\u00e1xima flexibilidad, mientras que el dise\u00f1o plano ayuda a evitar los cables enredados y ahorra espacio.<\/p>\n<p>Adem\u00e1s, cumple o supera las especificaciones TIA\/EIA-568-C.2 e ISO\/IEC 11801, lo que garantiza un excelente rendimiento de transmisi\u00f3n y bajas p\u00e9rdidas de se\u00f1al.<\/p>\n<p>Ideal para los requisitos arquitect\u00f3nicos de los centros de datos, nuestro cable de red plano ofrece una instalaci\u00f3n sencilla en espacios reducidos gracias a su dise\u00f1o plano.<\/p>\n<p>Los conectores presentan contactos chapados en oro y carcasas niqueladas para una mayor durabilidad y una conexi\u00f3n segura.<\/p>\n<p>Adem\u00e1s, los conductores de cobre desnudo mejoran el rendimiento del cable y cumplen las especificaciones de los cables de comunicaci\u00f3n.<\/p>\n<p>Disponibles en varios colores y longitudes, estos cables cumplen las normas ROHS y REACH.<\/p>\n<p>Sus especificaciones:<\/p>\n<ul>\n<li>Alambre Gague: 32AWG 7\/0,08\u00b10,008mm<\/li>\n<li>Aislamiento: Espuma PE<\/li>\n<li>Color del aislamiento: Azul\/Blanco, Azul; Naranja\/Blanco, Naranja; Verde\/Blanco, Verde; Marr\u00f3n\/Blanco, Marr\u00f3n<\/li>\n<li>Blindaje: Papel de aluminio<\/li>\n<li>Blindaje general: Papel de aluminio<\/li>\n<li>Drenaje: 32AWG 7\/0,08\u00b10,008mm o 30AWG 7\/0,10\u00b10,008mm<\/li>\n<li>Cubierta: PVC<\/li>\n<li>Di\u00e1metro exterior: (6,0\u00b10,2mm)(1,9\u00b10,15mm) o (8,5\u00b10,2mm)(2,8\u00b10,15mm)<\/li>\n<li>Conector 1: RJ45 Cat7 FTP<\/li>\n<li>Conector 1: RJ45 Cat7 FTP<\/li>\n<li>Comprobaci\u00f3n: Comprobador Fluke<\/li>\n<\/ul>\n<p>As\u00ed, con su dise\u00f1o plano, construcci\u00f3n flexible y blindaje excepcional, nuestro cable de red plano es ideal para conectar sus dispositivos en entornos ruidosos y propensos a EMI\/RFI. Conf\u00ede en nosotros para todas sus necesidades de cable de red de alta velocidad.<\/p>\n<h2>Descargar:<\/h2>\n<ul>\n<li>Hoja de datos del cable de conexi\u00f3n plano F\/FTP Cat7 ultrafino<\/li>\n<\/ul>\n<h2>Informaci\u00f3n sobre pedidos:<\/h2>\n<p>FS17109F**-xxx: Cable de conexi\u00f3n plano Cat7 F\/FTP ultrafino<\/p>\n<ul>\n<li>**=color: GY=GREY, BK=BLACK, WT=WHITE, BU=BLUE, RD=RED, YL=YELLOW, OG=ORANGE, GN=GREEN<\/li>\n<li>xxx=Longitud: 003=0,3M, 005=0,5M, 010=1,0M, 018=1,8M, 030=3,0M, 050=5,0M, 075=7,5M, 100=10M, 200=20M, 300=30M, 400=40M, 500=50M<\/li>\n<li>Por ejemplo: FS17109FBU-018=Cable de conexi\u00f3n plano Cat7 F\/FTP ultra fino, color Azul, 1.8M Longitud<\/li>\n<\/ul>","protected":false},"excerpt":{"rendered":"<p>Presentamos nuestro cable de red plano F\/FTP RJ45 blindado cat7, una soluci\u00f3n perfecta para crear conexiones fiables y de alta velocidad en entornos ruidosos EMI\/RFI.<\/p>","protected":false},"featured_media":16680,"template":"","meta":{"_acf_changed":false,"_seopress_robots_primary_cat":"","_seopress_titles_title":"F\/FTP RJ45 Shield Cat7 Flat Network Cable - Farsince","_seopress_titles_desc":"","_seopress_robots_index":"","site-sidebar-layout":"default","site-content-layout":"default","ast-site-content-layout":"default","site-content-style":"default","site-sidebar-style":"default","ast-global-header-display":"","ast-banner-title-visibility":"","ast-main-header-display":"","ast-hfb-above-header-display":"","ast-hfb-below-header-display":"","ast-hfb-mobile-header-display":"","site-post-title":"","ast-breadcrumbs-content":"","ast-featured-img":"","footer-sml-layout":"","ast-disable-related-posts":"","theme-transparent-header-meta":"default","adv-header-id-meta":"","stick-header-meta":"","header-above-stick-meta":"","header-main-stick-meta":"","header-below-stick-meta":"","astra-migrate-meta-layouts":"default","ast-page-background-enabled":"default","ast-page-background-meta":{"desktop":{"background-color":"","background-image":"","background-repeat":"repeat","background-position":"center center","background-size":"auto","background-attachment":"scroll","background-type":"","background-media":"","overlay-type":"","overlay-color":"","overlay-opacity":"","overlay-gradient":""},"tablet":{"background-color":"","background-image":"","background-repeat":"repeat","background-position":"center center","background-size":"auto","background-attachment":"scroll","background-type":"","background-media":"","overlay-type":"","overlay-color":"","overlay-opacity":"","overlay-gradient":""},"mobile":{"background-color":"","background-image":"","background-repeat":"repeat","background-position":"center center","background-size":"auto","background-attachment":"scroll","background-type":"","background-media":"","overlay-type":"","overlay-color":"","overlay-opacity":"","overlay-gradient":""}},"ast-content-background-meta":{"desktop":{"background-color":"var(--ast-global-color-5)","background-image":"","background-repeat":"repeat","background-position":"center center","background-size":"auto","background-attachment":"scroll","background-type":"","background-media":"","overlay-type":"","overlay-color":"","overlay-opacity":"","overlay-gradient":""},"tablet":{"background-color":"var(--ast-global-color-5)","background-image":"","background-repeat":"repeat","background-position":"center center","background-size":"auto","background-attachment":"scroll","background-type":"","background-media":"","overlay-type":"","overlay-color":"","overlay-opacity":"","overlay-gradient":""},"mobile":{"background-color":"var(--ast-global-color-5)","background-image":"","background-repeat":"repeat","background-position":"center center","background-size":"auto","background-attachment":"scroll","background-type":"","background-media":"","overlay-type":"","overlay-color":"","overlay-opacity":"","overlay-gradient":""}},"iawp_total_views":20},"product_brand":[],"product_cat":[631,209],"product_tag":[],"class_list":{"0":"post-15188","1":"product","2":"type-product","3":"status-publish","4":"has-post-thumbnail","6":"product_cat-patch-cables","7":"product_cat-ethernet-cable","8":"desktop-align-left","9":"tablet-align-left","10":"mobile-align-left","12":"first","13":"instock","14":"shipping-taxable","15":"purchasable","16":"product-type-simple"},"acf":[],"_links":{"self":[{"href":"https:\/\/www.fjpremium.com\/es\/wp-json\/wp\/v2\/product\/15188","targetHints":{"allow":["GET"]}}],"collection":[{"href":"https:\/\/www.fjpremium.com\/es\/wp-json\/wp\/v2\/product"}],"about":[{"href":"https:\/\/www.fjpremium.com\/es\/wp-json\/wp\/v2\/types\/product"}],"wp:featuredmedia":[{"embeddable":true,"href":"https:\/\/www.fjpremium.com\/es\/wp-json\/wp\/v2\/media\/16680"}],"wp:attachment":[{"href":"https:\/\/www.fjpremium.com\/es\/wp-json\/wp\/v2\/media?parent=15188"}],"wp:term":[{"taxonomy":"product_brand","embeddable":true,"href":"https:\/\/www.fjpremium.com\/es\/wp-json\/wp\/v2\/product_brand?post=15188"},{"taxonomy":"product_cat","embeddable":true,"href":"https:\/\/www.fjpremium.com\/es\/wp-json\/wp\/v2\/product_cat?post=15188"},{"taxonomy":"product_tag","embeddable":true,"href":"https:\/\/www.fjpremium.com\/es\/wp-json\/wp\/v2\/product_tag?post=15188"}],"curies":[{"name":"wp","href":"https:\/\/api.w.org\/{rel}","templated":true}]}}