{"id":15187,"date":"2020-05-29T13:52:23","date_gmt":"2020-05-29T05:52:23","guid":{"rendered":"https:\/\/www.fjpremium.com\/?post_type=product&#038;p=15187"},"modified":"2023-12-14T13:56:50","modified_gmt":"2023-12-14T05:56:50","slug":"cat7-s-ftp-shielded-twisted-4-pairs-patch-cable","status":"publish","type":"product","link":"https:\/\/www.fjpremium.com\/es\/product\/cat7-s-ftp-shielded-twisted-4-pairs-patch-cable\/","title":{"rendered":"Cat 7 Cable Ethernet Conector RJ45 Cat7 SFTP Cable de red"},"content":{"rendered":"<p>Dise\u00f1ado para la transmisi\u00f3n de datos a alta velocidad, nuestro cable Ethernet Cat 7 es ideal para establecer conexiones de red en entornos con mucha EMI\/RFI, como oficinas u hogares equipados con muchos dispositivos electr\u00f3nicos.<\/p>\n<p>Es compatible con Gigabit Ethernet 10GBase-T, lo que permite una transferencia de datos r\u00e1pida y eficaz.<\/p>\n<p>Su dise\u00f1o de doble apantallamiento completo, con cada par apantallado individualmente con papel de aluminio, garantiza una protecci\u00f3n superior contra las interferencias electromagn\u00e9ticas, asegurando un rendimiento \u00f3ptimo de atenuaci\u00f3n y diafon\u00eda.<\/p>\n<p>Adem\u00e1s, se ha dise\u00f1ado para cumplir o superar las prestaciones de la Categor\u00eda 7 conforme a las especificaciones TIA\/EIA-568-C.2 e ISO\/IEC 11801.<\/p>\n<p>Los conductores de cobre desnudo de nuestro cable Ethernet Cat 7 mejoran el rendimiento y garantizan el cumplimiento de las especificaciones de los cables de comunicaci\u00f3n.<\/p>\n<p>Su dise\u00f1o flexible y duradero, unido a un gran ancho de banda de hasta 600 MHz, garantiza una transferencia de datos de alta velocidad para diversas aplicaciones de servidor, como computaci\u00f3n en la nube, videovigilancia y transmisi\u00f3n de v\u00eddeo de alta definici\u00f3n en l\u00ednea.<\/p>\n<p>Los contactos chapados en oro de este cable y la carcasa niquelada de los conectores FTP RJ45 Cat7 proporcionan una resistencia adicional contra la corrosi\u00f3n, lo que garantiza una larga durabilidad y conexiones seguras.<\/p>\n<p>Las fundas moldeadas de alivio de tensi\u00f3n y los moldes sin enganches tambi\u00e9n contribuyen a la robustez del cable.<\/p>\n<p>Adem\u00e1s, nuestro cable Ethernet Cat 7 est\u00e1 disponible en distintas longitudes y colores, por lo que le resultar\u00e1 f\u00e1cil encontrar el que mejor se adapte a sus necesidades de red.<\/p>\n<p>Y cumple las normas ROHS y REACH, lo que subraya el compromiso de Farsince con las normas de seguridad medioambiental y sanitaria.<\/p>\n<p>Sus especificaciones:<\/p>\n<ul>\n<li>Hilo conductor: 26AWG 7\/0.16\u00b10.015mm<\/li>\n<li>Aislamiento: Espuma PE<\/li>\n<li>Color del aislamiento: Azul\/Blanco, Azul; Naranja\/Blanco, Naranja; Verde\/Blanco, Verde; Marr\u00f3n\/Blanco, Marr\u00f3n<\/li>\n<li>Trenzado: Trenzado 16\/5\/0.12 Aluminio Magnesio<\/li>\n<li>Cable de drenaje: 26AWG 7\/0.16 \u00b10.015mm<\/li>\n<li>Cubierta: PVC<\/li>\n<li>Di\u00e1metro exterior: 6,2\u00b10,2 mm<\/li>\n<li>Comprobaci\u00f3n: Comprobador Fluke<\/li>\n<\/ul>\n<p>En conclusi\u00f3n, este producto ofrece conexiones de red fiables y de alta velocidad, lo que lo convierte en la elecci\u00f3n perfecta tanto para uso dom\u00e9stico como de oficina. Su dise\u00f1o superior y construcci\u00f3n duradera garantizan que satisfar\u00e1 las demandas de cualquier entorno con EMI\/RFI.<\/p>\n<h2>Descargar:<\/h2>\n<ul>\n<li>Ficha de datos del cable de conexi\u00f3n de 4 pares trenzado sin apantallar Cat7 S\/FTP<\/li>\n<\/ul>\n<h2>Informaci\u00f3n sobre pedidos:<\/h2>\n<p>FS17109**-xxx: Cable de conexi\u00f3n de 4 pares trenzado apantallado Cat7 S\/FTP<\/p>\n<ul>\n<li>**=color: GY=GREY, BK=BLACK, WT=WHITE, BU=BLUE, RD=RED, YL=YELLOW, OG=ORANGE, GN=GREEN<\/li>\n<li>xxx=Longitud: 003=0,3M, 005=0,5M, 010=1,0M, 018=1,8M, 030=3,0M, 050=5,0M, 075=7,5M, 100=10M, 200=20M, 300=30M, 400=40M, 500=50M<\/li>\n<li>Por ejemplo: FS17109BU-018= Cat7 S\/FTP blindado trenzado 4 pares patch cord, color Azul, 1.8M Longitud<\/li>\n<\/ul>","protected":false},"excerpt":{"rendered":"<p>Mejore la conectividad de su red con este cable Ethernet Cat 7 de alto rendimiento con conector RJ45.<\/p>","protected":false},"featured_media":16674,"template":"","meta":{"_acf_changed":false,"_seopress_robots_primary_cat":"","_seopress_titles_title":"Cat 7 Ethernet Cable RJ45 Connector - Farsince","_seopress_titles_desc":"","_seopress_robots_index":"","site-sidebar-layout":"default","site-content-layout":"default","ast-site-content-layout":"default","site-content-style":"default","site-sidebar-style":"default","ast-global-header-display":"","ast-banner-title-visibility":"","ast-main-header-display":"","ast-hfb-above-header-display":"","ast-hfb-below-header-display":"","ast-hfb-mobile-header-display":"","site-post-title":"","ast-breadcrumbs-content":"","ast-featured-img":"","footer-sml-layout":"","ast-disable-related-posts":"","theme-transparent-header-meta":"default","adv-header-id-meta":"","stick-header-meta":"","header-above-stick-meta":"","header-main-stick-meta":"","header-below-stick-meta":"","astra-migrate-meta-layouts":"default","ast-page-background-enabled":"default","ast-page-background-meta":{"desktop":{"background-color":"","background-image":"","background-repeat":"repeat","background-position":"center center","background-size":"auto","background-attachment":"scroll","background-type":"","background-media":"","overlay-type":"","overlay-color":"","overlay-opacity":"","overlay-gradient":""},"tablet":{"background-color":"","background-image":"","background-repeat":"repeat","background-position":"center center","background-size":"auto","background-attachment":"scroll","background-type":"","background-media":"","overlay-type":"","overlay-color":"","overlay-opacity":"","overlay-gradient":""},"mobile":{"background-color":"","background-image":"","background-repeat":"repeat","background-position":"center center","background-size":"auto","background-attachment":"scroll","background-type":"","background-media":"","overlay-type":"","overlay-color":"","overlay-opacity":"","overlay-gradient":""}},"ast-content-background-meta":{"desktop":{"background-color":"var(--ast-global-color-5)","background-image":"","background-repeat":"repeat","background-position":"center center","background-size":"auto","background-attachment":"scroll","background-type":"","background-media":"","overlay-type":"","overlay-color":"","overlay-opacity":"","overlay-gradient":""},"tablet":{"background-color":"var(--ast-global-color-5)","background-image":"","background-repeat":"repeat","background-position":"center center","background-size":"auto","background-attachment":"scroll","background-type":"","background-media":"","overlay-type":"","overlay-color":"","overlay-opacity":"","overlay-gradient":""},"mobile":{"background-color":"var(--ast-global-color-5)","background-image":"","background-repeat":"repeat","background-position":"center center","background-size":"auto","background-attachment":"scroll","background-type":"","background-media":"","overlay-type":"","overlay-color":"","overlay-opacity":"","overlay-gradient":""}},"iawp_total_views":10},"product_brand":[],"product_cat":[631,209],"product_tag":[],"class_list":{"0":"post-15187","1":"product","2":"type-product","3":"status-publish","4":"has-post-thumbnail","6":"product_cat-patch-cables","7":"product_cat-ethernet-cable","8":"desktop-align-left","9":"tablet-align-left","10":"mobile-align-left","12":"first","13":"instock","14":"shipping-taxable","15":"purchasable","16":"product-type-simple"},"acf":[],"_links":{"self":[{"href":"https:\/\/www.fjpremium.com\/es\/wp-json\/wp\/v2\/product\/15187","targetHints":{"allow":["GET"]}}],"collection":[{"href":"https:\/\/www.fjpremium.com\/es\/wp-json\/wp\/v2\/product"}],"about":[{"href":"https:\/\/www.fjpremium.com\/es\/wp-json\/wp\/v2\/types\/product"}],"wp:featuredmedia":[{"embeddable":true,"href":"https:\/\/www.fjpremium.com\/es\/wp-json\/wp\/v2\/media\/16674"}],"wp:attachment":[{"href":"https:\/\/www.fjpremium.com\/es\/wp-json\/wp\/v2\/media?parent=15187"}],"wp:term":[{"taxonomy":"product_brand","embeddable":true,"href":"https:\/\/www.fjpremium.com\/es\/wp-json\/wp\/v2\/product_brand?post=15187"},{"taxonomy":"product_cat","embeddable":true,"href":"https:\/\/www.fjpremium.com\/es\/wp-json\/wp\/v2\/product_cat?post=15187"},{"taxonomy":"product_tag","embeddable":true,"href":"https:\/\/www.fjpremium.com\/es\/wp-json\/wp\/v2\/product_tag?post=15187"}],"curies":[{"name":"wp","href":"https:\/\/api.w.org\/{rel}","templated":true}]}}