{"id":15185,"date":"2020-05-29T13:52:20","date_gmt":"2020-05-29T05:52:20","guid":{"rendered":"https:\/\/www.fjpremium.com\/?post_type=product&#038;p=15185"},"modified":"2023-12-14T13:56:51","modified_gmt":"2023-12-14T05:56:51","slug":"cat6a-s-ftp-shielded-twisted-4-pairs-patch-cable","status":"publish","type":"product","link":"https:\/\/www.fjpremium.com\/es\/product\/cat6a-s-ftp-shielded-twisted-4-pairs-patch-cable\/","title":{"rendered":"Slim Cat6 Cat6A Cable Ethernet UTP RJ45 Cable de red"},"content":{"rendered":"<p>Optimizado para Gigabit Ethernet 1000 Base-T, nuestro cable Ethernet Cat6A cumple o supera las prestaciones de la Categor\u00eda 6\/6A conforme a las especificaciones TIA\/EIA-568-C.2 e ISO\/IEC 11801.<\/p>\n<p>Est\u00e1 fabricado con conductores de cobre desnudo trenzado 28AWG de alta calidad, lo que garantiza un rendimiento superior del cable y el cumplimiento de las estrictas normas de comunicaciones.<\/p>\n<p>Y su dise\u00f1o delgado no s\u00f3lo garantiza una instalaci\u00f3n y flexibilidad sencillas, sino que tambi\u00e9n favorece un mejor flujo de aire en espacios reducidos, lo que lo convierte en la soluci\u00f3n perfecta para centros de datos densamente poblados.<\/p>\n<p>Una de las principales caracter\u00edsticas de este cable es su conectividad vers\u00e1til.<\/p>\n<p>Es perfecto para conectar diversos componentes de red LAN, como PC, servidores inform\u00e1ticos, impresoras, routers, cajas de conmutaci\u00f3n, reproductores multimedia en red, NAS, tel\u00e9fonos VOIP y dispositivos POE.<\/p>\n<p>Su gran ancho de banda de hasta 250 MHz y 500 MHz garantiza una transferencia de datos de alta velocidad para aplicaciones de servidor, computaci\u00f3n en la nube, videovigilancia y transmisi\u00f3n de v\u00eddeo de alta definici\u00f3n en l\u00ednea.<\/p>\n<p>Nuestro cable Ethernet Cat6A incluye conectores RJ45 con contactos chapados en oro para una conductividad \u00f3ptima de la se\u00f1al.<\/p>\n<p>Los conectores tambi\u00e9n tienen fundas moldeadas de alivio de tensi\u00f3n y moldes sin enganches que resisten la corrosi\u00f3n, proporcionan durabilidad y garantizan una conexi\u00f3n segura.<\/p>\n<p>Adem\u00e1s, el cable est\u00e1 disponible en diferentes colores y longitudes, lo que le permite elegir el que mejor se adapte a sus necesidades de red.<\/p>\n<p>Adem\u00e1s, este cable Ethernet Cat6A cumple las normas ROHS y REACH, lo que garantiza el respeto al medio ambiente y la seguridad.<\/p>\n<p>Cada cable se prueba rigurosamente con un comprobador Fluke para garantizar su rendimiento y calidad.<\/p>\n<p>Sus especificaciones:<\/p>\n<ul>\n<li>Hilo conductor: 28AWG 7\/0.12\u00b10.015mm<\/li>\n<li>Aislamiento: HDPE<\/li>\n<li>Color del aislamiento: Azul\/Blanco, Azul; Naranja\/Blanco, Naranja; Verde\/Blanco, Verde; Marr\u00f3n\/Blanco, Marr\u00f3n<\/li>\n<li>Blindaje: Ninguno<\/li>\n<li>Trenzado: Ninguno<\/li>\n<li>Cubierta: PVC<\/li>\n<li>Di\u00e1metro exterior: 3,8\u00b10,2 mm<\/li>\n<\/ul>\n<p>Por lo tanto, nuestro cable es ideal para buscar una conexi\u00f3n de red fiable, de alta velocidad y flexible en su hogar u oficina.<\/p>\n<h2>Descargar:<\/h2>\n<ul>\n<li>Hoja de datos del cable de conexi\u00f3n de 4 pares trenzado delgado sin apantallar Cat6\/6A U\/UTP 28AWG<\/li>\n<\/ul>\n<h2>Informaci\u00f3n sobre pedidos:<\/h2>\n<p>FS17107-C6**-xxx: Cable de conexi\u00f3n Cat6 U\/UTP delgado sin apantallar trenzado de 4 pares<\/p>\n<p>FS17107-C6A**-xxx: Cable de conexi\u00f3n Cat6a U\/UTP delgado sin apantallar trenzado de 4 pares<\/p>\n<ul>\n<li>**=color: GY=GREY, BK=BLACK, WT=WHITE, BU=BLUE, RD=RED, YL=YELLOW, OG=ORANGE, GN=GREEN<\/li>\n<li>xxx=Longitud: 003=0,3M, 005=0,5M, 010=1,0M, 018=1,8M, 030=3,0M, 050=5,0M, 075=7,5M, 100=10M, 200=20M, 300=30M, 400=40M, 500=50M<\/li>\n<li>Por ejemplo FS17107-C6BU-018= Cat6 U\/UTP patch cord delgado, color Azul, 1.8M Longitud<\/li>\n<\/ul>","protected":false},"excerpt":{"rendered":"<p>Dise\u00f1ado para conexiones fiables y de alta velocidad, presentamos este fino cable Ethernet Cat6A, ideal para configurar y mejorar sus redes dom\u00e9sticas o de oficina.<\/p>","protected":false},"featured_media":16655,"template":"","meta":{"_acf_changed":false,"_seopress_robots_primary_cat":"","_seopress_titles_title":"Slim Cat6 Cat6A Ethernet Cable - Farsince","_seopress_titles_desc":"","_seopress_robots_index":"","site-sidebar-layout":"default","site-content-layout":"default","ast-site-content-layout":"default","site-content-style":"default","site-sidebar-style":"default","ast-global-header-display":"","ast-banner-title-visibility":"","ast-main-header-display":"","ast-hfb-above-header-display":"","ast-hfb-below-header-display":"","ast-hfb-mobile-header-display":"","site-post-title":"","ast-breadcrumbs-content":"","ast-featured-img":"","footer-sml-layout":"","ast-disable-related-posts":"","theme-transparent-header-meta":"default","adv-header-id-meta":"","stick-header-meta":"","header-above-stick-meta":"","header-main-stick-meta":"","header-below-stick-meta":"","astra-migrate-meta-layouts":"default","ast-page-background-enabled":"default","ast-page-background-meta":{"desktop":{"background-color":"","background-image":"","background-repeat":"repeat","background-position":"center center","background-size":"auto","background-attachment":"scroll","background-type":"","background-media":"","overlay-type":"","overlay-color":"","overlay-opacity":"","overlay-gradient":""},"tablet":{"background-color":"","background-image":"","background-repeat":"repeat","background-position":"center center","background-size":"auto","background-attachment":"scroll","background-type":"","background-media":"","overlay-type":"","overlay-color":"","overlay-opacity":"","overlay-gradient":""},"mobile":{"background-color":"","background-image":"","background-repeat":"repeat","background-position":"center center","background-size":"auto","background-attachment":"scroll","background-type":"","background-media":"","overlay-type":"","overlay-color":"","overlay-opacity":"","overlay-gradient":""}},"ast-content-background-meta":{"desktop":{"background-color":"var(--ast-global-color-5)","background-image":"","background-repeat":"repeat","background-position":"center center","background-size":"auto","background-attachment":"scroll","background-type":"","background-media":"","overlay-type":"","overlay-color":"","overlay-opacity":"","overlay-gradient":""},"tablet":{"background-color":"var(--ast-global-color-5)","background-image":"","background-repeat":"repeat","background-position":"center center","background-size":"auto","background-attachment":"scroll","background-type":"","background-media":"","overlay-type":"","overlay-color":"","overlay-opacity":"","overlay-gradient":""},"mobile":{"background-color":"var(--ast-global-color-5)","background-image":"","background-repeat":"repeat","background-position":"center center","background-size":"auto","background-attachment":"scroll","background-type":"","background-media":"","overlay-type":"","overlay-color":"","overlay-opacity":"","overlay-gradient":""}},"iawp_total_views":17},"product_brand":[],"product_cat":[631,209],"product_tag":[],"class_list":{"0":"post-15185","1":"product","2":"type-product","3":"status-publish","4":"has-post-thumbnail","6":"product_cat-patch-cables","7":"product_cat-ethernet-cable","8":"desktop-align-left","9":"tablet-align-left","10":"mobile-align-left","12":"first","13":"instock","14":"shipping-taxable","15":"purchasable","16":"product-type-simple"},"acf":[],"_links":{"self":[{"href":"https:\/\/www.fjpremium.com\/es\/wp-json\/wp\/v2\/product\/15185","targetHints":{"allow":["GET"]}}],"collection":[{"href":"https:\/\/www.fjpremium.com\/es\/wp-json\/wp\/v2\/product"}],"about":[{"href":"https:\/\/www.fjpremium.com\/es\/wp-json\/wp\/v2\/types\/product"}],"wp:featuredmedia":[{"embeddable":true,"href":"https:\/\/www.fjpremium.com\/es\/wp-json\/wp\/v2\/media\/16655"}],"wp:attachment":[{"href":"https:\/\/www.fjpremium.com\/es\/wp-json\/wp\/v2\/media?parent=15185"}],"wp:term":[{"taxonomy":"product_brand","embeddable":true,"href":"https:\/\/www.fjpremium.com\/es\/wp-json\/wp\/v2\/product_brand?post=15185"},{"taxonomy":"product_cat","embeddable":true,"href":"https:\/\/www.fjpremium.com\/es\/wp-json\/wp\/v2\/product_cat?post=15185"},{"taxonomy":"product_tag","embeddable":true,"href":"https:\/\/www.fjpremium.com\/es\/wp-json\/wp\/v2\/product_tag?post=15185"}],"curies":[{"name":"wp","href":"https:\/\/api.w.org\/{rel}","templated":true}]}}