{"id":15159,"date":"2020-05-29T11:23:19","date_gmt":"2020-05-29T03:23:19","guid":{"rendered":"https:\/\/www.fjpremium.com\/?post_type=product&#038;p=15159"},"modified":"2023-12-14T13:56:52","modified_gmt":"2023-12-14T05:56:52","slug":"cat6-u-utp-28awg-slim-unshielded-twisted-4-pairs-patch-cable","status":"publish","type":"product","link":"https:\/\/www.fjpremium.com\/es\/product\/cat6-u-utp-28awg-slim-unshielded-twisted-4-pairs-patch-cable\/","title":{"rendered":"Conector RJ45 sin blindaje Cat6 UTP Ethernet Patch Cord Cable"},"content":{"rendered":"<p>Cree su red dom\u00e9stica o de oficina con confianza utilizando Gigabit Ethernet 1000 Base-T y disfrute de una experiencia de red sin interrupciones.<\/p>\n<p>Este cable de interconexi\u00f3n Cat6 sin apantallar cumple o supera las prestaciones de la Categor\u00eda 6 conforme a las especificaciones TIA\/EIA-568-C.2 e ISO\/IEC 11801.<\/p>\n<p>Sus conectores cuentan con contactos chapados en oro, fundas moldeadas de alivio de tensi\u00f3n y moldes sin enganches para resistir la corrosi\u00f3n, proporcionar durabilidad y garantizar una conexi\u00f3n segura.<\/p>\n<p>Adem\u00e1s, los conductores de cobre desnudo utilizados en este cable mejoran su rendimiento y cumplen las especificaciones de los cables de comunicaciones.<\/p>\n<p>Flexible y duradero, nuestro cable de conexi\u00f3n Cat6 sin apantallar cuenta con un gran ancho de banda de hasta 500 MHz, lo que garantiza una transferencia de datos de alta velocidad para aplicaciones de servidor, computaci\u00f3n en la nube, videovigilancia y transmisi\u00f3n de v\u00eddeo de alta definici\u00f3n en l\u00ednea.<\/p>\n<p>Y su construcci\u00f3n trenzada garantiza la m\u00e1xima flexibilidad y una instalaci\u00f3n sencilla.<\/p>\n<p>Adem\u00e1s, disponible en distintos colores y longitudes, el cable se adapta a sus necesidades espec\u00edficas.<\/p>\n<p>Adem\u00e1s, cumple las directivas RoHS y REACH, lo que la convierte en una opci\u00f3n ecol\u00f3gica para sus necesidades de red.<\/p>\n<p>Sus especificaciones:<\/p>\n<ul>\n<li>Calibre del cable: 30\/28\/26\/24AWG<\/li>\n<li>Aislamiento: HDPE<\/li>\n<li>Color del aislamiento: Azul\/Blanco, Azul; Naranja\/Blanco, Naranja; Verde\/Blanco, Verde; Marr\u00f3n\/Blanco, Marr\u00f3n<\/li>\n<li>Blindaje: Ninguno<\/li>\n<li>Trenzado: Ninguno<\/li>\n<li>Cubierta: PVC<\/li>\n<li>Di\u00e1metro exterior: 5,0\u00b10,2 mm<\/li>\n<li>Conector 1: RJ45 Cat6 UTP<\/li>\n<li>Conector 1: RJ45 Cat6 UTP<\/li>\n<li>Comprobaci\u00f3n: Comprobador Fluke<\/li>\n<\/ul>\n<p>En general, mejore su red hoy mismo con nuestro cable de conexi\u00f3n Cat6 sin apantallar y experimente la diferencia en velocidad y fiabilidad que puede ofrecer este cable de alta calidad.<\/p>\n<h2>Descargar:<\/h2>\n<ul>\n<li>Hoja de datos del cable de conexi\u00f3n Ethernet de 4 pares trenzado sin apantallar Cat6 U\/UTP<\/li>\n<\/ul>\n<h2>Informaci\u00f3n sobre pedidos:<\/h2>\n<p>FS17103**-xxx: Cable de conexi\u00f3n de red Cat6 U\/UTP<\/p>\n<ul>\n<li>**=color: GY=GREY, BK=BLACK, WT=WHITE, BU=BLUE, RD=RED, YL=YELLOW, OG=ORANGE, GN=GREEN<\/li>\n<li>xxx=Longitud: 003=0,3M, 005=0,5M, 010=1,0M, 018=1,8M, 030=3,0M, 050=5,0M, 075=7,5M, 100=10M, 200=20M, 300=30M, 400=40M, 500=50M<\/li>\n<li>Por ejemplo: FS17103BU-018= Cat6 U\/UTP ethernet patch cord, color Azul, 1.8M Longitud<\/li>\n<\/ul>","protected":false},"excerpt":{"rendered":"<p>Mejore la conectividad de su red LAN con nuestro cable de conexi\u00f3n Ethernet UTP Cat6 sin apantallar, la soluci\u00f3n ideal para conectar muchos componentes de red LAN.<\/p>","protected":false},"featured_media":16644,"template":"","meta":{"_acf_changed":false,"_seopress_robots_primary_cat":"","_seopress_titles_title":"Unshielded Cat6 UTP Ethernet Patch Cord Cable - Farsince","_seopress_titles_desc":"","_seopress_robots_index":"","site-sidebar-layout":"default","site-content-layout":"default","ast-site-content-layout":"default","site-content-style":"default","site-sidebar-style":"default","ast-global-header-display":"","ast-banner-title-visibility":"","ast-main-header-display":"","ast-hfb-above-header-display":"","ast-hfb-below-header-display":"","ast-hfb-mobile-header-display":"","site-post-title":"","ast-breadcrumbs-content":"","ast-featured-img":"","footer-sml-layout":"","ast-disable-related-posts":"","theme-transparent-header-meta":"default","adv-header-id-meta":"","stick-header-meta":"","header-above-stick-meta":"","header-main-stick-meta":"","header-below-stick-meta":"","astra-migrate-meta-layouts":"default","ast-page-background-enabled":"default","ast-page-background-meta":{"desktop":{"background-color":"","background-image":"","background-repeat":"repeat","background-position":"center center","background-size":"auto","background-attachment":"scroll","background-type":"","background-media":"","overlay-type":"","overlay-color":"","overlay-opacity":"","overlay-gradient":""},"tablet":{"background-color":"","background-image":"","background-repeat":"repeat","background-position":"center center","background-size":"auto","background-attachment":"scroll","background-type":"","background-media":"","overlay-type":"","overlay-color":"","overlay-opacity":"","overlay-gradient":""},"mobile":{"background-color":"","background-image":"","background-repeat":"repeat","background-position":"center center","background-size":"auto","background-attachment":"scroll","background-type":"","background-media":"","overlay-type":"","overlay-color":"","overlay-opacity":"","overlay-gradient":""}},"ast-content-background-meta":{"desktop":{"background-color":"var(--ast-global-color-5)","background-image":"","background-repeat":"repeat","background-position":"center center","background-size":"auto","background-attachment":"scroll","background-type":"","background-media":"","overlay-type":"","overlay-color":"","overlay-opacity":"","overlay-gradient":""},"tablet":{"background-color":"var(--ast-global-color-5)","background-image":"","background-repeat":"repeat","background-position":"center center","background-size":"auto","background-attachment":"scroll","background-type":"","background-media":"","overlay-type":"","overlay-color":"","overlay-opacity":"","overlay-gradient":""},"mobile":{"background-color":"var(--ast-global-color-5)","background-image":"","background-repeat":"repeat","background-position":"center center","background-size":"auto","background-attachment":"scroll","background-type":"","background-media":"","overlay-type":"","overlay-color":"","overlay-opacity":"","overlay-gradient":""}},"iawp_total_views":4},"product_brand":[],"product_cat":[631,209],"product_tag":[],"class_list":{"0":"post-15159","1":"product","2":"type-product","3":"status-publish","4":"has-post-thumbnail","6":"product_cat-patch-cables","7":"product_cat-ethernet-cable","8":"desktop-align-left","9":"tablet-align-left","10":"mobile-align-left","12":"first","13":"instock","14":"shipping-taxable","15":"purchasable","16":"product-type-simple"},"acf":[],"_links":{"self":[{"href":"https:\/\/www.fjpremium.com\/es\/wp-json\/wp\/v2\/product\/15159","targetHints":{"allow":["GET"]}}],"collection":[{"href":"https:\/\/www.fjpremium.com\/es\/wp-json\/wp\/v2\/product"}],"about":[{"href":"https:\/\/www.fjpremium.com\/es\/wp-json\/wp\/v2\/types\/product"}],"wp:featuredmedia":[{"embeddable":true,"href":"https:\/\/www.fjpremium.com\/es\/wp-json\/wp\/v2\/media\/16644"}],"wp:attachment":[{"href":"https:\/\/www.fjpremium.com\/es\/wp-json\/wp\/v2\/media?parent=15159"}],"wp:term":[{"taxonomy":"product_brand","embeddable":true,"href":"https:\/\/www.fjpremium.com\/es\/wp-json\/wp\/v2\/product_brand?post=15159"},{"taxonomy":"product_cat","embeddable":true,"href":"https:\/\/www.fjpremium.com\/es\/wp-json\/wp\/v2\/product_cat?post=15159"},{"taxonomy":"product_tag","embeddable":true,"href":"https:\/\/www.fjpremium.com\/es\/wp-json\/wp\/v2\/product_tag?post=15159"}],"curies":[{"name":"wp","href":"https:\/\/api.w.org\/{rel}","templated":true}]}}