{"id":15125,"date":"2020-05-29T11:09:19","date_gmt":"2020-05-29T03:09:19","guid":{"rendered":"https:\/\/www.fjpremium.com\/?post_type=product&#038;p=15125"},"modified":"2023-12-14T13:55:54","modified_gmt":"2023-12-14T05:55:54","slug":"cat-8-s-ftp-shielded-and-foiled-ethernet-installation-cable-40gbase-t2000mhz","status":"publish","type":"product","link":"https:\/\/www.fjpremium.com\/es\/product\/cat-8-s-ftp-shielded-and-foiled-ethernet-installation-cable-40gbase-t2000mhz\/","title":{"rendered":"S\/FTP Cable Ethernet Cat. 8 apantallado y recubierto - 40GBASE-T\/2000MHz"},"content":{"rendered":"<p>Nuestro cable Ethernet Cat 8 est\u00e1 dise\u00f1ado para proporcionar una red de datos 40G a distancias de hasta 30 metros, lo que supone cuatro veces la velocidad de la mayor\u00eda de los centros de datos Cat6A actuales.<\/p>\n<p>Dispone de cuatro pares blindados individualmente de conductores de cobre desnudo macizo de calibre 22, que ayudan a repeler las interferencias electromagn\u00e9ticas (EMI) en entornos el\u00e9ctricamente ruidosos.<\/p>\n<p>Un apantallamiento general de cobre esta\u00f1ado trenzado a\u00f1ade protecci\u00f3n adicional al cable.<\/p>\n<p>Adem\u00e1s, est\u00e1 enfundado en una funda LSZH y tiene marcas secuenciales de pies o metros, lo que facilita determinar cu\u00e1nto cable queda en la bobina.<\/p>\n<p>Este cable Ethernet Cat 8 viene con su construcci\u00f3n S\/FTP, conductores de cobre s\u00f3lido sin ox\u00edgeno de 0,64 mm 22AWG y aislamiento de piel-espuma.<\/p>\n<p>Y su di\u00e1metro exterior mide 8,4 \u00b1 0,2 mm.<\/p>\n<p>Adem\u00e1s, nuestro cable Ethernet Cat 8 est\u00e1 disponible en varias opciones de color y ha sido probado por Fluke y Network Analyzer para garantizar un rendimiento \u00f3ptimo.<\/p>\n<p>Tambi\u00e9n cumple las normas RoHS y REACH, tiene certificaci\u00f3n CPR Eca y Dca y se adhiere a normas internacionales como ISO\/IEC 11801-1, EN 50173-1 e IEC 61156-9.<\/p>\n<p>En general, actualice su red con nuestro cable y disfrute de una transferencia de datos ultrarr\u00e1pida y una fiabilidad excepcional para todas sus necesidades de red de alto rendimiento.<\/p>\n<h2>Descargar:<\/h2>\n<ul>\n<li>Ficha de datos del cable de instalaci\u00f3n en red a granel Cat8 S\/FTP<\/li>\n<\/ul>\n<h2>Informaci\u00f3n sobre pedidos:<\/h2>\n<ul>\n<li>FS17010-C: PVC<\/li>\n<li>FS17010-L: LSZH<\/li>\n<li>FS17010-M: Clasificaci\u00f3n CM<\/li>\n<li>FS17010-R: Elevador CMR<\/li>\n<li>FS17010-P: Plenum CMP<\/li>\n<li>FS17010-E: PE para exterior<\/li>\n<\/ul>","protected":false},"excerpt":{"rendered":"<p>Descubra este cable Ethernet S\/FTP apantallado y con cubierta de Cat 8, la soluci\u00f3n ideal para grandes instalaciones de redes de datos y centros de datos de alto rendimiento.<\/p>","protected":false},"featured_media":15151,"template":"","meta":{"_acf_changed":false,"_seopress_robots_primary_cat":"","_seopress_titles_title":"S\/FTP Shielded and Foiled Cat 8 Ethernet Cable - Farsince","_seopress_titles_desc":"Experience the best in network connectivity with Farsince&#039;s S\/FTP Shielded and Foiled Cat 8 Ethernet Cable. Our cable supports 40GBASE-T\/2000MHz and provides reliable and seamless connection for high-speed data transfer. ","_seopress_robots_index":"","site-sidebar-layout":"default","site-content-layout":"default","ast-site-content-layout":"default","site-content-style":"default","site-sidebar-style":"default","ast-global-header-display":"","ast-banner-title-visibility":"","ast-main-header-display":"","ast-hfb-above-header-display":"","ast-hfb-below-header-display":"","ast-hfb-mobile-header-display":"","site-post-title":"","ast-breadcrumbs-content":"","ast-featured-img":"","footer-sml-layout":"","ast-disable-related-posts":"","theme-transparent-header-meta":"default","adv-header-id-meta":"","stick-header-meta":"","header-above-stick-meta":"","header-main-stick-meta":"","header-below-stick-meta":"","astra-migrate-meta-layouts":"set","ast-page-background-enabled":"default","ast-page-background-meta":{"desktop":{"background-color":"","background-image":"","background-repeat":"repeat","background-position":"center center","background-size":"auto","background-attachment":"scroll","background-type":"","background-media":"","overlay-type":"","overlay-color":"","overlay-opacity":"","overlay-gradient":""},"tablet":{"background-color":"","background-image":"","background-repeat":"repeat","background-position":"center center","background-size":"auto","background-attachment":"scroll","background-type":"","background-media":"","overlay-type":"","overlay-color":"","overlay-opacity":"","overlay-gradient":""},"mobile":{"background-color":"","background-image":"","background-repeat":"repeat","background-position":"center center","background-size":"auto","background-attachment":"scroll","background-type":"","background-media":"","overlay-type":"","overlay-color":"","overlay-opacity":"","overlay-gradient":""}},"ast-content-background-meta":{"desktop":{"background-color":"var(--ast-global-color-5)","background-image":"","background-repeat":"repeat","background-position":"center center","background-size":"auto","background-attachment":"scroll","background-type":"","background-media":"","overlay-type":"","overlay-color":"","overlay-opacity":"","overlay-gradient":""},"tablet":{"background-color":"var(--ast-global-color-5)","background-image":"","background-repeat":"repeat","background-position":"center center","background-size":"auto","background-attachment":"scroll","background-type":"","background-media":"","overlay-type":"","overlay-color":"","overlay-opacity":"","overlay-gradient":""},"mobile":{"background-color":"var(--ast-global-color-5)","background-image":"","background-repeat":"repeat","background-position":"center center","background-size":"auto","background-attachment":"scroll","background-type":"","background-media":"","overlay-type":"","overlay-color":"","overlay-opacity":"","overlay-gradient":""}},"iawp_total_views":19},"product_brand":[],"product_cat":[252,209],"product_tag":[],"class_list":{"0":"post-15125","1":"product","2":"type-product","3":"status-publish","4":"has-post-thumbnail","6":"product_cat-bulk-cables","7":"product_cat-ethernet-cable","8":"desktop-align-left","9":"tablet-align-left","10":"mobile-align-left","12":"first","13":"instock","14":"shipping-taxable","15":"purchasable","16":"product-type-simple"},"acf":[],"_links":{"self":[{"href":"https:\/\/www.fjpremium.com\/es\/wp-json\/wp\/v2\/product\/15125","targetHints":{"allow":["GET"]}}],"collection":[{"href":"https:\/\/www.fjpremium.com\/es\/wp-json\/wp\/v2\/product"}],"about":[{"href":"https:\/\/www.fjpremium.com\/es\/wp-json\/wp\/v2\/types\/product"}],"wp:featuredmedia":[{"embeddable":true,"href":"https:\/\/www.fjpremium.com\/es\/wp-json\/wp\/v2\/media\/15151"}],"wp:attachment":[{"href":"https:\/\/www.fjpremium.com\/es\/wp-json\/wp\/v2\/media?parent=15125"}],"wp:term":[{"taxonomy":"product_brand","embeddable":true,"href":"https:\/\/www.fjpremium.com\/es\/wp-json\/wp\/v2\/product_brand?post=15125"},{"taxonomy":"product_cat","embeddable":true,"href":"https:\/\/www.fjpremium.com\/es\/wp-json\/wp\/v2\/product_cat?post=15125"},{"taxonomy":"product_tag","embeddable":true,"href":"https:\/\/www.fjpremium.com\/es\/wp-json\/wp\/v2\/product_tag?post=15125"}],"curies":[{"name":"wp","href":"https:\/\/api.w.org\/{rel}","templated":true}]}}