{"id":15124,"date":"2020-05-29T11:09:16","date_gmt":"2020-05-29T03:09:16","guid":{"rendered":"https:\/\/www.fjpremium.com\/?post_type=product&#038;p=15124"},"modified":"2023-12-14T13:55:55","modified_gmt":"2023-12-14T05:55:55","slug":"cat-7-s-ftp-shielded-and-foiled-twisted-pair-ethernet-installation-cable-600mhz","status":"publish","type":"product","link":"https:\/\/www.fjpremium.com\/es\/product\/cat-7-s-ftp-shielded-and-foiled-twisted-pair-ethernet-installation-cable-600mhz\/","title":{"rendered":"S\/FTP Cable de instalaci\u00f3n Ethernet de par trenzado apantallado y recubierto Cat. 7, 600MHZ"},"content":{"rendered":"<p>Dise\u00f1ado para permitir la transmisi\u00f3n de datos a 10 Gigabits y admitir un ancho de banda m\u00e1s r\u00e1pido de hasta 600 MHz, este cable blindado Cat 7 garantiza un rendimiento excepcional en las redes de alta velocidad actuales.<\/p>\n<p>Presume de construcci\u00f3n S\/FTP, que consta de cuatro pares apantallados individualmente de conductores de cobre desnudo macizo de calibre 23.<\/p>\n<p>Este dise\u00f1o protege contra las interferencias electromagn\u00e9ticas (EMI), garantizando que sus conexiones de red permanezcan estables y libres de interferencias incluso en entornos el\u00e9ctricamente ruidosos.<\/p>\n<p>El cable est\u00e1 equipado con un conductor de cobre s\u00f3lido libre de ox\u00edgeno 23AWG de 0,57 mm de alta calidad, que mejora la transmisi\u00f3n de la se\u00f1al y garantiza un rendimiento \u00f3ptimo de la red.<\/p>\n<p>Y el aislamiento de espuma protege a\u00fan m\u00e1s los conductores, al tiempo que mantiene la flexibilidad para facilitar la instalaci\u00f3n.<\/p>\n<p>Existen varias opciones de cubierta para este cable apantallado Cat 7, como PVC, CMR, CMP, LSZH y PE, que le permiten elegir la opci\u00f3n ideal para sus necesidades de instalaci\u00f3n espec\u00edficas.<\/p>\n<p>Adem\u00e1s, est\u00e1 disponible en varios colores, lo que facilita la identificaci\u00f3n y gesti\u00f3n de las conexiones de red.<\/p>\n<p>Adem\u00e1s, Fluke y Network Analyzer prueban y verifican nuestro cable apantallado Cat 7, garantizando su fiabilidad y rendimiento.<\/p>\n<p>Tambi\u00e9n cumple las normas RoHS y REACH, as\u00ed como las certificaciones RCP Eca y Dca.<\/p>\n<p>Esto le garantiza el uso de un producto fiable y respetuoso con el medio ambiente que cumple las normas del sector, como IEC\/ISO 11801, ISO\/IEC 61156-5 y ANSI\/TIA568C.2.<\/p>\n<p>En conclusi\u00f3n, con su s\u00f3lida construcci\u00f3n, gama de opciones de cubierta y cumplimiento de las normas del sector, este cable es una soluci\u00f3n fiable y vers\u00e1til para todas sus necesidades de red.<\/p>\n<h2>Descargar:<\/h2>\n<ul>\n<li>Ficha de datos del cable de instalaci\u00f3n en red a granel Cat7 S\/FTP<\/li>\n<\/ul>\n<h2>Informaci\u00f3n sobre pedidos:<\/h2>\n<ul>\n<li>FS17008-C: PVC<\/li>\n<li>FS17008-L: LSZH<\/li>\n<li>FS17008-M: Clasificaci\u00f3n CM<\/li>\n<li>FS17008-R: Elevador CMR<\/li>\n<li>FS17008-P: Plenum CMP<\/li>\n<li>FS17008-E: PE para exterior<\/li>\n<\/ul>","protected":false},"excerpt":{"rendered":"<p>Nuestro cable de instalaci\u00f3n Ethernet apantallado y recubierto Ccat 7 es perfecto para comunicaciones de datos de alto rendimiento y ofrece conectividad fiable para voz y m\u00e1s<\/p>","protected":false},"featured_media":15146,"template":"","meta":{"_acf_changed":false,"_seopress_robots_primary_cat":"","_seopress_titles_title":"Cat 7 Shielded And Foiled Twisted Pair Ethernet Cable - Farsince","_seopress_titles_desc":"","_seopress_robots_index":"","site-sidebar-layout":"default","site-content-layout":"default","ast-site-content-layout":"default","site-content-style":"default","site-sidebar-style":"default","ast-global-header-display":"","ast-banner-title-visibility":"","ast-main-header-display":"","ast-hfb-above-header-display":"","ast-hfb-below-header-display":"","ast-hfb-mobile-header-display":"","site-post-title":"","ast-breadcrumbs-content":"","ast-featured-img":"","footer-sml-layout":"","ast-disable-related-posts":"","theme-transparent-header-meta":"default","adv-header-id-meta":"","stick-header-meta":"","header-above-stick-meta":"","header-main-stick-meta":"","header-below-stick-meta":"","astra-migrate-meta-layouts":"default","ast-page-background-enabled":"default","ast-page-background-meta":{"desktop":{"background-color":"","background-image":"","background-repeat":"repeat","background-position":"center center","background-size":"auto","background-attachment":"scroll","background-type":"","background-media":"","overlay-type":"","overlay-color":"","overlay-opacity":"","overlay-gradient":""},"tablet":{"background-color":"","background-image":"","background-repeat":"repeat","background-position":"center center","background-size":"auto","background-attachment":"scroll","background-type":"","background-media":"","overlay-type":"","overlay-color":"","overlay-opacity":"","overlay-gradient":""},"mobile":{"background-color":"","background-image":"","background-repeat":"repeat","background-position":"center center","background-size":"auto","background-attachment":"scroll","background-type":"","background-media":"","overlay-type":"","overlay-color":"","overlay-opacity":"","overlay-gradient":""}},"ast-content-background-meta":{"desktop":{"background-color":"var(--ast-global-color-5)","background-image":"","background-repeat":"repeat","background-position":"center center","background-size":"auto","background-attachment":"scroll","background-type":"","background-media":"","overlay-type":"","overlay-color":"","overlay-opacity":"","overlay-gradient":""},"tablet":{"background-color":"var(--ast-global-color-5)","background-image":"","background-repeat":"repeat","background-position":"center center","background-size":"auto","background-attachment":"scroll","background-type":"","background-media":"","overlay-type":"","overlay-color":"","overlay-opacity":"","overlay-gradient":""},"mobile":{"background-color":"var(--ast-global-color-5)","background-image":"","background-repeat":"repeat","background-position":"center center","background-size":"auto","background-attachment":"scroll","background-type":"","background-media":"","overlay-type":"","overlay-color":"","overlay-opacity":"","overlay-gradient":""}},"iawp_total_views":54},"product_brand":[],"product_cat":[460,252,209],"product_tag":[],"class_list":{"0":"post-15124","1":"product","2":"type-product","3":"status-publish","4":"has-post-thumbnail","6":"product_cat-featured-products","7":"product_cat-bulk-cables","8":"product_cat-ethernet-cable","9":"desktop-align-left","10":"tablet-align-left","11":"mobile-align-left","13":"first","14":"instock","15":"featured","16":"shipping-taxable","17":"purchasable","18":"product-type-simple"},"acf":[],"_links":{"self":[{"href":"https:\/\/www.fjpremium.com\/es\/wp-json\/wp\/v2\/product\/15124","targetHints":{"allow":["GET"]}}],"collection":[{"href":"https:\/\/www.fjpremium.com\/es\/wp-json\/wp\/v2\/product"}],"about":[{"href":"https:\/\/www.fjpremium.com\/es\/wp-json\/wp\/v2\/types\/product"}],"wp:featuredmedia":[{"embeddable":true,"href":"https:\/\/www.fjpremium.com\/es\/wp-json\/wp\/v2\/media\/15146"}],"wp:attachment":[{"href":"https:\/\/www.fjpremium.com\/es\/wp-json\/wp\/v2\/media?parent=15124"}],"wp:term":[{"taxonomy":"product_brand","embeddable":true,"href":"https:\/\/www.fjpremium.com\/es\/wp-json\/wp\/v2\/product_brand?post=15124"},{"taxonomy":"product_cat","embeddable":true,"href":"https:\/\/www.fjpremium.com\/es\/wp-json\/wp\/v2\/product_cat?post=15124"},{"taxonomy":"product_tag","embeddable":true,"href":"https:\/\/www.fjpremium.com\/es\/wp-json\/wp\/v2\/product_tag?post=15124"}],"curies":[{"name":"wp","href":"https:\/\/api.w.org\/{rel}","templated":true}]}}