{"id":15123,"date":"2020-05-29T11:09:15","date_gmt":"2020-05-29T03:09:15","guid":{"rendered":"https:\/\/www.fjpremium.com\/?post_type=product&#038;p=15123"},"modified":"2023-12-14T13:55:55","modified_gmt":"2023-12-14T05:55:55","slug":"cat-6a-s-ftp-shielded-and-foiled-twisted-pair-ethernet-installation-cable-500mhz","status":"publish","type":"product","link":"https:\/\/www.fjpremium.com\/es\/product\/cat-6a-s-ftp-shielded-and-foiled-twisted-pair-ethernet-installation-cable-500mhz\/","title":{"rendered":"Cat6A Bulk Cable S\/FTP Blindado Y Foiled Par Trenzado Ethernet Cable de Instalaci\u00f3n"},"content":{"rendered":"<p>El cable de instalaci\u00f3n Ethernet CAT6A S\/FTP apantallado y recubierto de Farsince es ideal para comunicaciones de datos de alto rendimiento para voz, datos, v\u00eddeo y seguridad.<\/p>\n<p>Este cable a granel Cat6A permite la transmisi\u00f3n de datos de 10 Gigabit y permite una mayor velocidad de banda de hasta 500 MHz. Compuesto por cuatro pares blindados individualmente de conductores de cobre desnudo s\u00f3lido de calibre 23, con un blindaje trenzado de aleaci\u00f3n de aluminio y magnesio, con el fin de repeler las interferencias electromagn\u00e9ticas (EMI) en entornos el\u00e9ctricamente ruidosos, el cable Ethernet a granel CAT6A tiene una cubierta LSZH general y marcas secuenciales de pies o metros en la cubierta para que siempre sepa cu\u00e1nto le queda.<\/p>\n<h3>Caracter\u00edsticas principales<\/h3>\n<ul>\n<li>S\/FTP<\/li>\n<li>Cobre s\u00f3lido sin ox\u00edgeno 23AWG 0,57mm,<\/li>\n<li>Aislamiento Foam-Skin,<\/li>\n<li>PVC\/CMR\/CMP\/LSZH \/PE Opciones de revestimiento<\/li>\n<li>M\u00e1s opciones de color<\/li>\n<li>Probado con Fluke y analizador de redes<\/li>\n<li>Conformidad con ROHS, REACH<\/li>\n<li>RCP Eca, Dca Certificado<\/li>\n<\/ul>\n<h3>Cumplimiento de las normas<\/h3>\n<ul>\n<li>IEC\/ISO 11801<\/li>\n<li>ISO\/IEC 61156-5<\/li>\n<li>ANSI\/TIA568C.2<\/li>\n<\/ul>\n<h2>Especificaciones<\/h2>\n<ul>\n<li>Conductor: 23AWG (1\/0,57 mm), cobre s\u00f3lido desnudo<\/li>\n<li>Aislamiento: Piel de espuma PE<\/li>\n<li>Blindaje: Blindaje individual de pares mediante papel de aluminio<\/li>\n<li>Trenzado: 16\/6\/0.12 AL-MG<\/li>\n<li>Di\u00e1metro exterior: 7,8 \u00b1 0,2 mm<\/li>\n<li>Opciones de cubierta: PVC, LSZH, CM, CMR(Riser), CMP(Plenum), PE (Exterior),<\/li>\n<li>Color: gris\/blanco\/azul\/negro o personalizado<\/li>\n<\/ul>\n<h2>Descargar:<\/h2>\n<ul>\n<li>Ficha de datos del cable de instalaci\u00f3n en red a granel Cat6A S\/FTP<\/li>\n<\/ul>\n<h2>Informaci\u00f3n sobre pedidos:<\/h2>\n<ul>\n<li>FS17007-C: PVC<\/li>\n<li>FS17007-L: LSZH<\/li>\n<li>FS17007-M: Clasificaci\u00f3n CM<\/li>\n<li>FS17007-R: Elevador CMR<\/li>\n<li>FS17007-P: Plenum CMP<\/li>\n<li>FS17007-E: PE para exterior<\/li>\n<\/ul>","protected":false},"excerpt":{"rendered":"<p>23AWG cobre desnudo s\u00f3lido, 305meter\/1000ft, M\u00e1s opciones de color y material de la cubierta a granel cable ethernet<\/p>","protected":false},"featured_media":15140,"template":"","meta":{"_acf_changed":false,"_seopress_robots_primary_cat":"","_seopress_titles_title":"S\/FTP Shielded and Foiled Twisted Pair Cat6a Bulk Cable - Farsince","_seopress_titles_desc":"Experience the best in network connectivity with Farsince&#039;s Cat6a Bulk Cable. Our cable supports 500MHz and provides reliable and seamless connection for high-speed data transfer. The shielded and foiled design ensures protection against interference and crosstalk, making it perfect for professional use.","_seopress_robots_index":"","site-sidebar-layout":"default","site-content-layout":"default","ast-site-content-layout":"default","site-content-style":"default","site-sidebar-style":"default","ast-global-header-display":"","ast-banner-title-visibility":"","ast-main-header-display":"","ast-hfb-above-header-display":"","ast-hfb-below-header-display":"","ast-hfb-mobile-header-display":"","site-post-title":"","ast-breadcrumbs-content":"","ast-featured-img":"","footer-sml-layout":"","ast-disable-related-posts":"","theme-transparent-header-meta":"default","adv-header-id-meta":"","stick-header-meta":"","header-above-stick-meta":"","header-main-stick-meta":"","header-below-stick-meta":"","astra-migrate-meta-layouts":"set","ast-page-background-enabled":"default","ast-page-background-meta":{"desktop":{"background-color":"","background-image":"","background-repeat":"repeat","background-position":"center center","background-size":"auto","background-attachment":"scroll","background-type":"","background-media":"","overlay-type":"","overlay-color":"","overlay-opacity":"","overlay-gradient":""},"tablet":{"background-color":"","background-image":"","background-repeat":"repeat","background-position":"center center","background-size":"auto","background-attachment":"scroll","background-type":"","background-media":"","overlay-type":"","overlay-color":"","overlay-opacity":"","overlay-gradient":""},"mobile":{"background-color":"","background-image":"","background-repeat":"repeat","background-position":"center center","background-size":"auto","background-attachment":"scroll","background-type":"","background-media":"","overlay-type":"","overlay-color":"","overlay-opacity":"","overlay-gradient":""}},"ast-content-background-meta":{"desktop":{"background-color":"var(--ast-global-color-5)","background-image":"","background-repeat":"repeat","background-position":"center center","background-size":"auto","background-attachment":"scroll","background-type":"","background-media":"","overlay-type":"","overlay-color":"","overlay-opacity":"","overlay-gradient":""},"tablet":{"background-color":"var(--ast-global-color-5)","background-image":"","background-repeat":"repeat","background-position":"center center","background-size":"auto","background-attachment":"scroll","background-type":"","background-media":"","overlay-type":"","overlay-color":"","overlay-opacity":"","overlay-gradient":""},"mobile":{"background-color":"var(--ast-global-color-5)","background-image":"","background-repeat":"repeat","background-position":"center center","background-size":"auto","background-attachment":"scroll","background-type":"","background-media":"","overlay-type":"","overlay-color":"","overlay-opacity":"","overlay-gradient":""}},"iawp_total_views":40},"product_brand":[],"product_cat":[252,209],"product_tag":[],"class_list":{"0":"post-15123","1":"product","2":"type-product","3":"status-publish","4":"has-post-thumbnail","6":"product_cat-bulk-cables","7":"product_cat-ethernet-cable","8":"desktop-align-left","9":"tablet-align-left","10":"mobile-align-left","12":"first","13":"instock","14":"shipping-taxable","15":"purchasable","16":"product-type-simple"},"acf":[],"_links":{"self":[{"href":"https:\/\/www.fjpremium.com\/es\/wp-json\/wp\/v2\/product\/15123","targetHints":{"allow":["GET"]}}],"collection":[{"href":"https:\/\/www.fjpremium.com\/es\/wp-json\/wp\/v2\/product"}],"about":[{"href":"https:\/\/www.fjpremium.com\/es\/wp-json\/wp\/v2\/types\/product"}],"wp:featuredmedia":[{"embeddable":true,"href":"https:\/\/www.fjpremium.com\/es\/wp-json\/wp\/v2\/media\/15140"}],"wp:attachment":[{"href":"https:\/\/www.fjpremium.com\/es\/wp-json\/wp\/v2\/media?parent=15123"}],"wp:term":[{"taxonomy":"product_brand","embeddable":true,"href":"https:\/\/www.fjpremium.com\/es\/wp-json\/wp\/v2\/product_brand?post=15123"},{"taxonomy":"product_cat","embeddable":true,"href":"https:\/\/www.fjpremium.com\/es\/wp-json\/wp\/v2\/product_cat?post=15123"},{"taxonomy":"product_tag","embeddable":true,"href":"https:\/\/www.fjpremium.com\/es\/wp-json\/wp\/v2\/product_tag?post=15123"}],"curies":[{"name":"wp","href":"https:\/\/api.w.org\/{rel}","templated":true}]}}