{"id":15121,"date":"2020-05-29T11:09:12","date_gmt":"2020-05-29T03:09:12","guid":{"rendered":"https:\/\/www.fjpremium.com\/?post_type=product&#038;p=15121"},"modified":"2023-12-14T13:55:56","modified_gmt":"2023-12-14T05:55:56","slug":"cat6-u-utp-unshielded-twisted-pair-ethernet-installation-cable","status":"publish","type":"product","link":"https:\/\/www.fjpremium.com\/es\/product\/cat6-u-utp-unshielded-twisted-pair-ethernet-installation-cable\/","title":{"rendered":"U\/UTP Cat6 Bulk Cable Ethernet Instalaci\u00f3n 1000ft 305m"},"content":{"rendered":"<p>Este cable a granel Cat6 admite la transmisi\u00f3n de datos 1000 Base-T y ofrece un ancho de banda m\u00e1s r\u00e1pido de hasta 250 MHz. Compuesto por cuatro pares trenzados no apantallados de conductores de cobre desnudo macizo de calibre 23, cuenta con aislamiento de polietileno de alta densidad (HDPE).<\/p>\n<p>Adem\u00e1s, est\u00e1 disponible con una cubierta general de LSZH o una cubierta de PVC CMR-UL, como PVC, CMR, CMP, LSZH y PE, y las marcas secuenciales de pies o metros en la cubierta garantizan que sepa exactamente cu\u00e1nto cable queda.<\/p>\n<p>El cable est\u00e1 disponible en varios colores, como gris, blanco, azul, negro o personalizado, y ha sido probado por Fluke y analizadores de red.<\/p>\n<p>Adem\u00e1s, este cable de alta calidad ha recibido las certificaciones CPR Eca y Dca conforme a las normativas ROHS y REACH.<\/p>\n<p>Y cumple normas del sector como IEC\/ISO 11801 2\u00aa clase D, ANSI\/TIA568C.2 categor\u00eda 6 e ISO\/IEC 61156-5 categor\u00eda 6.<\/p>\n<p>Por consiguiente, a la hora de elegir un cable cat6 a granel para sus necesidades de red, no busque m\u00e1s all\u00e1 de nuestra oferta.<\/p>\n<p>Gracias a su estructura no apantallada, una amplia gama de opciones de revestimiento y color, y el cumplimiento de las normas del sector, este cable proporcionar\u00e1 un rendimiento fiable a su infraestructura de red.<\/p>\n<h2>Descargar:<\/h2>\n<ul>\n<li>Ficha de datos del cable a granel para instalaci\u00f3n en red Cat6<\/li>\n<\/ul>\n<h2>Informaci\u00f3n sobre pedidos:<\/h2>\n<ul>\n<li>FS17003-C: PVC<\/li>\n<li>FS17003-L: LSZH<\/li>\n<li>FS17003-M: Clasificaci\u00f3n CM<\/li>\n<li>FS17003-R: Elevador CMR<\/li>\n<li>FS17003-P: Plenum CMP<\/li>\n<li>FS17003-E: PE para exterior<\/li>\n<\/ul>","protected":false},"excerpt":{"rendered":"<p>Descubra nuestro cable de instalaci\u00f3n Ethernet a granel U\/UTP cat6, perfecto para comunicaciones de datos de alto rendimiento en diversas aplicaciones.<\/p>","protected":false},"featured_media":15126,"template":"","meta":{"_acf_changed":false,"_seopress_robots_primary_cat":"","_seopress_titles_title":"Best Cat6 Bulk Cable - Farsince","_seopress_titles_desc":"","_seopress_robots_index":"","site-sidebar-layout":"default","site-content-layout":"default","ast-site-content-layout":"default","site-content-style":"default","site-sidebar-style":"default","ast-global-header-display":"","ast-banner-title-visibility":"","ast-main-header-display":"","ast-hfb-above-header-display":"","ast-hfb-below-header-display":"","ast-hfb-mobile-header-display":"","site-post-title":"","ast-breadcrumbs-content":"","ast-featured-img":"","footer-sml-layout":"","ast-disable-related-posts":"","theme-transparent-header-meta":"default","adv-header-id-meta":"","stick-header-meta":"","header-above-stick-meta":"","header-main-stick-meta":"","header-below-stick-meta":"","astra-migrate-meta-layouts":"default","ast-page-background-enabled":"default","ast-page-background-meta":{"desktop":{"background-color":"","background-image":"","background-repeat":"repeat","background-position":"center center","background-size":"auto","background-attachment":"scroll","background-type":"","background-media":"","overlay-type":"","overlay-color":"","overlay-opacity":"","overlay-gradient":""},"tablet":{"background-color":"","background-image":"","background-repeat":"repeat","background-position":"center center","background-size":"auto","background-attachment":"scroll","background-type":"","background-media":"","overlay-type":"","overlay-color":"","overlay-opacity":"","overlay-gradient":""},"mobile":{"background-color":"","background-image":"","background-repeat":"repeat","background-position":"center center","background-size":"auto","background-attachment":"scroll","background-type":"","background-media":"","overlay-type":"","overlay-color":"","overlay-opacity":"","overlay-gradient":""}},"ast-content-background-meta":{"desktop":{"background-color":"var(--ast-global-color-5)","background-image":"","background-repeat":"repeat","background-position":"center center","background-size":"auto","background-attachment":"scroll","background-type":"","background-media":"","overlay-type":"","overlay-color":"","overlay-opacity":"","overlay-gradient":""},"tablet":{"background-color":"var(--ast-global-color-5)","background-image":"","background-repeat":"repeat","background-position":"center center","background-size":"auto","background-attachment":"scroll","background-type":"","background-media":"","overlay-type":"","overlay-color":"","overlay-opacity":"","overlay-gradient":""},"mobile":{"background-color":"var(--ast-global-color-5)","background-image":"","background-repeat":"repeat","background-position":"center center","background-size":"auto","background-attachment":"scroll","background-type":"","background-media":"","overlay-type":"","overlay-color":"","overlay-opacity":"","overlay-gradient":""}},"iawp_total_views":8},"product_brand":[],"product_cat":[252,209],"product_tag":[],"class_list":{"0":"post-15121","1":"product","2":"type-product","3":"status-publish","4":"has-post-thumbnail","6":"product_cat-bulk-cables","7":"product_cat-ethernet-cable","8":"desktop-align-left","9":"tablet-align-left","10":"mobile-align-left","12":"first","13":"instock","14":"shipping-taxable","15":"purchasable","16":"product-type-simple"},"acf":[],"_links":{"self":[{"href":"https:\/\/www.fjpremium.com\/es\/wp-json\/wp\/v2\/product\/15121","targetHints":{"allow":["GET"]}}],"collection":[{"href":"https:\/\/www.fjpremium.com\/es\/wp-json\/wp\/v2\/product"}],"about":[{"href":"https:\/\/www.fjpremium.com\/es\/wp-json\/wp\/v2\/types\/product"}],"wp:featuredmedia":[{"embeddable":true,"href":"https:\/\/www.fjpremium.com\/es\/wp-json\/wp\/v2\/media\/15126"}],"wp:attachment":[{"href":"https:\/\/www.fjpremium.com\/es\/wp-json\/wp\/v2\/media?parent=15121"}],"wp:term":[{"taxonomy":"product_brand","embeddable":true,"href":"https:\/\/www.fjpremium.com\/es\/wp-json\/wp\/v2\/product_brand?post=15121"},{"taxonomy":"product_cat","embeddable":true,"href":"https:\/\/www.fjpremium.com\/es\/wp-json\/wp\/v2\/product_cat?post=15121"},{"taxonomy":"product_tag","embeddable":true,"href":"https:\/\/www.fjpremium.com\/es\/wp-json\/wp\/v2\/product_tag?post=15121"}],"curies":[{"name":"wp","href":"https:\/\/api.w.org\/{rel}","templated":true}]}}