{"id":15037,"date":"2020-05-25T16:32:32","date_gmt":"2020-05-25T08:32:32","guid":{"rendered":"https:\/\/www.fjpremium.com\/?post_type=product&#038;p=15037"},"modified":"2024-03-14T14:54:11","modified_gmt":"2024-03-14T06:54:11","slug":"cat5e-cat6-cat6a-rj45-ftp-stp-shield-male-to-female-panel-mount-extention-cable","status":"publish","type":"product","link":"https:\/\/www.fjpremium.com\/es\/product\/cat5e-cat6-cat6a-rj45-ftp-stp-shield-male-to-female-panel-mount-extention-cable\/","title":{"rendered":"FTP STP Cat5e Cat6 Cable Ethernet Apantallado Macho a Hembra"},"content":{"rendered":"<p>Dise\u00f1ado para ampliar las conexiones a trav\u00e9s de un panel, este cable Ethernet apantallado Cat5e Cat6 est\u00e1ndar del sector ofrece acceso a una fuente segura y contenida. Supera los est\u00e1ndares de rendimiento de la Categor\u00eda 5E\/6 seg\u00fan las especificaciones TIA\/EIA-568-C.2.<\/p>\n<p>Los contactos chapados en oro y las fundas moldeadas de alivio de tensi\u00f3n refuerzan la durabilidad y aseguran la conectividad, mientras que los conductores de cobre desnudo mejoran el rendimiento del cable de acuerdo con las normas de los cables de comunicaciones.<\/p>\n<p>Experimentar\u00e1 r\u00e1pidas transferencias de datos gracias al gran ancho de banda de 350 MHz del cable, perfecto para aplicaciones de servidor, computaci\u00f3n en la nube, videovigilancia y transmisi\u00f3n en alta definici\u00f3n.<\/p>\n<p>Sus especificaciones:<\/p>\n<ul>\n<li>Tipo de tuerca y tornillo: #M3 niquelado<\/li>\n<li>Paso de los agujeros: 25 mm<\/li>\n<li>Aislamiento: PE SKIN\/HDPE espumado<\/li>\n<li>Calibre del cable: 26AWG 7\/0,15 mm<\/li>\n<li>Carcasa: Moldeo por inyecci\u00f3n<\/li>\n<li>Cubierta: PVC<\/li>\n<li>Di\u00e1metro exterior: 5,5\u00b1 0,2 mm o 6,0\u00b10,2 mm<\/li>\n<li>Conformidad: RoHS, REACH, CE<\/li>\n<\/ul>\n<p>Adem\u00e1s, cuenta con 2 a\u00f1os de garant\u00eda por nuestra parte. En resumen, p\u00f3ngase en contacto con nosotros hoy mismo y a\u00f1\u00e1dalo a su inventario.<\/p>","protected":false},"excerpt":{"rendered":"<p>Maximice la conectividad de la red LAN con el cable Ethernet blindado FTP STP Cat5e Cat6 superior de FARSINCE, que ofrece una r\u00e1pida transferencia de datos y est\u00e1 respaldado por una garant\u00eda de 2 a\u00f1os.<\/p>","protected":false},"featured_media":15047,"template":"","meta":{"_acf_changed":false,"_seopress_robots_primary_cat":"","_seopress_titles_title":"FTP STP Cat5e Cat6 Shielded Ethernet Cable - Farsince","_seopress_titles_desc":"Maximise LAN network&#039;s connectivity with FARSINCE&#039;s superior Cat6 shielded Ethernet cable, boasting fast data transfer and supported by a 2-year warranty.","_seopress_robots_index":"","site-sidebar-layout":"default","site-content-layout":"default","ast-site-content-layout":"default","site-content-style":"default","site-sidebar-style":"default","ast-global-header-display":"","ast-banner-title-visibility":"","ast-main-header-display":"","ast-hfb-above-header-display":"","ast-hfb-below-header-display":"","ast-hfb-mobile-header-display":"","site-post-title":"","ast-breadcrumbs-content":"","ast-featured-img":"","footer-sml-layout":"","ast-disable-related-posts":"","theme-transparent-header-meta":"default","adv-header-id-meta":"","stick-header-meta":"","header-above-stick-meta":"","header-main-stick-meta":"","header-below-stick-meta":"","astra-migrate-meta-layouts":"set","ast-page-background-enabled":"default","ast-page-background-meta":{"desktop":{"background-color":"","background-image":"","background-repeat":"repeat","background-position":"center center","background-size":"auto","background-attachment":"scroll","background-type":"","background-media":"","overlay-type":"","overlay-color":"","overlay-opacity":"","overlay-gradient":""},"tablet":{"background-color":"","background-image":"","background-repeat":"repeat","background-position":"center center","background-size":"auto","background-attachment":"scroll","background-type":"","background-media":"","overlay-type":"","overlay-color":"","overlay-opacity":"","overlay-gradient":""},"mobile":{"background-color":"","background-image":"","background-repeat":"repeat","background-position":"center center","background-size":"auto","background-attachment":"scroll","background-type":"","background-media":"","overlay-type":"","overlay-color":"","overlay-opacity":"","overlay-gradient":""}},"ast-content-background-meta":{"desktop":{"background-color":"var(--ast-global-color-5)","background-image":"","background-repeat":"repeat","background-position":"center center","background-size":"auto","background-attachment":"scroll","background-type":"","background-media":"","overlay-type":"","overlay-color":"","overlay-opacity":"","overlay-gradient":""},"tablet":{"background-color":"var(--ast-global-color-5)","background-image":"","background-repeat":"repeat","background-position":"center center","background-size":"auto","background-attachment":"scroll","background-type":"","background-media":"","overlay-type":"","overlay-color":"","overlay-opacity":"","overlay-gradient":""},"mobile":{"background-color":"var(--ast-global-color-5)","background-image":"","background-repeat":"repeat","background-position":"center center","background-size":"auto","background-attachment":"scroll","background-type":"","background-media":"","overlay-type":"","overlay-color":"","overlay-opacity":"","overlay-gradient":""}},"iawp_total_views":5},"product_brand":[],"product_cat":[238,678],"product_tag":[],"class_list":{"0":"post-15037","1":"product","2":"type-product","3":"status-publish","4":"has-post-thumbnail","6":"product_cat-panel-mount","7":"product_cat-panel-mount-cables","8":"desktop-align-left","9":"tablet-align-left","10":"mobile-align-left","12":"first","13":"instock","14":"shipping-taxable","15":"purchasable","16":"product-type-simple"},"acf":[],"_links":{"self":[{"href":"https:\/\/www.fjpremium.com\/es\/wp-json\/wp\/v2\/product\/15037","targetHints":{"allow":["GET"]}}],"collection":[{"href":"https:\/\/www.fjpremium.com\/es\/wp-json\/wp\/v2\/product"}],"about":[{"href":"https:\/\/www.fjpremium.com\/es\/wp-json\/wp\/v2\/types\/product"}],"wp:featuredmedia":[{"embeddable":true,"href":"https:\/\/www.fjpremium.com\/es\/wp-json\/wp\/v2\/media\/15047"}],"wp:attachment":[{"href":"https:\/\/www.fjpremium.com\/es\/wp-json\/wp\/v2\/media?parent=15037"}],"wp:term":[{"taxonomy":"product_brand","embeddable":true,"href":"https:\/\/www.fjpremium.com\/es\/wp-json\/wp\/v2\/product_brand?post=15037"},{"taxonomy":"product_cat","embeddable":true,"href":"https:\/\/www.fjpremium.com\/es\/wp-json\/wp\/v2\/product_cat?post=15037"},{"taxonomy":"product_tag","embeddable":true,"href":"https:\/\/www.fjpremium.com\/es\/wp-json\/wp\/v2\/product_tag?post=15037"}],"curies":[{"name":"wp","href":"https:\/\/api.w.org\/{rel}","templated":true}]}}