{"id":15036,"date":"2020-05-25T16:32:31","date_gmt":"2020-05-25T08:32:31","guid":{"rendered":"https:\/\/www.fjpremium.com\/?post_type=product&#038;p=15036"},"modified":"2024-01-12T15:48:14","modified_gmt":"2024-01-12T07:48:14","slug":"cat5e-cat6-cat6a-rj45-utp-unshield-male-to-female-panel-mount-extention-cable","status":"publish","type":"product","link":"https:\/\/www.fjpremium.com\/es\/product\/cat5e-cat6-cat6a-rj45-utp-unshield-male-to-female-panel-mount-extention-cable\/","title":{"rendered":"Cat5e\/Cat6\/Cat6a RJ45 Cable de par trenzado no apantallado macho a hembra"},"content":{"rendered":"<p>Nuestra excepcional soluci\u00f3n amplifica el alcance entre diversos componentes de red LAN a trav\u00e9s de un panel, permitiendo conexiones desde fuentes seguras y aisladas.<\/p>\n<p>Cumple las expectativas de rendimiento de la Categor\u00eda 5E establecidas en las especificaciones TIA\/EIA-568-C.2. Adem\u00e1s, los contactos chapados en oro y las fundas moldeadas de alivio de tensi\u00f3n garantizan la durabilidad y una conexi\u00f3n segura. Adem\u00e1s, los contactos chapados en oro y las fundas moldeadas de alivio de tensi\u00f3n garantizan la durabilidad del cable y una conexi\u00f3n segura.<\/p>\n<p>Los conductores de cobre desnudo de este cable de par trenzado sin apantallar optimizan el rendimiento del cable al tiempo que cumplen las especificaciones de los cables de comunicaciones.<\/p>\n<p>El gran ancho de banda de hasta 350 MHz garantiza una r\u00e1pida transferencia de datos para aplicaciones de servidor, computaci\u00f3n en la nube, videovigilancia y transmisi\u00f3n de v\u00eddeo HD.<\/p>\n<p>Sus especificaciones:<\/p>\n<ul>\n<li>Conector 1: RJ45 Macho<\/li>\n<li>Conector 2: RJ45 Hembra con cierre de rosca<\/li>\n<li>Contacto dorado 3U, carcasa niquelada<\/li>\n<li>Tipo de tuerca y tornillo: #M3 niquelado<\/li>\n<li>Aislamiento: PE SKIN\/HDPE espumado<\/li>\n<li>Calibre del cable: 26AWG 7\/0,15 mm<\/li>\n<li>Carcasa: Moldeo por inyecci\u00f3n<\/li>\n<li>Cubierta: PVC<\/li>\n<li>Di\u00e1metro exterior: 5,5\u00b1 0,2 mm o 6,0\u00b1 0,2 mm<\/li>\n<li>Conformidad: RoHS, REACH<\/li>\n<\/ul>\n<p>Adem\u00e1s, puede confiar en la garant\u00eda de 2 a\u00f1os de FARSINCE. En resumen, p\u00f3ngase en contacto con nosotros hoy mismo y p\u00eddalo.<\/p>","protected":false},"excerpt":{"rendered":"<p>Ampl\u00ede el alcance de la red con el cable de par trenzado sin blindaje RJ45 Cat5e\/Cat6\/Cat6a de FARSINCE, que ofrece transferencia de datos de alta velocidad y una construcci\u00f3n robusta.<\/p>","protected":false},"featured_media":15042,"template":"","meta":{"_acf_changed":false,"_seopress_robots_primary_cat":"","_seopress_titles_title":"Cat5e\/Cat6\/Cat6a RJ45 Unshielded Twisted Pair Cable - Farsince","_seopress_titles_desc":"","_seopress_robots_index":"","site-sidebar-layout":"default","site-content-layout":"default","ast-site-content-layout":"default","site-content-style":"default","site-sidebar-style":"default","ast-global-header-display":"","ast-banner-title-visibility":"","ast-main-header-display":"","ast-hfb-above-header-display":"","ast-hfb-below-header-display":"","ast-hfb-mobile-header-display":"","site-post-title":"","ast-breadcrumbs-content":"","ast-featured-img":"","footer-sml-layout":"","ast-disable-related-posts":"","theme-transparent-header-meta":"default","adv-header-id-meta":"","stick-header-meta":"","header-above-stick-meta":"","header-main-stick-meta":"","header-below-stick-meta":"","astra-migrate-meta-layouts":"set","ast-page-background-enabled":"default","ast-page-background-meta":{"desktop":{"background-color":"","background-image":"","background-repeat":"repeat","background-position":"center center","background-size":"auto","background-attachment":"scroll","background-type":"","background-media":"","overlay-type":"","overlay-color":"","overlay-opacity":"","overlay-gradient":""},"tablet":{"background-color":"","background-image":"","background-repeat":"repeat","background-position":"center center","background-size":"auto","background-attachment":"scroll","background-type":"","background-media":"","overlay-type":"","overlay-color":"","overlay-opacity":"","overlay-gradient":""},"mobile":{"background-color":"","background-image":"","background-repeat":"repeat","background-position":"center center","background-size":"auto","background-attachment":"scroll","background-type":"","background-media":"","overlay-type":"","overlay-color":"","overlay-opacity":"","overlay-gradient":""}},"ast-content-background-meta":{"desktop":{"background-color":"var(--ast-global-color-5)","background-image":"","background-repeat":"repeat","background-position":"center center","background-size":"auto","background-attachment":"scroll","background-type":"","background-media":"","overlay-type":"","overlay-color":"","overlay-opacity":"","overlay-gradient":""},"tablet":{"background-color":"var(--ast-global-color-5)","background-image":"","background-repeat":"repeat","background-position":"center center","background-size":"auto","background-attachment":"scroll","background-type":"","background-media":"","overlay-type":"","overlay-color":"","overlay-opacity":"","overlay-gradient":""},"mobile":{"background-color":"var(--ast-global-color-5)","background-image":"","background-repeat":"repeat","background-position":"center center","background-size":"auto","background-attachment":"scroll","background-type":"","background-media":"","overlay-type":"","overlay-color":"","overlay-opacity":"","overlay-gradient":""}},"iawp_total_views":8},"product_brand":[],"product_cat":[238,678],"product_tag":[],"class_list":{"0":"post-15036","1":"product","2":"type-product","3":"status-publish","4":"has-post-thumbnail","6":"product_cat-panel-mount","7":"product_cat-panel-mount-cables","8":"desktop-align-left","9":"tablet-align-left","10":"mobile-align-left","12":"first","13":"instock","14":"shipping-taxable","15":"purchasable","16":"product-type-simple"},"acf":[],"_links":{"self":[{"href":"https:\/\/www.fjpremium.com\/es\/wp-json\/wp\/v2\/product\/15036","targetHints":{"allow":["GET"]}}],"collection":[{"href":"https:\/\/www.fjpremium.com\/es\/wp-json\/wp\/v2\/product"}],"about":[{"href":"https:\/\/www.fjpremium.com\/es\/wp-json\/wp\/v2\/types\/product"}],"wp:featuredmedia":[{"embeddable":true,"href":"https:\/\/www.fjpremium.com\/es\/wp-json\/wp\/v2\/media\/15042"}],"wp:attachment":[{"href":"https:\/\/www.fjpremium.com\/es\/wp-json\/wp\/v2\/media?parent=15036"}],"wp:term":[{"taxonomy":"product_brand","embeddable":true,"href":"https:\/\/www.fjpremium.com\/es\/wp-json\/wp\/v2\/product_brand?post=15036"},{"taxonomy":"product_cat","embeddable":true,"href":"https:\/\/www.fjpremium.com\/es\/wp-json\/wp\/v2\/product_cat?post=15036"},{"taxonomy":"product_tag","embeddable":true,"href":"https:\/\/www.fjpremium.com\/es\/wp-json\/wp\/v2\/product_tag?post=15036"}],"curies":[{"name":"wp","href":"https:\/\/api.w.org\/{rel}","templated":true}]}}