{"id":14987,"date":"2020-05-25T15:55:50","date_gmt":"2020-05-25T07:55:50","guid":{"rendered":"https:\/\/www.fjpremium.com\/?post_type=product&#038;p=14987"},"modified":"2024-03-14T14:36:31","modified_gmt":"2024-03-14T06:36:31","slug":"40gbps-thunderbolt-3-male-to-female-ethernet-panel-mount-extension-cable","status":"publish","type":"product","link":"https:\/\/www.fjpremium.com\/es\/product\/40gbps-thunderbolt-3-male-to-female-ethernet-panel-mount-extension-cable\/","title":{"rendered":"40Gbps USB4 Thunderbolt 3 Macho a Hembra Ethernet Panel Mount Thunderbolt Cable de Extensi\u00f3n"},"content":{"rendered":"<div class=\"ast-oembed-container\" style=\"height: 100%;\"><iframe title=\"La extensi\u00f3n USB4 Thunderbolt 3 macho a hembra para montaje en panel funciona perfectamente en pruebas de 40Gbps\" width=\"500\" height=\"281\" src=\"https:\/\/www.youtube.com\/embed\/BC1wiqakjcQ?feature=oembed\" frameborder=\"0\" allow=\"accelerometer; autoplay; clipboard-write; encrypted-media; gyroscope; picture-in-picture; web-share\" referrerpolicy=\"strict-origin-when-cross-origin\" allowfullscreen><\/iframe><\/div>\n<p>&nbsp;<\/p>\n<p>Este cable de alto rendimiento es la soluci\u00f3n perfecta para ampliar la conectividad Thunderbolt 3 y USB4 a trav\u00e9s de un panel, ideal para la conectividad de pantallas en ubicaciones seguras.<\/p>\n<p>Est\u00e1 dise\u00f1ado para reducir al m\u00ednimo la p\u00e9rdida de se\u00f1al y transmitir eficazmente se\u00f1ales de audio y v\u00eddeo para disfrutar de una experiencia de juego o streaming de v\u00eddeo de primera categor\u00eda.<\/p>\n<p>Nuestro cable de extensi\u00f3n thunderbolt cuenta con un dise\u00f1o de tornillo para conexiones seguras y admite 40 Gbps para longitudes inferiores a 0,8 m o 20 Gbps para longitudes inferiores a 2,0 m.<\/p>\n<p>Puede alimentar dos resoluciones 4K o una \u00fanica resoluci\u00f3n 8K, lo que la convierte en un activo indispensable para su arsenal tecnol\u00f3gico.<\/p>\n<p>Sus especificaciones:<\/p>\n<ul>\n<li>Conector 1: Thunderbolt 3 y USB4 (USB Tipo-C) Macho<\/li>\n<li>Conector 2: Thunderbolt 3 y USB 4 (USB Tipo-C) Hembra con bloqueo de rosca<\/li>\n<li>Tipo de tuerca y tornillo #4-40 niquelado<\/li>\n<li>Paso de los orificios: 25\u00b10,2 mm<\/li>\n<li>Contacto dorado, carcasa niquelada<\/li>\n<li>Conductor del cable: Cobre esta\u00f1ado<\/li>\n<li>Tipo de cable: Trenzado o coaxial<\/li>\n<li>Aislamiento: PE SKIN\/HDPE espumado<\/li>\n<li>Calibre del cable: 30AWG<\/li>\n<li>Apantallamiento: par trenzado de papel de aluminio, papel de aluminio general, trenzado de cobre esta\u00f1ado<\/li>\n<li>Carcasa: Moldeo por inyecci\u00f3n<\/li>\n<li>Cubierta: PVC<\/li>\n<li>Di\u00e1metro exterior: 4,5\u00b10,2 mm<\/li>\n<li>Velocidad de transferencia de datos: 40 Gbps<\/li>\n<li>Resoluci\u00f3n de v\u00eddeo: hasta 8K@60Hz<\/li>\n<\/ul>\n<p>Adem\u00e1s, el cable cumple las normas RoHS, REACH y CE, lo que garantiza la seguridad y calidad del producto. As\u00ed pues, p\u00f3ngase en contacto con nosotros hoy mismo e invierta en este cable alargador Thunderbolt.<\/p>","protected":false},"excerpt":{"rendered":"<p>D\u00e9 rienda suelta a la conectividad de alta velocidad con el cable de extensi\u00f3n Thunderbolt a 40 Gbps de FARSINCE, dise\u00f1ado para una p\u00e9rdida de se\u00f1al m\u00ednima y compatible con resoluci\u00f3n de v\u00eddeo 5K.<\/p>","protected":false},"featured_media":23741,"template":"","meta":{"_acf_changed":false,"_seopress_robots_primary_cat":"","_seopress_titles_title":"Best Thunderbolt Extension Cable - Farsince","_seopress_titles_desc":"","_seopress_robots_index":"","site-sidebar-layout":"default","site-content-layout":"default","ast-site-content-layout":"default","site-content-style":"default","site-sidebar-style":"default","ast-global-header-display":"","ast-banner-title-visibility":"","ast-main-header-display":"","ast-hfb-above-header-display":"","ast-hfb-below-header-display":"","ast-hfb-mobile-header-display":"","site-post-title":"","ast-breadcrumbs-content":"","ast-featured-img":"","footer-sml-layout":"","ast-disable-related-posts":"","theme-transparent-header-meta":"default","adv-header-id-meta":"","stick-header-meta":"","header-above-stick-meta":"","header-main-stick-meta":"","header-below-stick-meta":"","astra-migrate-meta-layouts":"set","ast-page-background-enabled":"default","ast-page-background-meta":{"desktop":{"background-color":"","background-image":"","background-repeat":"repeat","background-position":"center center","background-size":"auto","background-attachment":"scroll","background-type":"","background-media":"","overlay-type":"","overlay-color":"","overlay-opacity":"","overlay-gradient":""},"tablet":{"background-color":"","background-image":"","background-repeat":"repeat","background-position":"center center","background-size":"auto","background-attachment":"scroll","background-type":"","background-media":"","overlay-type":"","overlay-color":"","overlay-opacity":"","overlay-gradient":""},"mobile":{"background-color":"","background-image":"","background-repeat":"repeat","background-position":"center center","background-size":"auto","background-attachment":"scroll","background-type":"","background-media":"","overlay-type":"","overlay-color":"","overlay-opacity":"","overlay-gradient":""}},"ast-content-background-meta":{"desktop":{"background-color":"var(--ast-global-color-5)","background-image":"","background-repeat":"repeat","background-position":"center center","background-size":"auto","background-attachment":"scroll","background-type":"","background-media":"","overlay-type":"","overlay-color":"","overlay-opacity":"","overlay-gradient":""},"tablet":{"background-color":"var(--ast-global-color-5)","background-image":"","background-repeat":"repeat","background-position":"center center","background-size":"auto","background-attachment":"scroll","background-type":"","background-media":"","overlay-type":"","overlay-color":"","overlay-opacity":"","overlay-gradient":""},"mobile":{"background-color":"var(--ast-global-color-5)","background-image":"","background-repeat":"repeat","background-position":"center center","background-size":"auto","background-attachment":"scroll","background-type":"","background-media":"","overlay-type":"","overlay-color":"","overlay-opacity":"","overlay-gradient":""}},"iawp_total_views":671},"product_brand":[],"product_cat":[460,653,634,238,678],"product_tag":[],"class_list":{"0":"post-14987","1":"product","2":"type-product","3":"status-publish","4":"has-post-thumbnail","6":"product_cat-featured-products","7":"product_cat-usb-c","8":"product_cat-usb4-thunderbolt","9":"product_cat-panel-mount","10":"product_cat-panel-mount-cables","11":"desktop-align-left","12":"tablet-align-left","13":"mobile-align-left","15":"first","16":"instock","17":"featured","18":"shipping-taxable","19":"purchasable","20":"product-type-simple"},"acf":[],"_links":{"self":[{"href":"https:\/\/www.fjpremium.com\/es\/wp-json\/wp\/v2\/product\/14987","targetHints":{"allow":["GET"]}}],"collection":[{"href":"https:\/\/www.fjpremium.com\/es\/wp-json\/wp\/v2\/product"}],"about":[{"href":"https:\/\/www.fjpremium.com\/es\/wp-json\/wp\/v2\/types\/product"}],"wp:featuredmedia":[{"embeddable":true,"href":"https:\/\/www.fjpremium.com\/es\/wp-json\/wp\/v2\/media\/23741"}],"wp:attachment":[{"href":"https:\/\/www.fjpremium.com\/es\/wp-json\/wp\/v2\/media?parent=14987"}],"wp:term":[{"taxonomy":"product_brand","embeddable":true,"href":"https:\/\/www.fjpremium.com\/es\/wp-json\/wp\/v2\/product_brand?post=14987"},{"taxonomy":"product_cat","embeddable":true,"href":"https:\/\/www.fjpremium.com\/es\/wp-json\/wp\/v2\/product_cat?post=14987"},{"taxonomy":"product_tag","embeddable":true,"href":"https:\/\/www.fjpremium.com\/es\/wp-json\/wp\/v2\/product_tag?post=14987"}],"curies":[{"name":"wp","href":"https:\/\/api.w.org\/{rel}","templated":true}]}}