{"id":14983,"date":"2020-05-25T15:55:38","date_gmt":"2020-05-25T07:55:38","guid":{"rendered":"https:\/\/www.fjpremium.com\/?post_type=product&#038;p=14983"},"modified":"2024-03-14T10:28:48","modified_gmt":"2024-03-14T02:28:48","slug":"usb-3-1-type-c-female-to-female-panel-mount-cable","status":"publish","type":"product","link":"https:\/\/www.fjpremium.com\/es\/product\/usb-3-1-type-c-female-to-female-panel-mount-cable\/","title":{"rendered":"Cable de extensi\u00f3n USB C hembra a hembra para montaje en panel"},"content":{"rendered":"<p>Fusionar dos cables USB tipo C para facilitar la conectividad del panel nunca ha sido tan sencillo.<\/p>\n<p>Esta configuraci\u00f3n te permite una conectividad segura de la ubicaci\u00f3n de origen. Adem\u00e1s, su corta longitud y su deliberado dise\u00f1o contribuyen a que la p\u00e9rdida de se\u00f1al sea m\u00ednima.<\/p>\n<p>Con una velocidad de transferencia de hasta 10 Gbps, el cable de extensi\u00f3n USB C para montaje en panel puede conectarse f\u00e1cilmente a cualquier dispositivo USB.<\/p>\n<p>Equipado con blindaje de l\u00e1mina y trenzado, ofrece protecci\u00f3n total contra interferencias EMI\/RFI, mientras que su dise\u00f1o de par trenzado ayuda a reducir la diafon\u00eda, garantizando una transferencia de datos de alta velocidad y sin errores.<\/p>\n<p>Sus especificaciones:<\/p>\n<ul>\n<li>Tipo de tuerca y tornillo #4-40 niquelado<\/li>\n<li>Paso de los orificios: 25\u00b10,5 mm<\/li>\n<li>Contacto dorado, carcasa niquelada<\/li>\n<li>Conductor del cable: Cobre esta\u00f1ado<\/li>\n<li>Aislamiento: PE SKIN\/HDPE espumado<\/li>\n<li>Calibre del cable: 34\/32\/26AWG<\/li>\n<li>Carcasa: Moldeo por inyecci\u00f3n<\/li>\n<li>Cubierta: PVC<\/li>\n<li>Di\u00e1metro exterior: 4,6 mm<\/li>\n<li>Conformidad: RoHS, REACH, CE<\/li>\n<\/ul>\n<p>Adem\u00e1s, se ha comprobado que cumple los est\u00e1ndares del sector, es totalmente funcional y cuenta con una garant\u00eda de 2 a\u00f1os de Farsince. Por lo tanto, p\u00f3ngase en contacto con nosotros hoy mismo y a\u00f1ada el cable a su inventario.<\/p>","protected":false},"excerpt":{"rendered":"<p>Libera todo el potencial de tu conectividad con el cable de extensi\u00f3n USB C de alta calidad para montaje en panel de Farsince, que cuenta con una transferencia de datos de alta velocidad y sin errores.<\/p>","protected":false},"featured_media":14999,"template":"","meta":{"_acf_changed":false,"_seopress_robots_primary_cat":"","_seopress_titles_title":"Best USB C Panel Mount Extension Cable - Farsince","_seopress_titles_desc":"","_seopress_robots_index":"","site-sidebar-layout":"default","site-content-layout":"default","ast-site-content-layout":"default","site-content-style":"default","site-sidebar-style":"default","ast-global-header-display":"","ast-banner-title-visibility":"","ast-main-header-display":"","ast-hfb-above-header-display":"","ast-hfb-below-header-display":"","ast-hfb-mobile-header-display":"","site-post-title":"","ast-breadcrumbs-content":"","ast-featured-img":"","footer-sml-layout":"","ast-disable-related-posts":"","theme-transparent-header-meta":"default","adv-header-id-meta":"","stick-header-meta":"","header-above-stick-meta":"","header-main-stick-meta":"","header-below-stick-meta":"","astra-migrate-meta-layouts":"set","ast-page-background-enabled":"default","ast-page-background-meta":{"desktop":{"background-color":"","background-image":"","background-repeat":"repeat","background-position":"center center","background-size":"auto","background-attachment":"scroll","background-type":"","background-media":"","overlay-type":"","overlay-color":"","overlay-opacity":"","overlay-gradient":""},"tablet":{"background-color":"","background-image":"","background-repeat":"repeat","background-position":"center center","background-size":"auto","background-attachment":"scroll","background-type":"","background-media":"","overlay-type":"","overlay-color":"","overlay-opacity":"","overlay-gradient":""},"mobile":{"background-color":"","background-image":"","background-repeat":"repeat","background-position":"center center","background-size":"auto","background-attachment":"scroll","background-type":"","background-media":"","overlay-type":"","overlay-color":"","overlay-opacity":"","overlay-gradient":""}},"ast-content-background-meta":{"desktop":{"background-color":"var(--ast-global-color-5)","background-image":"","background-repeat":"repeat","background-position":"center center","background-size":"auto","background-attachment":"scroll","background-type":"","background-media":"","overlay-type":"","overlay-color":"","overlay-opacity":"","overlay-gradient":""},"tablet":{"background-color":"var(--ast-global-color-5)","background-image":"","background-repeat":"repeat","background-position":"center center","background-size":"auto","background-attachment":"scroll","background-type":"","background-media":"","overlay-type":"","overlay-color":"","overlay-opacity":"","overlay-gradient":""},"mobile":{"background-color":"var(--ast-global-color-5)","background-image":"","background-repeat":"repeat","background-position":"center center","background-size":"auto","background-attachment":"scroll","background-type":"","background-media":"","overlay-type":"","overlay-color":"","overlay-opacity":"","overlay-gradient":""}},"iawp_total_views":34},"product_brand":[],"product_cat":[238,678],"product_tag":[],"class_list":{"0":"post-14983","1":"product","2":"type-product","3":"status-publish","4":"has-post-thumbnail","6":"product_cat-panel-mount","7":"product_cat-panel-mount-cables","8":"desktop-align-left","9":"tablet-align-left","10":"mobile-align-left","12":"first","13":"instock","14":"shipping-taxable","15":"purchasable","16":"product-type-simple"},"acf":[],"_links":{"self":[{"href":"https:\/\/www.fjpremium.com\/es\/wp-json\/wp\/v2\/product\/14983","targetHints":{"allow":["GET"]}}],"collection":[{"href":"https:\/\/www.fjpremium.com\/es\/wp-json\/wp\/v2\/product"}],"about":[{"href":"https:\/\/www.fjpremium.com\/es\/wp-json\/wp\/v2\/types\/product"}],"wp:featuredmedia":[{"embeddable":true,"href":"https:\/\/www.fjpremium.com\/es\/wp-json\/wp\/v2\/media\/14999"}],"wp:attachment":[{"href":"https:\/\/www.fjpremium.com\/es\/wp-json\/wp\/v2\/media?parent=14983"}],"wp:term":[{"taxonomy":"product_brand","embeddable":true,"href":"https:\/\/www.fjpremium.com\/es\/wp-json\/wp\/v2\/product_brand?post=14983"},{"taxonomy":"product_cat","embeddable":true,"href":"https:\/\/www.fjpremium.com\/es\/wp-json\/wp\/v2\/product_cat?post=14983"},{"taxonomy":"product_tag","embeddable":true,"href":"https:\/\/www.fjpremium.com\/es\/wp-json\/wp\/v2\/product_tag?post=14983"}],"curies":[{"name":"wp","href":"https:\/\/api.w.org\/{rel}","templated":true}]}}