{"id":14976,"date":"2020-05-25T15:45:37","date_gmt":"2020-05-25T07:45:37","guid":{"rendered":"https:\/\/www.fjpremium.com\/?post_type=product&#038;p=14976"},"modified":"2024-03-13T13:30:46","modified_gmt":"2024-03-13T05:30:46","slug":"usb-3-0-female-to-female-panel-mount-cable","status":"publish","type":"product","link":"https:\/\/www.fjpremium.com\/es\/product\/usb-3-0-female-to-female-panel-mount-cable\/","title":{"rendered":"Cable USB 3.0 de montaje en panel hembra a hembra"},"content":{"rendered":"<p>El cable USB 3.0 para montaje en panel est\u00e1 dise\u00f1ado para ofrecer conectividad desde una fuente de ubicaci\u00f3n segura. Su dise\u00f1o corto y meticuloso est\u00e1 pensado para que la p\u00e9rdida de se\u00f1al sea m\u00ednima.<\/p>\n<p>Adem\u00e1s, ofrece una r\u00e1pida velocidad de transferencia de hasta 4,8 Gbps, en funci\u00f3n de la versi\u00f3n USB del perif\u00e9rico, y se acopla sin esfuerzo a cualquier dispositivo USB.<\/p>\n<p>Equipado con blindaje de l\u00e1mina y trenzado, este cable combate completamente las interferencias EMI\/RFI, mientras que su construcci\u00f3n de par trenzado minimiza la diafon\u00eda, prometiendo una transferencia de datos de alta velocidad y sin errores.<\/p>\n<p>Sus especificaciones:<\/p>\n<ul>\n<li>Tipo de tuerca y tornillo #4-40 niquelado<\/li>\n<li>Contacto dorado, carcasa niquelada<\/li>\n<li>Conductor del cable: Cobre esta\u00f1ado<\/li>\n<li>Aislamiento: PE SKIN\/HDPE espumado<\/li>\n<li>Calibre del cable: 28\/24AWG<\/li>\n<li>Carcasa: Moldeo por inyecci\u00f3n<\/li>\n<li>Cubierta: PVC<\/li>\n<li>Di\u00e1metro exterior: 5,5\u00b10,2 mm<\/li>\n<li>Conformidad: RoHS, REACH, CE<\/li>\n<\/ul>\n<p>Adem\u00e1s, se ha probado para cumplir las normas del sector y cuenta con la garant\u00eda de 2 a\u00f1os de FARSINCE. Por lo tanto, pedirlo hoy y elevar su inventario.<\/p>","protected":false},"excerpt":{"rendered":"<p>Familiar\u00edcese con el cable premium de montaje en panel USB 3.0 de FARSINCE, que ofrece una soluci\u00f3n eficiente para ampliar la conectividad USB a trav\u00e9s de un panel combinando dos cables USB.<\/p>","protected":false},"featured_media":14977,"template":"","meta":{"_acf_changed":false,"_seopress_robots_primary_cat":"","_seopress_titles_title":"USB 3.0 Panel Mount Cable Female to Female - FARSINCE","_seopress_titles_desc":"Get acquainted with this USB 3.0 panel mount cable, offering an efficient solution to extend USB connectivity through a panel by combining two USB cables. ","_seopress_robots_index":"","site-sidebar-layout":"default","site-content-layout":"default","ast-site-content-layout":"default","site-content-style":"default","site-sidebar-style":"default","ast-global-header-display":"","ast-banner-title-visibility":"","ast-main-header-display":"","ast-hfb-above-header-display":"","ast-hfb-below-header-display":"","ast-hfb-mobile-header-display":"","site-post-title":"","ast-breadcrumbs-content":"","ast-featured-img":"","footer-sml-layout":"","ast-disable-related-posts":"","theme-transparent-header-meta":"default","adv-header-id-meta":"","stick-header-meta":"","header-above-stick-meta":"","header-main-stick-meta":"","header-below-stick-meta":"","astra-migrate-meta-layouts":"set","ast-page-background-enabled":"default","ast-page-background-meta":{"desktop":{"background-color":"","background-image":"","background-repeat":"repeat","background-position":"center center","background-size":"auto","background-attachment":"scroll","background-type":"","background-media":"","overlay-type":"","overlay-color":"","overlay-opacity":"","overlay-gradient":""},"tablet":{"background-color":"","background-image":"","background-repeat":"repeat","background-position":"center center","background-size":"auto","background-attachment":"scroll","background-type":"","background-media":"","overlay-type":"","overlay-color":"","overlay-opacity":"","overlay-gradient":""},"mobile":{"background-color":"","background-image":"","background-repeat":"repeat","background-position":"center center","background-size":"auto","background-attachment":"scroll","background-type":"","background-media":"","overlay-type":"","overlay-color":"","overlay-opacity":"","overlay-gradient":""}},"ast-content-background-meta":{"desktop":{"background-color":"var(--ast-global-color-5)","background-image":"","background-repeat":"repeat","background-position":"center center","background-size":"auto","background-attachment":"scroll","background-type":"","background-media":"","overlay-type":"","overlay-color":"","overlay-opacity":"","overlay-gradient":""},"tablet":{"background-color":"var(--ast-global-color-5)","background-image":"","background-repeat":"repeat","background-position":"center center","background-size":"auto","background-attachment":"scroll","background-type":"","background-media":"","overlay-type":"","overlay-color":"","overlay-opacity":"","overlay-gradient":""},"mobile":{"background-color":"var(--ast-global-color-5)","background-image":"","background-repeat":"repeat","background-position":"center center","background-size":"auto","background-attachment":"scroll","background-type":"","background-media":"","overlay-type":"","overlay-color":"","overlay-opacity":"","overlay-gradient":""}},"iawp_total_views":18},"product_brand":[],"product_cat":[238,678],"product_tag":[],"class_list":{"0":"post-14976","1":"product","2":"type-product","3":"status-publish","4":"has-post-thumbnail","6":"product_cat-panel-mount","7":"product_cat-panel-mount-cables","8":"desktop-align-left","9":"tablet-align-left","10":"mobile-align-left","12":"first","13":"instock","14":"shipping-taxable","15":"purchasable","16":"product-type-simple"},"acf":[],"_links":{"self":[{"href":"https:\/\/www.fjpremium.com\/es\/wp-json\/wp\/v2\/product\/14976","targetHints":{"allow":["GET"]}}],"collection":[{"href":"https:\/\/www.fjpremium.com\/es\/wp-json\/wp\/v2\/product"}],"about":[{"href":"https:\/\/www.fjpremium.com\/es\/wp-json\/wp\/v2\/types\/product"}],"wp:featuredmedia":[{"embeddable":true,"href":"https:\/\/www.fjpremium.com\/es\/wp-json\/wp\/v2\/media\/14977"}],"wp:attachment":[{"href":"https:\/\/www.fjpremium.com\/es\/wp-json\/wp\/v2\/media?parent=14976"}],"wp:term":[{"taxonomy":"product_brand","embeddable":true,"href":"https:\/\/www.fjpremium.com\/es\/wp-json\/wp\/v2\/product_brand?post=14976"},{"taxonomy":"product_cat","embeddable":true,"href":"https:\/\/www.fjpremium.com\/es\/wp-json\/wp\/v2\/product_cat?post=14976"},{"taxonomy":"product_tag","embeddable":true,"href":"https:\/\/www.fjpremium.com\/es\/wp-json\/wp\/v2\/product_tag?post=14976"}],"curies":[{"name":"wp","href":"https:\/\/api.w.org\/{rel}","templated":true}]}}