{"id":14957,"date":"2020-05-25T11:27:40","date_gmt":"2020-05-25T03:27:40","guid":{"rendered":"https:\/\/www.fjpremium.com\/?post_type=product&#038;p=14957"},"modified":"2024-03-12T13:40:08","modified_gmt":"2024-03-12T05:40:08","slug":"displayport-male-to-female-panel-mount-extension-cable","status":"publish","type":"product","link":"https:\/\/www.fjpremium.com\/es\/product\/displayport-male-to-female-panel-mount-extension-cable\/","title":{"rendered":"Extensi\u00f3n de cable DisplayPort macho a hembra para montaje en panel"},"content":{"rendered":"<p>Esta innovadora soluci\u00f3n permite fusionar dos cables DisplayPort para lograr una conectividad sin fisuras a trav\u00e9s del panel desde una fuente de ubicaci\u00f3n segura. Su dise\u00f1o corto y preciso garantiza una p\u00e9rdida de se\u00f1al m\u00ednima.<\/p>\n<p>Adem\u00e1s, experimentar\u00e1 la emoci\u00f3n de los juegos o la claridad del streaming de v\u00eddeo transmitiendo se\u00f1ales de audio y v\u00eddeo desde el ordenador al monitor.<\/p>\n<p>El cable es compatible con resoluciones de v\u00eddeo 4K y 1080P y ofrece una transmisi\u00f3n de audio impecable para 7.1, 5.1 o 2 canales digitales sin comprimir.<\/p>\n<p>Cumple las normas DisplayPort 1.2, con conductores totalmente blindados para inmunidad a interferencias EMI\/RFI y conectores chapados en oro de 24 K para una transferencia de se\u00f1al superior, lo que garantiza su fiabilidad.<\/p>\n<p>Sus especificaciones:<\/p>\n<ul>\n<li>Tipo de tuerca y tornillo #4-40 niquelado<\/li>\n<li>Conductor del cable: Cobre esta\u00f1ado<\/li>\n<li>Aislamiento: PE SKIN\/HDPE espumado<\/li>\n<li>Calibre del cable: 28AWG 7\/0,12 mm<\/li>\n<li>Blindaje: par trenzado de papel de aluminio, papel de aluminio general, trenzado<\/li>\n<li>Carcasa: Moldeo por inyecci\u00f3n<\/li>\n<li>Cubierta: PVC<\/li>\n<li>Di\u00e1metro exterior: 7,0\u00b10,2 mm<\/li>\n<li>Conformidad: RoHS, REACH, CE<\/li>\n<\/ul>\n<p>Adem\u00e1s, fabricado con materiales de alta calidad, este robusto alargador de cable DisplayPort ofrece toda una vida de rendimiento constante.<\/p>\n<p>Adem\u00e1s, ha sido probado para cumplir las normas del sector y est\u00e1 respaldado por la garant\u00eda de 2 a\u00f1os de FARSINCE. En definitiva, p\u00f3ngase en contacto con nosotros hoy mismo e invierta en \u00e9l.<\/p>","protected":false},"excerpt":{"rendered":"<p>Descubra la extensi\u00f3n de cable DisplayPort superior de FARSINCE, que fusiona dos cables DisplayPort para una transmisi\u00f3n audiovisual de primer nivel, segura e impecable.<\/p>","protected":false},"featured_media":14971,"template":"","meta":{"_acf_changed":false,"_seopress_robots_primary_cat":"","_seopress_titles_title":"Panel Mount DisplayPort Cable Extension - Farsince","_seopress_titles_desc":"","_seopress_robots_index":"","site-sidebar-layout":"default","site-content-layout":"default","ast-site-content-layout":"default","site-content-style":"default","site-sidebar-style":"default","ast-global-header-display":"","ast-banner-title-visibility":"","ast-main-header-display":"","ast-hfb-above-header-display":"","ast-hfb-below-header-display":"","ast-hfb-mobile-header-display":"","site-post-title":"","ast-breadcrumbs-content":"","ast-featured-img":"","footer-sml-layout":"","ast-disable-related-posts":"","theme-transparent-header-meta":"default","adv-header-id-meta":"","stick-header-meta":"","header-above-stick-meta":"","header-main-stick-meta":"","header-below-stick-meta":"","astra-migrate-meta-layouts":"set","ast-page-background-enabled":"default","ast-page-background-meta":{"desktop":{"background-color":"","background-image":"","background-repeat":"repeat","background-position":"center center","background-size":"auto","background-attachment":"scroll","background-type":"","background-media":"","overlay-type":"","overlay-color":"","overlay-opacity":"","overlay-gradient":""},"tablet":{"background-color":"","background-image":"","background-repeat":"repeat","background-position":"center center","background-size":"auto","background-attachment":"scroll","background-type":"","background-media":"","overlay-type":"","overlay-color":"","overlay-opacity":"","overlay-gradient":""},"mobile":{"background-color":"","background-image":"","background-repeat":"repeat","background-position":"center center","background-size":"auto","background-attachment":"scroll","background-type":"","background-media":"","overlay-type":"","overlay-color":"","overlay-opacity":"","overlay-gradient":""}},"ast-content-background-meta":{"desktop":{"background-color":"var(--ast-global-color-5)","background-image":"","background-repeat":"repeat","background-position":"center center","background-size":"auto","background-attachment":"scroll","background-type":"","background-media":"","overlay-type":"","overlay-color":"","overlay-opacity":"","overlay-gradient":""},"tablet":{"background-color":"var(--ast-global-color-5)","background-image":"","background-repeat":"repeat","background-position":"center center","background-size":"auto","background-attachment":"scroll","background-type":"","background-media":"","overlay-type":"","overlay-color":"","overlay-opacity":"","overlay-gradient":""},"mobile":{"background-color":"var(--ast-global-color-5)","background-image":"","background-repeat":"repeat","background-position":"center center","background-size":"auto","background-attachment":"scroll","background-type":"","background-media":"","overlay-type":"","overlay-color":"","overlay-opacity":"","overlay-gradient":""}},"iawp_total_views":9},"product_brand":[],"product_cat":[238,678],"product_tag":[],"class_list":{"0":"post-14957","1":"product","2":"type-product","3":"status-publish","4":"has-post-thumbnail","6":"product_cat-panel-mount","7":"product_cat-panel-mount-cables","8":"desktop-align-left","9":"tablet-align-left","10":"mobile-align-left","12":"first","13":"instock","14":"shipping-taxable","15":"purchasable","16":"product-type-simple"},"acf":[],"_links":{"self":[{"href":"https:\/\/www.fjpremium.com\/es\/wp-json\/wp\/v2\/product\/14957","targetHints":{"allow":["GET"]}}],"collection":[{"href":"https:\/\/www.fjpremium.com\/es\/wp-json\/wp\/v2\/product"}],"about":[{"href":"https:\/\/www.fjpremium.com\/es\/wp-json\/wp\/v2\/types\/product"}],"wp:featuredmedia":[{"embeddable":true,"href":"https:\/\/www.fjpremium.com\/es\/wp-json\/wp\/v2\/media\/14971"}],"wp:attachment":[{"href":"https:\/\/www.fjpremium.com\/es\/wp-json\/wp\/v2\/media?parent=14957"}],"wp:term":[{"taxonomy":"product_brand","embeddable":true,"href":"https:\/\/www.fjpremium.com\/es\/wp-json\/wp\/v2\/product_brand?post=14957"},{"taxonomy":"product_cat","embeddable":true,"href":"https:\/\/www.fjpremium.com\/es\/wp-json\/wp\/v2\/product_cat?post=14957"},{"taxonomy":"product_tag","embeddable":true,"href":"https:\/\/www.fjpremium.com\/es\/wp-json\/wp\/v2\/product_tag?post=14957"}],"curies":[{"name":"wp","href":"https:\/\/api.w.org\/{rel}","templated":true}]}}