{"id":14956,"date":"2020-05-25T11:27:37","date_gmt":"2020-05-25T03:27:37","guid":{"rendered":"https:\/\/www.fjpremium.com\/?post_type=product&#038;p=14956"},"modified":"2024-03-12T13:09:57","modified_gmt":"2024-03-12T05:09:57","slug":"displayport-female-to-female-panel-mount-cable","status":"publish","type":"product","link":"https:\/\/www.fjpremium.com\/es\/product\/displayport-female-to-female-panel-mount-cable\/","title":{"rendered":"Cable adaptador DisplayPort hembra para montaje en panel"},"content":{"rendered":"<p>Nuestro cable adaptador est\u00e1 meticulosamente dise\u00f1ado para fusionar dos cables DisplayPort, ofreciendo una conectividad sin fisuras a trav\u00e9s de un panel.<\/p>\n<p>Constituye una soluci\u00f3n ideal para establecer la conectividad de pantalla de forma segura garantizando una p\u00e9rdida de se\u00f1al m\u00ednima.<\/p>\n<p>Este adaptador DisplayPort hembra transmite sin esfuerzo se\u00f1ales de audio y v\u00eddeo del ordenador al monitor.<\/p>\n<p>Admite resoluciones de v\u00eddeo de hasta 4K y 1080P, con transmisi\u00f3n de audio pr\u00edstina para 7.1, 5.1 o 2 canales digitales sin comprimir. Fabricado conforme al est\u00e1ndar DisplayPort 1.2, tambi\u00e9n est\u00e1 pensado para aplicaciones de alto rendimiento.<\/p>\n<p>Sus especificaciones:<\/p>\n<ul>\n<li>Tipo de tuerca y tornillo #4-40 niquelado<\/li>\n<li>Conductor del cable: Cobre esta\u00f1ado<\/li>\n<li>Aislamiento: PE SKIN\/HDPE espumado<\/li>\n<li>Calibre del cable: 28AWG 7\/0,12 mm<\/li>\n<li>Blindaje: par trenzado de papel de aluminio, papel de aluminio general, trenzado<\/li>\n<li>Carcasa: Moldeo por inyecci\u00f3n<\/li>\n<li>Cubierta: PVC<\/li>\n<li>Di\u00e1metro exterior: 7,0\u00b10,2 mm<\/li>\n<li>Conformidad: RoHS, REACH, CE<\/li>\n<\/ul>\n<p>Adem\u00e1s, los conductores totalmente apantallados del cable resisten las interferencias EMI\/RFI, mientras que los conectores chapados en oro de 24 K garantizan una transmisi\u00f3n de se\u00f1al superior.<\/p>\n<p>Adem\u00e1s, se ha sometido a pruebas exhaustivas para cumplir las normas del sector y cuenta con la garant\u00eda de 2 a\u00f1os de FARSINCE. En conclusi\u00f3n, p\u00f3ngase en contacto con nosotros hoy mismo y a\u00f1\u00e1dalo a su inventario.<\/p>","protected":false},"excerpt":{"rendered":"<p>Entre en un nuevo reino de la conectividad con el adaptador DisplayPort hembra de alta calidad de FARSINCE, que combina dos cables DisplayPort para una transmisi\u00f3n audiovisual de alta resoluci\u00f3n.<\/p>","protected":false},"featured_media":14966,"template":"","meta":{"_acf_changed":false,"_seopress_robots_primary_cat":"","_seopress_titles_title":"DisplayPort Female Adapter Panel Mount Cable - FARSINCE","_seopress_titles_desc":"Engage in a new realm of connectivity with our DisplayPort female adapter, combining two DisplayPort cables for high-resolution audio-visual transmission. ","_seopress_robots_index":"","site-sidebar-layout":"default","site-content-layout":"default","ast-site-content-layout":"default","site-content-style":"default","site-sidebar-style":"default","ast-global-header-display":"","ast-banner-title-visibility":"","ast-main-header-display":"","ast-hfb-above-header-display":"","ast-hfb-below-header-display":"","ast-hfb-mobile-header-display":"","site-post-title":"","ast-breadcrumbs-content":"","ast-featured-img":"","footer-sml-layout":"","ast-disable-related-posts":"","theme-transparent-header-meta":"default","adv-header-id-meta":"","stick-header-meta":"","header-above-stick-meta":"","header-main-stick-meta":"","header-below-stick-meta":"","astra-migrate-meta-layouts":"set","ast-page-background-enabled":"default","ast-page-background-meta":{"desktop":{"background-color":"","background-image":"","background-repeat":"repeat","background-position":"center center","background-size":"auto","background-attachment":"scroll","background-type":"","background-media":"","overlay-type":"","overlay-color":"","overlay-opacity":"","overlay-gradient":""},"tablet":{"background-color":"","background-image":"","background-repeat":"repeat","background-position":"center center","background-size":"auto","background-attachment":"scroll","background-type":"","background-media":"","overlay-type":"","overlay-color":"","overlay-opacity":"","overlay-gradient":""},"mobile":{"background-color":"","background-image":"","background-repeat":"repeat","background-position":"center center","background-size":"auto","background-attachment":"scroll","background-type":"","background-media":"","overlay-type":"","overlay-color":"","overlay-opacity":"","overlay-gradient":""}},"ast-content-background-meta":{"desktop":{"background-color":"var(--ast-global-color-5)","background-image":"","background-repeat":"repeat","background-position":"center center","background-size":"auto","background-attachment":"scroll","background-type":"","background-media":"","overlay-type":"","overlay-color":"","overlay-opacity":"","overlay-gradient":""},"tablet":{"background-color":"var(--ast-global-color-5)","background-image":"","background-repeat":"repeat","background-position":"center center","background-size":"auto","background-attachment":"scroll","background-type":"","background-media":"","overlay-type":"","overlay-color":"","overlay-opacity":"","overlay-gradient":""},"mobile":{"background-color":"var(--ast-global-color-5)","background-image":"","background-repeat":"repeat","background-position":"center center","background-size":"auto","background-attachment":"scroll","background-type":"","background-media":"","overlay-type":"","overlay-color":"","overlay-opacity":"","overlay-gradient":""}},"iawp_total_views":9},"product_brand":[],"product_cat":[238,678],"product_tag":[],"class_list":{"0":"post-14956","1":"product","2":"type-product","3":"status-publish","4":"has-post-thumbnail","6":"product_cat-panel-mount","7":"product_cat-panel-mount-cables","8":"desktop-align-left","9":"tablet-align-left","10":"mobile-align-left","12":"first","13":"instock","14":"shipping-taxable","15":"purchasable","16":"product-type-simple"},"acf":[],"_links":{"self":[{"href":"https:\/\/www.fjpremium.com\/es\/wp-json\/wp\/v2\/product\/14956","targetHints":{"allow":["GET"]}}],"collection":[{"href":"https:\/\/www.fjpremium.com\/es\/wp-json\/wp\/v2\/product"}],"about":[{"href":"https:\/\/www.fjpremium.com\/es\/wp-json\/wp\/v2\/types\/product"}],"wp:featuredmedia":[{"embeddable":true,"href":"https:\/\/www.fjpremium.com\/es\/wp-json\/wp\/v2\/media\/14966"}],"wp:attachment":[{"href":"https:\/\/www.fjpremium.com\/es\/wp-json\/wp\/v2\/media?parent=14956"}],"wp:term":[{"taxonomy":"product_brand","embeddable":true,"href":"https:\/\/www.fjpremium.com\/es\/wp-json\/wp\/v2\/product_brand?post=14956"},{"taxonomy":"product_cat","embeddable":true,"href":"https:\/\/www.fjpremium.com\/es\/wp-json\/wp\/v2\/product_cat?post=14956"},{"taxonomy":"product_tag","embeddable":true,"href":"https:\/\/www.fjpremium.com\/es\/wp-json\/wp\/v2\/product_tag?post=14956"}],"curies":[{"name":"wp","href":"https:\/\/api.w.org\/{rel}","templated":true}]}}