{"id":14955,"date":"2020-05-25T11:27:35","date_gmt":"2020-05-25T03:27:35","guid":{"rendered":"https:\/\/www.fjpremium.com\/?post_type=product&#038;p=14955"},"modified":"2024-03-18T13:31:40","modified_gmt":"2024-03-18T05:31:40","slug":"displayport-female-to-female-panel-mount-coupler-adapter-with-screw-locking","status":"publish","type":"product","link":"https:\/\/www.fjpremium.com\/es\/product\/displayport-female-to-female-panel-mount-coupler-adapter-with-screw-locking\/","title":{"rendered":"Mejor adaptador DisplayPort hembra a hembra acoplador para montaje en panel"},"content":{"rendered":"<p>El mejor adaptador DisplayPort ofrece conectividad de hembra a hembra con un innovador dise\u00f1o de tornillo que garantiza una conexi\u00f3n firme.<\/p>\n<p>Simplifica la configuraci\u00f3n combinando dos cables DisplayPort a trav\u00e9s de un panel sin p\u00e9rdida de se\u00f1al o ampliando su alcance a un concentrador DisplayPort MST para conseguir un escritorio sin desorden.<\/p>\n<p>Gracias a su ancho de banda de alta velocidad de bits (HBR) y su resoluci\u00f3n de hasta 4K, este acoplador garantiza un rendimiento excepcional.<\/p>\n<p>Sus especificaciones:<\/p>\n<ul>\n<li>Tipo de tuerca y tornillo #4-40 niquelado<\/li>\n<li>Contacto chapado en oro; carcasa chapada en oro<\/li>\n<li>Moldeado interior: LDPE<\/li>\n<li>Moldeado exterior: PVC 45P, Negro<\/li>\n<li>Conformidad: RoHS, REACH<\/li>\n<\/ul>\n<p>Adem\u00e1s, respaldado por la garant\u00eda de a\u00f1os de FARSINCE, cumple los est\u00e1ndares DisplayPort 1.2. En resumen, invierta en \u00e9l y eleve su inventario.<\/p>","protected":false},"excerpt":{"rendered":"<p>Actualice su experiencia audiovisual con el mejor adaptador DisplayPort de FARSINCE, dise\u00f1ado para transmitir audio y video HD superior desde su computadora a su pantalla.<\/p>","protected":false},"featured_media":14958,"template":"","meta":{"_acf_changed":false,"_seopress_robots_primary_cat":"","_seopress_titles_title":"Best DisplayPort Adapter Female to Female - Farsince","_seopress_titles_desc":"Upgrade your audio-visual experience with this best DisplayPort adapter, engineered to transmit superior HD audio and video from your computer to your display. ","_seopress_robots_index":"","site-sidebar-layout":"default","site-content-layout":"default","ast-site-content-layout":"default","site-content-style":"default","site-sidebar-style":"default","ast-global-header-display":"","ast-banner-title-visibility":"","ast-main-header-display":"","ast-hfb-above-header-display":"","ast-hfb-below-header-display":"","ast-hfb-mobile-header-display":"","site-post-title":"","ast-breadcrumbs-content":"","ast-featured-img":"","footer-sml-layout":"","ast-disable-related-posts":"","theme-transparent-header-meta":"default","adv-header-id-meta":"","stick-header-meta":"","header-above-stick-meta":"","header-main-stick-meta":"","header-below-stick-meta":"","astra-migrate-meta-layouts":"set","ast-page-background-enabled":"default","ast-page-background-meta":{"desktop":{"background-color":"","background-image":"","background-repeat":"repeat","background-position":"center center","background-size":"auto","background-attachment":"scroll","background-type":"","background-media":"","overlay-type":"","overlay-color":"","overlay-opacity":"","overlay-gradient":""},"tablet":{"background-color":"","background-image":"","background-repeat":"repeat","background-position":"center center","background-size":"auto","background-attachment":"scroll","background-type":"","background-media":"","overlay-type":"","overlay-color":"","overlay-opacity":"","overlay-gradient":""},"mobile":{"background-color":"","background-image":"","background-repeat":"repeat","background-position":"center center","background-size":"auto","background-attachment":"scroll","background-type":"","background-media":"","overlay-type":"","overlay-color":"","overlay-opacity":"","overlay-gradient":""}},"ast-content-background-meta":{"desktop":{"background-color":"var(--ast-global-color-5)","background-image":"","background-repeat":"repeat","background-position":"center center","background-size":"auto","background-attachment":"scroll","background-type":"","background-media":"","overlay-type":"","overlay-color":"","overlay-opacity":"","overlay-gradient":""},"tablet":{"background-color":"var(--ast-global-color-5)","background-image":"","background-repeat":"repeat","background-position":"center center","background-size":"auto","background-attachment":"scroll","background-type":"","background-media":"","overlay-type":"","overlay-color":"","overlay-opacity":"","overlay-gradient":""},"mobile":{"background-color":"var(--ast-global-color-5)","background-image":"","background-repeat":"repeat","background-position":"center center","background-size":"auto","background-attachment":"scroll","background-type":"","background-media":"","overlay-type":"","overlay-color":"","overlay-opacity":"","overlay-gradient":""}},"iawp_total_views":11},"product_brand":[],"product_cat":[238,679],"product_tag":[],"class_list":{"0":"post-14955","1":"product","2":"type-product","3":"status-publish","4":"has-post-thumbnail","6":"product_cat-panel-mount","7":"product_cat-panel-mount-couplers","8":"desktop-align-left","9":"tablet-align-left","10":"mobile-align-left","12":"first","13":"instock","14":"shipping-taxable","15":"purchasable","16":"product-type-simple"},"acf":[],"_links":{"self":[{"href":"https:\/\/www.fjpremium.com\/es\/wp-json\/wp\/v2\/product\/14955","targetHints":{"allow":["GET"]}}],"collection":[{"href":"https:\/\/www.fjpremium.com\/es\/wp-json\/wp\/v2\/product"}],"about":[{"href":"https:\/\/www.fjpremium.com\/es\/wp-json\/wp\/v2\/types\/product"}],"wp:featuredmedia":[{"embeddable":true,"href":"https:\/\/www.fjpremium.com\/es\/wp-json\/wp\/v2\/media\/14958"}],"wp:attachment":[{"href":"https:\/\/www.fjpremium.com\/es\/wp-json\/wp\/v2\/media?parent=14955"}],"wp:term":[{"taxonomy":"product_brand","embeddable":true,"href":"https:\/\/www.fjpremium.com\/es\/wp-json\/wp\/v2\/product_brand?post=14955"},{"taxonomy":"product_cat","embeddable":true,"href":"https:\/\/www.fjpremium.com\/es\/wp-json\/wp\/v2\/product_cat?post=14955"},{"taxonomy":"product_tag","embeddable":true,"href":"https:\/\/www.fjpremium.com\/es\/wp-json\/wp\/v2\/product_tag?post=14955"}],"curies":[{"name":"wp","href":"https:\/\/api.w.org\/{rel}","templated":true}]}}