{"id":14934,"date":"2020-05-25T11:13:51","date_gmt":"2020-05-25T03:13:51","guid":{"rendered":"https:\/\/www.fjpremium.com\/?post_type=product&#038;p=14934"},"modified":"2024-03-20T15:51:08","modified_gmt":"2024-03-20T07:51:08","slug":"flat-hdmi-female-to-female-panel-mount-cable","status":"publish","type":"product","link":"https:\/\/www.fjpremium.com\/es\/product\/flat-hdmi-female-to-female-panel-mount-cable\/","title":{"rendered":"Cable HDMI plano 8K hembra a hembra para montaje en panel"},"content":{"rendered":"<p>Nuestro cable est\u00e1 hecho a medida para proporcionar la soluci\u00f3n definitiva para combinar dos cables HDMI y establecer una conexi\u00f3n segura a trav\u00e9s de un panel. Le permite ofrecer conectividad de pantalla desde una fuente protegida sin esfuerzo.<\/p>\n<p>Con su corta longitud y su dise\u00f1o vanguardista, este cable HDMI plano garantiza una p\u00e9rdida de se\u00f1al m\u00ednima, asegurando una experiencia visual ininterrumpida.<\/p>\n<p>Admite sin esfuerzo resoluciones de v\u00eddeo de hasta 8K@60Hz, ofreciendo una claridad visual extraordinaria cuatro veces superior a la resoluci\u00f3n de v\u00eddeo tradicional de 1080p\/60.<\/p>\n<p>Sus especificaciones:<\/p>\n<ul>\n<li>Tipo de tuerca y tornillo #4-40 niquelado<\/li>\n<li>Paso de los orificios: 25\u00b11 mm<\/li>\n<li>Conductor del cable: Cobre esta\u00f1ado<\/li>\n<li>Aislamiento: PE SKIN\/HDPE espumado<\/li>\n<li>Calibre del cable: 28+30AWG<\/li>\n<li>Blindaje: par trenzado de papel de aluminio, papel de aluminio general, trenzado<\/li>\n<li>Carcasa: Moldeo por inyecci\u00f3n<\/li>\n<li>Cubierta: PVC<\/li>\n<li>Di\u00e1metro exterior: 3,2*14,5 \u00b1 0,2 mm<\/li>\n<li>Conformidad: RoHS, REACH<\/li>\n<\/ul>\n<p>Adem\u00e1s, sus conductores totalmente apantallados proporcionan una inmunidad total a las interferencias EMI\/RFI, mientras que los conectores chapados en oro de 24 K garantizan una transferencia de se\u00f1al impecable.<\/p>\n<p>Cada cable se somete a rigurosas pruebas para cumplir las normas del sector, lo que garantiza una funcionalidad perfecta. Compre con confianza, sabiendo que nuestra garant\u00eda de 2 a\u00f1os respalda el cable de gran ancho de banda.<\/p>\n<p>Por lo tanto, p\u00f3ngase en contacto con nosotros hoy mismo e invierta en ella.<\/p>","protected":false},"excerpt":{"rendered":"<p>Sum\u00e9rjase en una conectividad sin fisuras con el cable HDMI plano FARSINCE, que ofrece impresionantes resoluciones de v\u00eddeo de hasta 8K@60Hz.<\/p>","protected":false},"featured_media":14946,"template":"","meta":{"_acf_changed":false,"_seopress_robots_primary_cat":"","_seopress_titles_title":"Best Flat HDMI Cable Female to Female Panel Mount - FARSINCE","_seopress_titles_desc":"","_seopress_robots_index":"","site-sidebar-layout":"default","site-content-layout":"default","ast-site-content-layout":"default","site-content-style":"default","site-sidebar-style":"default","ast-global-header-display":"","ast-banner-title-visibility":"","ast-main-header-display":"","ast-hfb-above-header-display":"","ast-hfb-below-header-display":"","ast-hfb-mobile-header-display":"","site-post-title":"","ast-breadcrumbs-content":"","ast-featured-img":"","footer-sml-layout":"","ast-disable-related-posts":"","theme-transparent-header-meta":"default","adv-header-id-meta":"","stick-header-meta":"","header-above-stick-meta":"","header-main-stick-meta":"","header-below-stick-meta":"","astra-migrate-meta-layouts":"set","ast-page-background-enabled":"default","ast-page-background-meta":{"desktop":{"background-color":"","background-image":"","background-repeat":"repeat","background-position":"center center","background-size":"auto","background-attachment":"scroll","background-type":"","background-media":"","overlay-type":"","overlay-color":"","overlay-opacity":"","overlay-gradient":""},"tablet":{"background-color":"","background-image":"","background-repeat":"repeat","background-position":"center center","background-size":"auto","background-attachment":"scroll","background-type":"","background-media":"","overlay-type":"","overlay-color":"","overlay-opacity":"","overlay-gradient":""},"mobile":{"background-color":"","background-image":"","background-repeat":"repeat","background-position":"center center","background-size":"auto","background-attachment":"scroll","background-type":"","background-media":"","overlay-type":"","overlay-color":"","overlay-opacity":"","overlay-gradient":""}},"ast-content-background-meta":{"desktop":{"background-color":"var(--ast-global-color-5)","background-image":"","background-repeat":"repeat","background-position":"center center","background-size":"auto","background-attachment":"scroll","background-type":"","background-media":"","overlay-type":"","overlay-color":"","overlay-opacity":"","overlay-gradient":""},"tablet":{"background-color":"var(--ast-global-color-5)","background-image":"","background-repeat":"repeat","background-position":"center center","background-size":"auto","background-attachment":"scroll","background-type":"","background-media":"","overlay-type":"","overlay-color":"","overlay-opacity":"","overlay-gradient":""},"mobile":{"background-color":"var(--ast-global-color-5)","background-image":"","background-repeat":"repeat","background-position":"center center","background-size":"auto","background-attachment":"scroll","background-type":"","background-media":"","overlay-type":"","overlay-color":"","overlay-opacity":"","overlay-gradient":""}},"iawp_total_views":4},"product_brand":[],"product_cat":[238,678],"product_tag":[],"class_list":{"0":"post-14934","1":"product","2":"type-product","3":"status-publish","4":"has-post-thumbnail","6":"product_cat-panel-mount","7":"product_cat-panel-mount-cables","8":"desktop-align-left","9":"tablet-align-left","10":"mobile-align-left","12":"first","13":"instock","14":"shipping-taxable","15":"purchasable","16":"product-type-simple"},"acf":[],"_links":{"self":[{"href":"https:\/\/www.fjpremium.com\/es\/wp-json\/wp\/v2\/product\/14934","targetHints":{"allow":["GET"]}}],"collection":[{"href":"https:\/\/www.fjpremium.com\/es\/wp-json\/wp\/v2\/product"}],"about":[{"href":"https:\/\/www.fjpremium.com\/es\/wp-json\/wp\/v2\/types\/product"}],"wp:featuredmedia":[{"embeddable":true,"href":"https:\/\/www.fjpremium.com\/es\/wp-json\/wp\/v2\/media\/14946"}],"wp:attachment":[{"href":"https:\/\/www.fjpremium.com\/es\/wp-json\/wp\/v2\/media?parent=14934"}],"wp:term":[{"taxonomy":"product_brand","embeddable":true,"href":"https:\/\/www.fjpremium.com\/es\/wp-json\/wp\/v2\/product_brand?post=14934"},{"taxonomy":"product_cat","embeddable":true,"href":"https:\/\/www.fjpremium.com\/es\/wp-json\/wp\/v2\/product_cat?post=14934"},{"taxonomy":"product_tag","embeddable":true,"href":"https:\/\/www.fjpremium.com\/es\/wp-json\/wp\/v2\/product_tag?post=14934"}],"curies":[{"name":"wp","href":"https:\/\/api.w.org\/{rel}","templated":true}]}}