{"id":14932,"date":"2020-05-25T11:13:42","date_gmt":"2020-05-25T03:13:42","guid":{"rendered":"https:\/\/www.fjpremium.com\/?post_type=product&#038;p=14932"},"modified":"2024-03-11T16:18:01","modified_gmt":"2024-03-11T08:18:01","slug":"hdmi-female-to-female-panel-mount-cable","status":"publish","type":"product","link":"https:\/\/www.fjpremium.com\/es\/product\/hdmi-female-to-female-panel-mount-cable\/","title":{"rendered":"Cable de montaje en panel 8K Adaptador HDMI hembra a hembra"},"content":{"rendered":"<p>Nuestro cable HDMI hembra a hembra para montaje en panel proporciona la soluci\u00f3n perfecta para combinar dos cables HDMI y lograr conectividad a trav\u00e9s de un panel, lo que permite la conectividad de la pantalla desde una ubicaci\u00f3n segura.<\/p>\n<p>Gracias a la compatibilidad con resoluciones de v\u00eddeo de hasta 8K@60Hz, podr\u00e1 sumergirse en impresionantes im\u00e1genes que capturan hasta el m\u00e1s m\u00ednimo detalle.<\/p>\n<p>Los conductores totalmente blindados de este adaptador HDMI hembra a hembra proporcionan una inmunidad total a las interferencias EMI\/RFI, mientras que los conectores chapados en oro de 24 K garantizan una transferencia de se\u00f1al superior.<\/p>\n<p>Tenga la seguridad de que se ha sometido a rigurosas pruebas para cumplir las normas del sector.<\/p>\n<p>Sus especificaciones:<\/p>\n<ul>\n<li>Tipo de tuerca y tornillo #4-40 niquelado<\/li>\n<li>Conductor del cable: Cobre esta\u00f1ado<\/li>\n<li>Aislamiento: PE SKIN\/HDPE espumado<\/li>\n<li>Calibre del cable: 28AWG 7\/0,12 mm<\/li>\n<li>Blindaje: par trenzado de papel de aluminio, papel de aluminio general, trenzado<\/li>\n<li>Carcasa: Moldeo por inyecci\u00f3n<\/li>\n<li>Cubierta: PVC<\/li>\n<li>Di\u00e1metro exterior: 7,0\u00b10,2 mm<\/li>\n<li>Conformidad: RoHS, REACH, CE<\/li>\n<\/ul>\n<p>Adem\u00e1s, puede confiar en nuestra garant\u00eda de 2 a\u00f1os para su tranquilidad. As\u00ed pues, el\u00edjalo y eleve su proyecto a nuevas cotas.<\/p>","protected":false},"excerpt":{"rendered":"<p>Mejore la conectividad con el adaptador HDMI hembra a hembra de FARSINCE, que promete impresionantes resoluciones de v\u00eddeo de hasta 8K@60Hz.<\/p>","protected":false},"featured_media":14936,"template":"","meta":{"_acf_changed":false,"_seopress_robots_primary_cat":"","_seopress_titles_title":"Panel Mount Cable HDMI Female to Female Adapter - FARSINCE","_seopress_titles_desc":"","_seopress_robots_index":"","site-sidebar-layout":"default","site-content-layout":"default","ast-site-content-layout":"default","site-content-style":"default","site-sidebar-style":"default","ast-global-header-display":"","ast-banner-title-visibility":"","ast-main-header-display":"","ast-hfb-above-header-display":"","ast-hfb-below-header-display":"","ast-hfb-mobile-header-display":"","site-post-title":"","ast-breadcrumbs-content":"","ast-featured-img":"","footer-sml-layout":"","ast-disable-related-posts":"","theme-transparent-header-meta":"default","adv-header-id-meta":"","stick-header-meta":"","header-above-stick-meta":"","header-main-stick-meta":"","header-below-stick-meta":"","astra-migrate-meta-layouts":"set","ast-page-background-enabled":"default","ast-page-background-meta":{"desktop":{"background-color":"","background-image":"","background-repeat":"repeat","background-position":"center center","background-size":"auto","background-attachment":"scroll","background-type":"","background-media":"","overlay-type":"","overlay-color":"","overlay-opacity":"","overlay-gradient":""},"tablet":{"background-color":"","background-image":"","background-repeat":"repeat","background-position":"center center","background-size":"auto","background-attachment":"scroll","background-type":"","background-media":"","overlay-type":"","overlay-color":"","overlay-opacity":"","overlay-gradient":""},"mobile":{"background-color":"","background-image":"","background-repeat":"repeat","background-position":"center center","background-size":"auto","background-attachment":"scroll","background-type":"","background-media":"","overlay-type":"","overlay-color":"","overlay-opacity":"","overlay-gradient":""}},"ast-content-background-meta":{"desktop":{"background-color":"var(--ast-global-color-5)","background-image":"","background-repeat":"repeat","background-position":"center center","background-size":"auto","background-attachment":"scroll","background-type":"","background-media":"","overlay-type":"","overlay-color":"","overlay-opacity":"","overlay-gradient":""},"tablet":{"background-color":"var(--ast-global-color-5)","background-image":"","background-repeat":"repeat","background-position":"center center","background-size":"auto","background-attachment":"scroll","background-type":"","background-media":"","overlay-type":"","overlay-color":"","overlay-opacity":"","overlay-gradient":""},"mobile":{"background-color":"var(--ast-global-color-5)","background-image":"","background-repeat":"repeat","background-position":"center center","background-size":"auto","background-attachment":"scroll","background-type":"","background-media":"","overlay-type":"","overlay-color":"","overlay-opacity":"","overlay-gradient":""}},"iawp_total_views":71},"product_brand":[],"product_cat":[460,238,678],"product_tag":[],"class_list":{"0":"post-14932","1":"product","2":"type-product","3":"status-publish","4":"has-post-thumbnail","6":"product_cat-featured-products","7":"product_cat-panel-mount","8":"product_cat-panel-mount-cables","9":"desktop-align-left","10":"tablet-align-left","11":"mobile-align-left","13":"first","14":"instock","15":"featured","16":"shipping-taxable","17":"purchasable","18":"product-type-simple"},"acf":[],"_links":{"self":[{"href":"https:\/\/www.fjpremium.com\/es\/wp-json\/wp\/v2\/product\/14932","targetHints":{"allow":["GET"]}}],"collection":[{"href":"https:\/\/www.fjpremium.com\/es\/wp-json\/wp\/v2\/product"}],"about":[{"href":"https:\/\/www.fjpremium.com\/es\/wp-json\/wp\/v2\/types\/product"}],"wp:featuredmedia":[{"embeddable":true,"href":"https:\/\/www.fjpremium.com\/es\/wp-json\/wp\/v2\/media\/14936"}],"wp:attachment":[{"href":"https:\/\/www.fjpremium.com\/es\/wp-json\/wp\/v2\/media?parent=14932"}],"wp:term":[{"taxonomy":"product_brand","embeddable":true,"href":"https:\/\/www.fjpremium.com\/es\/wp-json\/wp\/v2\/product_brand?post=14932"},{"taxonomy":"product_cat","embeddable":true,"href":"https:\/\/www.fjpremium.com\/es\/wp-json\/wp\/v2\/product_cat?post=14932"},{"taxonomy":"product_tag","embeddable":true,"href":"https:\/\/www.fjpremium.com\/es\/wp-json\/wp\/v2\/product_tag?post=14932"}],"curies":[{"name":"wp","href":"https:\/\/api.w.org\/{rel}","templated":true}]}}