{"id":14860,"date":"2020-05-22T10:25:02","date_gmt":"2020-05-22T02:25:02","guid":{"rendered":"https:\/\/www.fjpremium.com\/?post_type=product&#038;p=14860"},"modified":"2023-09-21T18:01:36","modified_gmt":"2023-09-21T10:01:36","slug":"mini-displayport-to-displayport-adapter-mini-dp-to-dp-4k-resolution-ready-thunderbolt-2-port-compatible","status":"publish","type":"product","link":"https:\/\/www.fjpremium.com\/es\/product\/mini-displayport-to-displayport-adapter-mini-dp-to-dp-4k-resolution-ready-thunderbolt-2-port-compatible\/","title":{"rendered":"Conversor Mini DisplayPort 1.2 a DisplayPort Adaptador Mini DP a DP Hembra 4K 60hz"},"content":{"rendered":"<p>El adaptador ofrece la soluci\u00f3n perfecta para conectar la salida de v\u00eddeo de un Chromebook o port\u00e1til con mini DisplayPort a una pantalla con entrada DisplayPort.<\/p>\n<p>Disfrutar\u00e1s de unos efectos visuales impresionantes gracias a la compatibilidad con resoluciones de v\u00eddeo de hasta 4K@30 (3840\u00d72160, Ultra HD) y 1080P (Full HD).<\/p>\n<p>Y puedes sumergirte en el impecable audio pass-through, que ofrece audio digital 7.1, 5.1 o 2 canales sin comprimir para una experiencia de audio mejorada.<\/p>\n<p>Fabricados con materiales y materiales de alta calidad, los conductores totalmente apantallados de nuestro adaptador mini DP a DP hembra proporcionan una inmunidad total a las interferencias EMI\/RFI. Al mismo tiempo, los conectores chapados en oro de 24 K garantizan una transferencia de se\u00f1al superior.<\/p>\n<p>Sus especificaciones:<\/p>\n<ul>\n<li>Conductor del cable: Cobre esta\u00f1ado<\/li>\n<li>Aislamiento: PE SKIN\/HDPE espumado<\/li>\n<li>Calibre del cable: 32AWG<\/li>\n<li>Triple apantallado: par trenzado de papel de aluminio, papel de aluminio general, trenzado<\/li>\n<li>Carcasa: Carcasa ABS<\/li>\n<li>Chipset: ninguno<\/li>\n<li>Cubierta: PVC<\/li>\n<li>Di\u00e1metro exterior: 4,8\u00b10,2 mm<\/li>\n<li>Conformidad: RoHS, REACH, CE, UL<\/li>\n<\/ul>\n<p>Adem\u00e1s, puede estar seguro de que se ha sometido a rigurosas pruebas para cumplir las normas del sector.<\/p>\n<p>En general, respaldado por nuestra garant\u00eda de 5 a\u00f1os, puede confiar en la calidad y fiabilidad de este adaptador durante a\u00f1os. P\u00f3ngase en contacto con nosotros hoy mismo.<\/p>","protected":false},"excerpt":{"rendered":"<p>Disfrute de una conectividad perfecta con el adaptador mini DP a DP hembra de FARSINCE, que ofrece resoluciones de v\u00eddeo asombrosas y una transmisi\u00f3n de audio impecable.<\/p>","protected":false},"featured_media":14885,"template":"","meta":{"_acf_changed":false,"_seopress_robots_primary_cat":"","_seopress_titles_title":"Best Mini DP to DP Female Adapter 4K 60hz - Farsince","_seopress_titles_desc":"","_seopress_robots_index":"","site-sidebar-layout":"default","site-content-layout":"default","ast-site-content-layout":"default","site-content-style":"default","site-sidebar-style":"default","ast-global-header-display":"","ast-banner-title-visibility":"","ast-main-header-display":"","ast-hfb-above-header-display":"","ast-hfb-below-header-display":"","ast-hfb-mobile-header-display":"","site-post-title":"","ast-breadcrumbs-content":"","ast-featured-img":"","footer-sml-layout":"","ast-disable-related-posts":"","theme-transparent-header-meta":"default","adv-header-id-meta":"","stick-header-meta":"","header-above-stick-meta":"","header-main-stick-meta":"","header-below-stick-meta":"","astra-migrate-meta-layouts":"set","ast-page-background-enabled":"default","ast-page-background-meta":{"desktop":{"background-color":"","background-image":"","background-repeat":"repeat","background-position":"center center","background-size":"auto","background-attachment":"scroll","background-type":"","background-media":"","overlay-type":"","overlay-color":"","overlay-opacity":"","overlay-gradient":""},"tablet":{"background-color":"","background-image":"","background-repeat":"repeat","background-position":"center center","background-size":"auto","background-attachment":"scroll","background-type":"","background-media":"","overlay-type":"","overlay-color":"","overlay-opacity":"","overlay-gradient":""},"mobile":{"background-color":"","background-image":"","background-repeat":"repeat","background-position":"center center","background-size":"auto","background-attachment":"scroll","background-type":"","background-media":"","overlay-type":"","overlay-color":"","overlay-opacity":"","overlay-gradient":""}},"ast-content-background-meta":{"desktop":{"background-color":"var(--ast-global-color-5)","background-image":"","background-repeat":"repeat","background-position":"center center","background-size":"auto","background-attachment":"scroll","background-type":"","background-media":"","overlay-type":"","overlay-color":"","overlay-opacity":"","overlay-gradient":""},"tablet":{"background-color":"var(--ast-global-color-5)","background-image":"","background-repeat":"repeat","background-position":"center center","background-size":"auto","background-attachment":"scroll","background-type":"","background-media":"","overlay-type":"","overlay-color":"","overlay-opacity":"","overlay-gradient":""},"mobile":{"background-color":"var(--ast-global-color-5)","background-image":"","background-repeat":"repeat","background-position":"center center","background-size":"auto","background-attachment":"scroll","background-type":"","background-media":"","overlay-type":"","overlay-color":"","overlay-opacity":"","overlay-gradient":""}},"iawp_total_views":12},"product_brand":[],"product_cat":[212],"product_tag":[],"class_list":{"0":"post-14860","1":"product","2":"type-product","3":"status-publish","4":"has-post-thumbnail","6":"product_cat-displayport","7":"desktop-align-left","8":"tablet-align-left","9":"mobile-align-left","11":"first","12":"instock","13":"shipping-taxable","14":"purchasable","15":"product-type-simple"},"acf":[],"_links":{"self":[{"href":"https:\/\/www.fjpremium.com\/es\/wp-json\/wp\/v2\/product\/14860","targetHints":{"allow":["GET"]}}],"collection":[{"href":"https:\/\/www.fjpremium.com\/es\/wp-json\/wp\/v2\/product"}],"about":[{"href":"https:\/\/www.fjpremium.com\/es\/wp-json\/wp\/v2\/types\/product"}],"wp:featuredmedia":[{"embeddable":true,"href":"https:\/\/www.fjpremium.com\/es\/wp-json\/wp\/v2\/media\/14885"}],"wp:attachment":[{"href":"https:\/\/www.fjpremium.com\/es\/wp-json\/wp\/v2\/media?parent=14860"}],"wp:term":[{"taxonomy":"product_brand","embeddable":true,"href":"https:\/\/www.fjpremium.com\/es\/wp-json\/wp\/v2\/product_brand?post=14860"},{"taxonomy":"product_cat","embeddable":true,"href":"https:\/\/www.fjpremium.com\/es\/wp-json\/wp\/v2\/product_cat?post=14860"},{"taxonomy":"product_tag","embeddable":true,"href":"https:\/\/www.fjpremium.com\/es\/wp-json\/wp\/v2\/product_tag?post=14860"}],"curies":[{"name":"wp","href":"https:\/\/api.w.org\/{rel}","templated":true}]}}