{"id":14859,"date":"2020-05-22T10:24:59","date_gmt":"2020-05-22T02:24:59","guid":{"rendered":"https:\/\/www.fjpremium.com\/?post_type=product&#038;p=14859"},"modified":"2023-09-21T18:04:13","modified_gmt":"2023-09-21T10:04:13","slug":"mini-displayport-to-hdmi-vga-2-in-1-adapter","status":"publish","type":"product","link":"https:\/\/www.fjpremium.com\/es\/product\/mini-displayport-to-hdmi-vga-2-in-1-adapter\/","title":{"rendered":"(Thunderbolt 2) Mini DP a HDMI VGA 2 en 1 Adaptador Convertidor 4K 1080P ABS"},"content":{"rendered":"<p>Dise\u00f1ado a su medida, este adaptador es la soluci\u00f3n perfecta para conectar sin problemas la salida de v\u00eddeo de un Chromebook o port\u00e1til con mini DisplayPort a una pantalla HDMI o VGA.<\/p>\n<p>La salida HDMI admite una impresionante resoluci\u00f3n 4K@30 (3840\u00d72160, Ultra HD), mientras que la salida VGA ofrece una excepcional resoluci\u00f3n 1080P (1920\u00d71080, Full HD).<\/p>\n<p>Fabricado con la m\u00e1xima precisi\u00f3n, el adaptador mini DP a HDMI VGA 2 en 1 garantiza un alto rendimiento para satisfacer las demandas de diversas aplicaciones.<\/p>\n<p>Los conductores blindados proporcionan una inmunidad total a las interferencias EMI\/RFI, mientras que los conectores chapados en oro de 24 quilates garantizan una transferencia de se\u00f1al superior.<\/p>\n<p>Sus especificaciones:<\/p>\n<ul>\n<li>Conector 1: Mini DisplayPort macho<\/li>\n<li>Conector 2: HDMI hembra<\/li>\n<li>Conector 3: VGA HD15 hembra<\/li>\n<li>Conductor del cable: Cobre esta\u00f1ado<\/li>\n<li>Aislamiento: PE SKIN\/HDPE espumado<\/li>\n<li>Calibre del cable: 32AWG<\/li>\n<li>Triple apantallado: par trenzado de papel de aluminio, papel de aluminio general, trenzado<\/li>\n<li>Carcasa: Carcasa ABS<\/li>\n<li>Chipset: PS8339+ANX9833<\/li>\n<li>Cubierta: PVC<\/li>\n<li>Di\u00e1metro exterior: 4,8\u00b10,2 mm<\/li>\n<li>Conformidad: RoHS, REACH, CE, UL<\/li>\n<\/ul>\n<p>Adem\u00e1s, se ha sometido a rigurosas pruebas para cumplir las normas del sector.<\/p>\n<p>En conclusi\u00f3n, p\u00f3ngase en contacto con nosotros hoy mismo y mejore su negocio mayorista con nuestro adaptador mini DP a HDMI VGA 2 en 1.<\/p>","protected":false},"excerpt":{"rendered":"<p>Libere el poder de la conectividad con el adaptador mini DP a HDMI VGA 2 en 1 de FARSINCE, respaldado por una garant\u00eda de 2 a\u00f1os, que garantiza un rendimiento fiable.<\/p>","protected":false},"featured_media":16312,"template":"","meta":{"_acf_changed":false,"_seopress_robots_primary_cat":"","_seopress_titles_title":"Mini DP to HDMI VGA  2 in 1 Adapter Converter - Farsince","_seopress_titles_desc":"","_seopress_robots_index":"","site-sidebar-layout":"default","site-content-layout":"default","ast-site-content-layout":"default","site-content-style":"default","site-sidebar-style":"default","ast-global-header-display":"","ast-banner-title-visibility":"","ast-main-header-display":"","ast-hfb-above-header-display":"","ast-hfb-below-header-display":"","ast-hfb-mobile-header-display":"","site-post-title":"","ast-breadcrumbs-content":"","ast-featured-img":"","footer-sml-layout":"","ast-disable-related-posts":"","theme-transparent-header-meta":"default","adv-header-id-meta":"","stick-header-meta":"","header-above-stick-meta":"","header-main-stick-meta":"","header-below-stick-meta":"","astra-migrate-meta-layouts":"set","ast-page-background-enabled":"default","ast-page-background-meta":{"desktop":{"background-color":"","background-image":"","background-repeat":"repeat","background-position":"center center","background-size":"auto","background-attachment":"scroll","background-type":"","background-media":"","overlay-type":"","overlay-color":"","overlay-opacity":"","overlay-gradient":""},"tablet":{"background-color":"","background-image":"","background-repeat":"repeat","background-position":"center center","background-size":"auto","background-attachment":"scroll","background-type":"","background-media":"","overlay-type":"","overlay-color":"","overlay-opacity":"","overlay-gradient":""},"mobile":{"background-color":"","background-image":"","background-repeat":"repeat","background-position":"center center","background-size":"auto","background-attachment":"scroll","background-type":"","background-media":"","overlay-type":"","overlay-color":"","overlay-opacity":"","overlay-gradient":""}},"ast-content-background-meta":{"desktop":{"background-color":"var(--ast-global-color-5)","background-image":"","background-repeat":"repeat","background-position":"center center","background-size":"auto","background-attachment":"scroll","background-type":"","background-media":"","overlay-type":"","overlay-color":"","overlay-opacity":"","overlay-gradient":""},"tablet":{"background-color":"var(--ast-global-color-5)","background-image":"","background-repeat":"repeat","background-position":"center center","background-size":"auto","background-attachment":"scroll","background-type":"","background-media":"","overlay-type":"","overlay-color":"","overlay-opacity":"","overlay-gradient":""},"mobile":{"background-color":"var(--ast-global-color-5)","background-image":"","background-repeat":"repeat","background-position":"center center","background-size":"auto","background-attachment":"scroll","background-type":"","background-media":"","overlay-type":"","overlay-color":"","overlay-opacity":"","overlay-gradient":""}},"iawp_total_views":6},"product_brand":[],"product_cat":[212],"product_tag":[],"class_list":{"0":"post-14859","1":"product","2":"type-product","3":"status-publish","4":"has-post-thumbnail","6":"product_cat-displayport","7":"desktop-align-left","8":"tablet-align-left","9":"mobile-align-left","11":"first","12":"instock","13":"shipping-taxable","14":"purchasable","15":"product-type-simple"},"acf":[],"_links":{"self":[{"href":"https:\/\/www.fjpremium.com\/es\/wp-json\/wp\/v2\/product\/14859","targetHints":{"allow":["GET"]}}],"collection":[{"href":"https:\/\/www.fjpremium.com\/es\/wp-json\/wp\/v2\/product"}],"about":[{"href":"https:\/\/www.fjpremium.com\/es\/wp-json\/wp\/v2\/types\/product"}],"wp:featuredmedia":[{"embeddable":true,"href":"https:\/\/www.fjpremium.com\/es\/wp-json\/wp\/v2\/media\/16312"}],"wp:attachment":[{"href":"https:\/\/www.fjpremium.com\/es\/wp-json\/wp\/v2\/media?parent=14859"}],"wp:term":[{"taxonomy":"product_brand","embeddable":true,"href":"https:\/\/www.fjpremium.com\/es\/wp-json\/wp\/v2\/product_brand?post=14859"},{"taxonomy":"product_cat","embeddable":true,"href":"https:\/\/www.fjpremium.com\/es\/wp-json\/wp\/v2\/product_cat?post=14859"},{"taxonomy":"product_tag","embeddable":true,"href":"https:\/\/www.fjpremium.com\/es\/wp-json\/wp\/v2\/product_tag?post=14859"}],"curies":[{"name":"wp","href":"https:\/\/api.w.org\/{rel}","templated":true}]}}