{"id":14792,"date":"2020-05-22T09:55:29","date_gmt":"2020-05-22T01:55:29","guid":{"rendered":"https:\/\/www.fjpremium.com\/?post_type=product&#038;p=14792"},"modified":"2023-10-11T09:37:00","modified_gmt":"2023-10-11T01:37:00","slug":"displayport-to-dvi-i-female-adapter-1080p-resolution-ready","status":"publish","type":"product","link":"https:\/\/www.fjpremium.com\/es\/product\/displayport-to-dvi-i-female-adapter-1080p-resolution-ready\/","title":{"rendered":"Adaptador de DisplayPort 1.4 a DVI Cable convertidor de DP a DVI 1080p"},"content":{"rendered":"<p>Dise\u00f1ado para aplicaciones de cine en casa y de sobremesa, el cable adaptador conecta sin problemas su ordenador port\u00e1til o de sobremesa equipado con DisplayPort (DP, DP++, DisplayPort++) a una amplia gama de dispositivos, incluidos televisores de alta definici\u00f3n, monitores, proyectores, pantallas planas y pantallas CRT digitales con entrada DVI.<\/p>\n<p>Gracias a la compatibilidad con resoluciones de v\u00eddeo de hasta 1080P (Full HD), podr\u00e1s sumergirte en impresionantes im\u00e1genes que dar\u00e1n vida a tus contenidos.<\/p>\n<p>Pero la cosa no acaba ah\u00ed. Tambi\u00e9n puede disfrutar de un paso de audio impecable con audio digital sin comprimir de 7.1, 5.1 o 2 canales, que eleva su experiencia de audio a nuevas cotas.<\/p>\n<p>Fabricado con materiales y materiales de la m\u00e1xima calidad, nuestro cable adaptador de DisplayPort 1.4 a DVI garantiza un rendimiento fiable para toda la vida.<\/p>\n<p>Sus conductores totalmente blindados proporcionan una inmunidad total a las interferencias EMI\/RFI, mientras que los conectores chapados en oro de 24 quilates garantizan una transferencia de se\u00f1al superior.<\/p>\n<p>Sus especificaciones:<\/p>\n<ul>\n<li>Conductor del cable: Cobre esta\u00f1ado<\/li>\n<li>Aislamiento: PE SKIN\/HDPE espumado<\/li>\n<li>Calibre del cable: 30AWG<\/li>\n<li>Triple apantallado: par trenzado de papel de aluminio, papel de aluminio general, trenzado<\/li>\n<li>Carcasa: Carcasa ABS<\/li>\n<li>Chipset: PS8121E<\/li>\n<li>Cubierta: PVC<\/li>\n<li>Di\u00e1metro exterior: 6,0\u00b10,2 mm<\/li>\n<li>Conformidad: RoHS, REACH, CE, UL<\/li>\n<\/ul>\n<p>Adem\u00e1s, con nuestra garant\u00eda de 2 a\u00f1os, puede comprar con confianza, sabiendo que respaldamos su calidad.<\/p>\n<p>En resumen, conf\u00ede en nuestro cable adaptador DisplayPort 1.4 a DVI, probado y conforme con los est\u00e1ndares del sector. P\u00f3ngase en contacto con nosotros hoy mismo.<\/p>","protected":false},"excerpt":{"rendered":"<p>Libere todo el potencial de su configuraci\u00f3n de audio y v\u00eddeo con el adaptador DisplayPort 1.4 a DVI de Farsince, que ofrece una inmunidad total a las interferencias y una transferencia de se\u00f1al superior.<\/p>","protected":false},"featured_media":14803,"template":"","meta":{"_acf_changed":false,"_seopress_robots_primary_cat":"","_seopress_titles_title":"Best DisplayPort 1.4 to DVI Adapter %%sep%% %%sitetitle%%","_seopress_titles_desc":"Unlock the full potential of the audio-video setup with DisplayPort 1.4 to DVI adapter, boasting complete immunity to interference and superior signal transfer.","_seopress_robots_index":"","site-sidebar-layout":"default","site-content-layout":"default","ast-site-content-layout":"default","site-content-style":"default","site-sidebar-style":"default","ast-global-header-display":"","ast-banner-title-visibility":"","ast-main-header-display":"","ast-hfb-above-header-display":"","ast-hfb-below-header-display":"","ast-hfb-mobile-header-display":"","site-post-title":"","ast-breadcrumbs-content":"","ast-featured-img":"","footer-sml-layout":"","ast-disable-related-posts":"","theme-transparent-header-meta":"default","adv-header-id-meta":"","stick-header-meta":"","header-above-stick-meta":"","header-main-stick-meta":"","header-below-stick-meta":"","astra-migrate-meta-layouts":"set","ast-page-background-enabled":"default","ast-page-background-meta":{"desktop":{"background-color":"","background-image":"","background-repeat":"repeat","background-position":"center center","background-size":"auto","background-attachment":"scroll","background-type":"","background-media":"","overlay-type":"","overlay-color":"","overlay-opacity":"","overlay-gradient":""},"tablet":{"background-color":"","background-image":"","background-repeat":"repeat","background-position":"center center","background-size":"auto","background-attachment":"scroll","background-type":"","background-media":"","overlay-type":"","overlay-color":"","overlay-opacity":"","overlay-gradient":""},"mobile":{"background-color":"","background-image":"","background-repeat":"repeat","background-position":"center center","background-size":"auto","background-attachment":"scroll","background-type":"","background-media":"","overlay-type":"","overlay-color":"","overlay-opacity":"","overlay-gradient":""}},"ast-content-background-meta":{"desktop":{"background-color":"var(--ast-global-color-5)","background-image":"","background-repeat":"repeat","background-position":"center center","background-size":"auto","background-attachment":"scroll","background-type":"","background-media":"","overlay-type":"","overlay-color":"","overlay-opacity":"","overlay-gradient":""},"tablet":{"background-color":"var(--ast-global-color-5)","background-image":"","background-repeat":"repeat","background-position":"center center","background-size":"auto","background-attachment":"scroll","background-type":"","background-media":"","overlay-type":"","overlay-color":"","overlay-opacity":"","overlay-gradient":""},"mobile":{"background-color":"var(--ast-global-color-5)","background-image":"","background-repeat":"repeat","background-position":"center center","background-size":"auto","background-attachment":"scroll","background-type":"","background-media":"","overlay-type":"","overlay-color":"","overlay-opacity":"","overlay-gradient":""}},"iawp_total_views":15},"product_brand":[],"product_cat":[212],"product_tag":[],"class_list":{"0":"post-14792","1":"product","2":"type-product","3":"status-publish","4":"has-post-thumbnail","6":"product_cat-displayport","7":"desktop-align-left","8":"tablet-align-left","9":"mobile-align-left","11":"first","12":"instock","13":"shipping-taxable","14":"purchasable","15":"product-type-simple"},"acf":[],"_links":{"self":[{"href":"https:\/\/www.fjpremium.com\/es\/wp-json\/wp\/v2\/product\/14792","targetHints":{"allow":["GET"]}}],"collection":[{"href":"https:\/\/www.fjpremium.com\/es\/wp-json\/wp\/v2\/product"}],"about":[{"href":"https:\/\/www.fjpremium.com\/es\/wp-json\/wp\/v2\/types\/product"}],"wp:featuredmedia":[{"embeddable":true,"href":"https:\/\/www.fjpremium.com\/es\/wp-json\/wp\/v2\/media\/14803"}],"wp:attachment":[{"href":"https:\/\/www.fjpremium.com\/es\/wp-json\/wp\/v2\/media?parent=14792"}],"wp:term":[{"taxonomy":"product_brand","embeddable":true,"href":"https:\/\/www.fjpremium.com\/es\/wp-json\/wp\/v2\/product_brand?post=14792"},{"taxonomy":"product_cat","embeddable":true,"href":"https:\/\/www.fjpremium.com\/es\/wp-json\/wp\/v2\/product_cat?post=14792"},{"taxonomy":"product_tag","embeddable":true,"href":"https:\/\/www.fjpremium.com\/es\/wp-json\/wp\/v2\/product_tag?post=14792"}],"curies":[{"name":"wp","href":"https:\/\/api.w.org\/{rel}","templated":true}]}}