{"id":14791,"date":"2020-05-22T09:55:28","date_gmt":"2020-05-22T01:55:28","guid":{"rendered":"https:\/\/www.fjpremium.com\/?post_type=product&#038;p=14791"},"modified":"2023-07-17T13:17:02","modified_gmt":"2023-07-17T05:17:02","slug":"displayport-to-vga-hd15-female-adapter-full-hd1080p-resolution-ready","status":"publish","type":"product","link":"https:\/\/www.fjpremium.com\/es\/product\/displayport-to-vga-hd15-female-adapter-full-hd1080p-resolution-ready\/","title":{"rendered":"Cable adaptador de DisplayPort 1.4 a VGA Convertidor de DP 1.2 a VGA 1080p"},"content":{"rendered":"<p>Dise\u00f1ado para mejorar su experiencia de visualizaci\u00f3n, este cable conecta sin esfuerzo su ordenador port\u00e1til o de sobremesa equipado con DisplayPort a varios dispositivos, incluidos televisores de alta definici\u00f3n, monitores, proyectores, pantallas planas y pantallas CRT digitales.<\/p>\n<p>Podr\u00e1 sumergirse en im\u00e1genes asombrosas gracias a la compatibilidad con resoluciones de v\u00eddeo de hasta 1080P (Full HD), lo que garantiza que todos los detalles cobren vida en la pantalla.<\/p>\n<p>Pero esto no es todo. El cable adaptador de DisplayPort 1.4 a VGA tambi\u00e9n ofrece un paso de audio impecable, con audio digital sin comprimir de 7.1, 5.1 o 2 canales para disfrutar de una experiencia de audio realmente envolvente.<\/p>\n<p>Fabricado con materiales de alta calidad, garantiza un rendimiento fiable durante toda la vida. Sus conductores totalmente blindados proporcionan una inmunidad total a las interferencias EMI\/RFI, garantizando una transmisi\u00f3n de se\u00f1al cristalina.<\/p>\n<p>Y con los conectores chapados en oro de 24 quilates, puede esperar una transferencia de se\u00f1al superior, para que sus contenidos de audio y v\u00eddeo cobren vida como nunca antes.<\/p>\n<p>Sus especificaciones:<\/p>\n<ul>\n<li>Conductor del cable: Cobre esta\u00f1ado<\/li>\n<li>Aislamiento: PE SKIN\/HDPE espumado<\/li>\n<li>Calibre del cable: 32AWG<\/li>\n<li>Triple apantallado: par trenzado de papel de aluminio, papel de aluminio general, trenzado<\/li>\n<li>Carcasa: Carcasa ABS<\/li>\n<li>Chipset: ANX9833<\/li>\n<li>Cubierta: PVC<\/li>\n<li>Di\u00e1metro exterior: 4,8\u00b10,2 mm<\/li>\n<li>Conformidad: RoHS, REACH, CE, UL<\/li>\n<\/ul>\n<p>Adem\u00e1s, con nuestra garant\u00eda de 2 a\u00f1os, puede comprar con confianza, sabiendo que respaldamos la calidad de nuestro producto.<\/p>\n<p>En resumen, p\u00f3ngase en contacto con nosotros hoy mismo y elija nuestro cable adaptador de DisplayPort 1.4 a VGA.<\/p>","protected":false},"excerpt":{"rendered":"<p>Presentamos el cable adaptador DisplayPort 1.4 a VGA de FARSINCE, la soluci\u00f3n definitiva para el cine en casa o las necesidades de audio y v\u00eddeo de sobremesa.<\/p>","protected":false},"featured_media":14811,"template":"","meta":{"_acf_changed":false,"_seopress_robots_primary_cat":"","_seopress_titles_title":"","_seopress_titles_desc":"","_seopress_robots_index":"","site-sidebar-layout":"default","site-content-layout":"default","ast-site-content-layout":"default","site-content-style":"default","site-sidebar-style":"default","ast-global-header-display":"","ast-banner-title-visibility":"","ast-main-header-display":"","ast-hfb-above-header-display":"","ast-hfb-below-header-display":"","ast-hfb-mobile-header-display":"","site-post-title":"","ast-breadcrumbs-content":"","ast-featured-img":"","footer-sml-layout":"","ast-disable-related-posts":"","theme-transparent-header-meta":"default","adv-header-id-meta":"","stick-header-meta":"","header-above-stick-meta":"","header-main-stick-meta":"","header-below-stick-meta":"","astra-migrate-meta-layouts":"default","ast-page-background-enabled":"default","ast-page-background-meta":{"desktop":{"background-color":"","background-image":"","background-repeat":"repeat","background-position":"center center","background-size":"auto","background-attachment":"scroll","background-type":"","background-media":"","overlay-type":"","overlay-color":"","overlay-opacity":"","overlay-gradient":""},"tablet":{"background-color":"","background-image":"","background-repeat":"repeat","background-position":"center center","background-size":"auto","background-attachment":"scroll","background-type":"","background-media":"","overlay-type":"","overlay-color":"","overlay-opacity":"","overlay-gradient":""},"mobile":{"background-color":"","background-image":"","background-repeat":"repeat","background-position":"center center","background-size":"auto","background-attachment":"scroll","background-type":"","background-media":"","overlay-type":"","overlay-color":"","overlay-opacity":"","overlay-gradient":""}},"ast-content-background-meta":{"desktop":{"background-color":"var(--ast-global-color-5)","background-image":"","background-repeat":"repeat","background-position":"center center","background-size":"auto","background-attachment":"scroll","background-type":"","background-media":"","overlay-type":"","overlay-color":"","overlay-opacity":"","overlay-gradient":""},"tablet":{"background-color":"var(--ast-global-color-5)","background-image":"","background-repeat":"repeat","background-position":"center center","background-size":"auto","background-attachment":"scroll","background-type":"","background-media":"","overlay-type":"","overlay-color":"","overlay-opacity":"","overlay-gradient":""},"mobile":{"background-color":"var(--ast-global-color-5)","background-image":"","background-repeat":"repeat","background-position":"center center","background-size":"auto","background-attachment":"scroll","background-type":"","background-media":"","overlay-type":"","overlay-color":"","overlay-opacity":"","overlay-gradient":""}},"iawp_total_views":11},"product_brand":[],"product_cat":[460,212],"product_tag":[],"class_list":{"0":"post-14791","1":"product","2":"type-product","3":"status-publish","4":"has-post-thumbnail","6":"product_cat-featured-products","7":"product_cat-displayport","8":"desktop-align-left","9":"tablet-align-left","10":"mobile-align-left","12":"first","13":"instock","14":"shipping-taxable","15":"purchasable","16":"product-type-simple"},"acf":[],"_links":{"self":[{"href":"https:\/\/www.fjpremium.com\/es\/wp-json\/wp\/v2\/product\/14791","targetHints":{"allow":["GET"]}}],"collection":[{"href":"https:\/\/www.fjpremium.com\/es\/wp-json\/wp\/v2\/product"}],"about":[{"href":"https:\/\/www.fjpremium.com\/es\/wp-json\/wp\/v2\/types\/product"}],"wp:featuredmedia":[{"embeddable":true,"href":"https:\/\/www.fjpremium.com\/es\/wp-json\/wp\/v2\/media\/14811"}],"wp:attachment":[{"href":"https:\/\/www.fjpremium.com\/es\/wp-json\/wp\/v2\/media?parent=14791"}],"wp:term":[{"taxonomy":"product_brand","embeddable":true,"href":"https:\/\/www.fjpremium.com\/es\/wp-json\/wp\/v2\/product_brand?post=14791"},{"taxonomy":"product_cat","embeddable":true,"href":"https:\/\/www.fjpremium.com\/es\/wp-json\/wp\/v2\/product_cat?post=14791"},{"taxonomy":"product_tag","embeddable":true,"href":"https:\/\/www.fjpremium.com\/es\/wp-json\/wp\/v2\/product_tag?post=14791"}],"curies":[{"name":"wp","href":"https:\/\/api.w.org\/{rel}","templated":true}]}}