{"id":14752,"date":"2020-05-22T09:21:08","date_gmt":"2020-05-22T01:21:08","guid":{"rendered":"https:\/\/www.fjpremium.com\/?post_type=product&#038;p=14752"},"modified":"2023-07-17T11:46:53","modified_gmt":"2023-07-17T03:46:53","slug":"8k-displayport-aoc-fiber-optic-cable","status":"publish","type":"product","link":"https:\/\/www.fjpremium.com\/es\/product\/8k-displayport-aoc-fiber-optic-cable\/","title":{"rendered":"Cable activo AOC DisplayPort 1.4v a 8K sobre cable de fibra \u00f3ptica para aplicaciones de larga distancia"},"content":{"rendered":"<p>El dise\u00f1o exclusivo de nuestro cable DisplayPort AOC fusiona las entradas el\u00e9ctricas tradicionales del cable de cobre con la fibra \u00f3ptica, extendiendo las se\u00f1ales DisplayPort sin p\u00e9rdidas ni latencia, incluso a largas distancias.<\/p>\n<p>Su estructura h\u00edbrida consta de fibras \u00f3pticas multimodo e hilos de cobre, que transmiten se\u00f1ales de control de alta velocidad y baja frecuencia.<\/p>\n<p>Y estos cables \u00f3pticos activos le ofrecen una impresionante distancia de 100 m, manteniendo una calidad de se\u00f1al superior sin necesidad de una fuente de alimentaci\u00f3n independiente.<\/p>\n<p>Este cable DisplayPort 1.4 est\u00e1ndar admite hasta 8K@60Hz UHD y 4K (3840\u00d72160) @144Hz, ofreciendo un ancho de banda de 32,4Gbps.<\/p>\n<p>Con un alto grado de flexibilidad y resistencia a EMI y RFI, es m\u00e1s fino, ligero y suave que los cables convencionales.<\/p>\n<p>La funci\u00f3n Plug and Play elimina la necesidad de depender de controladores. Adem\u00e1s, no es compatible con Ethernet ni ARC.<\/p>\n<p>El cable DisplayPort de AOC es perfecto para diversas aplicaciones, como configuraciones de cine en casa, reuniones con v\u00eddeo de alta definici\u00f3n, sistemas de v\u00eddeo m\u00e9dico, sistemas de videovigilancia de alta definici\u00f3n y se\u00f1alizaci\u00f3n digital y muros de TV.<\/p>\n<p>Sus especificaciones:<\/p>\n<ul>\n<li>Chaqueta: TPE<\/li>\n<li>Di\u00e1metro: 4,5-5,0 mm<\/li>\n<li>Conforme: RoHS, REACH<\/li>\n<li>Fuente de alimentaci\u00f3n: 5V(No requiere alimentaci\u00f3n externa)<\/li>\n<li>Consumo de energ\u00eda: Fuente: 85mW\/3,3v, Pantalla: 290mW\/3,3v<\/li>\n<li>Fuerza de tracci\u00f3n: 100N\/200N<\/li>\n<li>Resistencia al aplastamiento: 200N\/400N<\/li>\n<li>Radio m\u00ednimo de curvatura: 20 mm\/10 mm<\/li>\n<li>Temperatura de trabajo\/almacenamiento: 0~50\u00b0C\/-20~70\u00b0C<\/li>\n<\/ul>\n<p>Adem\u00e1s, construido con una carcasa de aluminio y conectores chapados en oro, cuenta con un conductor de cable de fibra y triple apantallamiento para un rendimiento \u00f3ptimo. En resumen, p\u00f3ngase en contacto con nosotros hoy mismo y p\u00eddalo.<\/p>","protected":false},"excerpt":{"rendered":"<p>Eleve la configuraci\u00f3n audiovisual con el cable DisplayPort de AOC, una mezcla perfecta de tecnolog\u00eda de cobre y fibra \u00f3ptica, compatible con hasta 8K@60Hz UHD y 4K@144Hz.<\/p>","protected":false},"featured_media":14783,"template":"","meta":{"_acf_changed":false,"_seopress_robots_primary_cat":"","_seopress_titles_title":"","_seopress_titles_desc":"","_seopress_robots_index":"","site-sidebar-layout":"default","site-content-layout":"default","ast-site-content-layout":"default","site-content-style":"default","site-sidebar-style":"default","ast-global-header-display":"","ast-banner-title-visibility":"","ast-main-header-display":"","ast-hfb-above-header-display":"","ast-hfb-below-header-display":"","ast-hfb-mobile-header-display":"","site-post-title":"","ast-breadcrumbs-content":"","ast-featured-img":"","footer-sml-layout":"","ast-disable-related-posts":"","theme-transparent-header-meta":"default","adv-header-id-meta":"","stick-header-meta":"","header-above-stick-meta":"","header-main-stick-meta":"","header-below-stick-meta":"","astra-migrate-meta-layouts":"default","ast-page-background-enabled":"default","ast-page-background-meta":{"desktop":{"background-color":"","background-image":"","background-repeat":"repeat","background-position":"center center","background-size":"auto","background-attachment":"scroll","background-type":"","background-media":"","overlay-type":"","overlay-color":"","overlay-opacity":"","overlay-gradient":""},"tablet":{"background-color":"","background-image":"","background-repeat":"repeat","background-position":"center center","background-size":"auto","background-attachment":"scroll","background-type":"","background-media":"","overlay-type":"","overlay-color":"","overlay-opacity":"","overlay-gradient":""},"mobile":{"background-color":"","background-image":"","background-repeat":"repeat","background-position":"center center","background-size":"auto","background-attachment":"scroll","background-type":"","background-media":"","overlay-type":"","overlay-color":"","overlay-opacity":"","overlay-gradient":""}},"ast-content-background-meta":{"desktop":{"background-color":"var(--ast-global-color-5)","background-image":"","background-repeat":"repeat","background-position":"center center","background-size":"auto","background-attachment":"scroll","background-type":"","background-media":"","overlay-type":"","overlay-color":"","overlay-opacity":"","overlay-gradient":""},"tablet":{"background-color":"var(--ast-global-color-5)","background-image":"","background-repeat":"repeat","background-position":"center center","background-size":"auto","background-attachment":"scroll","background-type":"","background-media":"","overlay-type":"","overlay-color":"","overlay-opacity":"","overlay-gradient":""},"mobile":{"background-color":"var(--ast-global-color-5)","background-image":"","background-repeat":"repeat","background-position":"center center","background-size":"auto","background-attachment":"scroll","background-type":"","background-media":"","overlay-type":"","overlay-color":"","overlay-opacity":"","overlay-gradient":""}},"iawp_total_views":22},"product_brand":[],"product_cat":[212],"product_tag":[],"class_list":{"0":"post-14752","1":"product","2":"type-product","3":"status-publish","4":"has-post-thumbnail","6":"product_cat-displayport","7":"desktop-align-left","8":"tablet-align-left","9":"mobile-align-left","11":"first","12":"instock","13":"featured","14":"shipping-taxable","15":"purchasable","16":"product-type-simple"},"acf":[],"_links":{"self":[{"href":"https:\/\/www.fjpremium.com\/es\/wp-json\/wp\/v2\/product\/14752","targetHints":{"allow":["GET"]}}],"collection":[{"href":"https:\/\/www.fjpremium.com\/es\/wp-json\/wp\/v2\/product"}],"about":[{"href":"https:\/\/www.fjpremium.com\/es\/wp-json\/wp\/v2\/types\/product"}],"wp:featuredmedia":[{"embeddable":true,"href":"https:\/\/www.fjpremium.com\/es\/wp-json\/wp\/v2\/media\/14783"}],"wp:attachment":[{"href":"https:\/\/www.fjpremium.com\/es\/wp-json\/wp\/v2\/media?parent=14752"}],"wp:term":[{"taxonomy":"product_brand","embeddable":true,"href":"https:\/\/www.fjpremium.com\/es\/wp-json\/wp\/v2\/product_brand?post=14752"},{"taxonomy":"product_cat","embeddable":true,"href":"https:\/\/www.fjpremium.com\/es\/wp-json\/wp\/v2\/product_cat?post=14752"},{"taxonomy":"product_tag","embeddable":true,"href":"https:\/\/www.fjpremium.com\/es\/wp-json\/wp\/v2\/product_tag?post=14752"}],"curies":[{"name":"wp","href":"https:\/\/api.w.org\/{rel}","templated":true}]}}