{"id":14751,"date":"2020-05-22T09:21:05","date_gmt":"2020-05-22T01:21:05","guid":{"rendered":"https:\/\/www.fjpremium.com\/?post_type=product&#038;p=14751"},"modified":"2023-10-11T09:38:19","modified_gmt":"2023-10-11T01:38:19","slug":"displayport-to-vga-hd15-adapter-cable-full-hd1080p-resolution-ready","status":"publish","type":"product","link":"https:\/\/www.fjpremium.com\/es\/product\/displayport-to-vga-hd15-adapter-cable-full-hd1080p-resolution-ready\/","title":{"rendered":"Cable convertidor de DisplayPort a VGA DP 1.2 1.4 a VGA Cable adaptador 1.8m 1080p"},"content":{"rendered":"<p>El cable conversor de DisplayPort a VGA, dise\u00f1ado para aplicaciones de cine en casa y audio y v\u00eddeo de sobremesa, conecta sin problemas su ordenador port\u00e1til o de sobremesa equipado con DisplayPort con cualquier dispositivo de entrada VGA, como un televisor de alta definici\u00f3n, monitor, proyector o pantalla plana.<\/p>\n<p>Tanto para juegos como para visualizaci\u00f3n de v\u00eddeo, puede transmitir f\u00e1cilmente se\u00f1ales digitales.<\/p>\n<p>Con su capacidad para admitir resoluciones de v\u00eddeo de hasta 1080P@60Hz y pasar audio impecable para 7.1, 5.1 o 2 canales digitales sin comprimir, \u00e9ste es el adaptador que necesita.<\/p>\n<p>Construido con materiales de alta calidad y provisto de conductores totalmente blindados, promete resistir las interferencias EMI\/RFI y garantiza una transferencia de se\u00f1al superior a trav\u00e9s de sus conectores chapados en oro de 24 quilates.<\/p>\n<p>Sus especificaciones:<\/p>\n<ul>\n<li>Conductor del cable: Cobre esta\u00f1ado<\/li>\n<li>Aislamiento: PE SKIN\/HDPE espumado<\/li>\n<li>Calibre del cable: 32AWG<\/li>\n<li>Triple apantallado: par trenzado de papel de aluminio, papel de aluminio general, trenzado<\/li>\n<li>Carcasa: Carcasa ABS<\/li>\n<li>Chipset: ANX9833<\/li>\n<li>Cubierta: PVC<\/li>\n<li>Di\u00e1metro exterior: 4,8\u00b10,2 mm<\/li>\n<li>Conformidad: RoHS, REACH, CE, UL<\/li>\n<\/ul>\n<p>Adem\u00e1s, ten en cuenta que se trata de un cable adaptador unidireccional dise\u00f1ado \u00fanicamente para convertir se\u00f1ales de DisplayPort a VGA.<\/p>\n<p>Respaldado por la garant\u00eda de 2 a\u00f1os de FARSINCE, nuestro cable convertidor de DisplayPort a VGA es una adquisici\u00f3n ideal para usted. Por lo tanto, p\u00f3ngase en contacto con nosotros hoy mismo e invierta en \u00e9l.<\/p>","protected":false},"excerpt":{"rendered":"<p>Descubra la perfecta integraci\u00f3n de tecnolog\u00edas modernas y cl\u00e1sicas con este cable convertidor DisplayPort a VGA, que ofrece una experiencia audiovisual inigualable.<\/p>","protected":false},"featured_media":14777,"template":"","meta":{"_acf_changed":false,"_seopress_robots_primary_cat":"","_seopress_titles_title":"DisplayPort to VGA Converter Cable %%sep%% %%sitetitle%%","_seopress_titles_desc":"Discover the seamless integration of modern and classic technologies with this DisplayPort to VGA converter cable, offering an unmatched audio-visual experience","_seopress_robots_index":"","site-sidebar-layout":"default","site-content-layout":"default","ast-site-content-layout":"default","site-content-style":"default","site-sidebar-style":"default","ast-global-header-display":"","ast-banner-title-visibility":"","ast-main-header-display":"","ast-hfb-above-header-display":"","ast-hfb-below-header-display":"","ast-hfb-mobile-header-display":"","site-post-title":"","ast-breadcrumbs-content":"","ast-featured-img":"","footer-sml-layout":"","ast-disable-related-posts":"","theme-transparent-header-meta":"default","adv-header-id-meta":"","stick-header-meta":"","header-above-stick-meta":"","header-main-stick-meta":"","header-below-stick-meta":"","astra-migrate-meta-layouts":"set","ast-page-background-enabled":"default","ast-page-background-meta":{"desktop":{"background-color":"","background-image":"","background-repeat":"repeat","background-position":"center center","background-size":"auto","background-attachment":"scroll","background-type":"","background-media":"","overlay-type":"","overlay-color":"","overlay-opacity":"","overlay-gradient":""},"tablet":{"background-color":"","background-image":"","background-repeat":"repeat","background-position":"center center","background-size":"auto","background-attachment":"scroll","background-type":"","background-media":"","overlay-type":"","overlay-color":"","overlay-opacity":"","overlay-gradient":""},"mobile":{"background-color":"","background-image":"","background-repeat":"repeat","background-position":"center center","background-size":"auto","background-attachment":"scroll","background-type":"","background-media":"","overlay-type":"","overlay-color":"","overlay-opacity":"","overlay-gradient":""}},"ast-content-background-meta":{"desktop":{"background-color":"var(--ast-global-color-5)","background-image":"","background-repeat":"repeat","background-position":"center center","background-size":"auto","background-attachment":"scroll","background-type":"","background-media":"","overlay-type":"","overlay-color":"","overlay-opacity":"","overlay-gradient":""},"tablet":{"background-color":"var(--ast-global-color-5)","background-image":"","background-repeat":"repeat","background-position":"center center","background-size":"auto","background-attachment":"scroll","background-type":"","background-media":"","overlay-type":"","overlay-color":"","overlay-opacity":"","overlay-gradient":""},"mobile":{"background-color":"var(--ast-global-color-5)","background-image":"","background-repeat":"repeat","background-position":"center center","background-size":"auto","background-attachment":"scroll","background-type":"","background-media":"","overlay-type":"","overlay-color":"","overlay-opacity":"","overlay-gradient":""}},"iawp_total_views":4},"product_brand":[],"product_cat":[212],"product_tag":[],"class_list":{"0":"post-14751","1":"product","2":"type-product","3":"status-publish","4":"has-post-thumbnail","6":"product_cat-displayport","7":"desktop-align-left","8":"tablet-align-left","9":"mobile-align-left","11":"first","12":"instock","13":"shipping-taxable","14":"purchasable","15":"product-type-simple"},"acf":[],"_links":{"self":[{"href":"https:\/\/www.fjpremium.com\/es\/wp-json\/wp\/v2\/product\/14751","targetHints":{"allow":["GET"]}}],"collection":[{"href":"https:\/\/www.fjpremium.com\/es\/wp-json\/wp\/v2\/product"}],"about":[{"href":"https:\/\/www.fjpremium.com\/es\/wp-json\/wp\/v2\/types\/product"}],"wp:featuredmedia":[{"embeddable":true,"href":"https:\/\/www.fjpremium.com\/es\/wp-json\/wp\/v2\/media\/14777"}],"wp:attachment":[{"href":"https:\/\/www.fjpremium.com\/es\/wp-json\/wp\/v2\/media?parent=14751"}],"wp:term":[{"taxonomy":"product_brand","embeddable":true,"href":"https:\/\/www.fjpremium.com\/es\/wp-json\/wp\/v2\/product_brand?post=14751"},{"taxonomy":"product_cat","embeddable":true,"href":"https:\/\/www.fjpremium.com\/es\/wp-json\/wp\/v2\/product_cat?post=14751"},{"taxonomy":"product_tag","embeddable":true,"href":"https:\/\/www.fjpremium.com\/es\/wp-json\/wp\/v2\/product_tag?post=14751"}],"curies":[{"name":"wp","href":"https:\/\/api.w.org\/{rel}","templated":true}]}}