{"id":14729,"date":"2020-10-14T11:54:51","date_gmt":"2020-10-14T03:54:51","guid":{"rendered":"https:\/\/www.fjpremium.com\/?post_type=product&#038;p=14729"},"modified":"2023-12-06T09:25:06","modified_gmt":"2023-12-06T01:25:06","slug":"ultra-slim-36awg-thin-micro-hdmi-to-hdmi-cable","status":"publish","type":"product","link":"https:\/\/www.fjpremium.com\/es\/product\/ultra-slim-36awg-thin-micro-hdmi-to-hdmi-cable\/","title":{"rendered":"Micro HDMI de alta velocidad a HDMI Cable ultra flexible"},"content":{"rendered":"<p>Nuestro cable de alto rendimiento cumple los \u00faltimos est\u00e1ndares HDMI y ofrece una r\u00e1pida transferencia de datos junto con una conexi\u00f3n perfecta de audio, v\u00eddeo e Internet.<\/p>\n<p>Especialmente dise\u00f1ado con un conector micro HDMI-D, se adapta a los \u00faltimos tel\u00e9fonos m\u00f3viles y c\u00e1maras digitales, facilitando una c\u00f3moda transferencia de datos.<\/p>\n<p>Adem\u00e1s, su capacidad \u00fanica para conectar tel\u00e9fonos m\u00f3viles con conexi\u00f3n a Internet a televisores permite disfrutar de contenidos web en pantallas m\u00e1s grandes.<\/p>\n<p>Este cable ultraflexible de 36AWG, compatible con una resoluci\u00f3n de hasta 4K 60Hz y audio maestro True HD Dolby 7.1 y DTS-HD, garantiza una experiencia multimedia vibrante y envolvente.<\/p>\n<p>Su compatibilidad se extiende a diversos dispositivos como la serie GoPro Hero, Raspberry Pi 4, c\u00e1maras Sony y Nikon, port\u00e1tiles Lenovo, etc.<\/p>\n<p>Sus especificaciones:<\/p>\n<ul>\n<li>Carcasa: Carcasa ABS<\/li>\n<li>Cubierta: PVC<\/li>\n<li>Di\u00e1metro: 3,6 mm<\/li>\n<li>Conforme: RoHS, REACH<\/li>\n<li>Cable redondo o cable plano<\/li>\n<\/ul>\n<p>Adem\u00e1s, con carcasa chapada en oro y conductor de cobre esta\u00f1ado, est\u00e1 triplemente blindado para un rendimiento superior. En resumen, opte por el cable y ofrezca una experiencia multimedia como nunca antes.<\/p>","protected":false},"excerpt":{"rendered":"<p>Revolucione la experiencia multimedia con el cable ultra flexible micro HDMI a HDMI de alta velocidad de FARSINCE, que admite una resoluci\u00f3n de hasta 4K 60 Hz.<\/p>","protected":false},"featured_media":15869,"template":"","meta":{"_acf_changed":false,"_seopress_robots_primary_cat":"","_seopress_titles_title":"Micro HDMI to HDMI Ultra Flexible Cable - Farsince","_seopress_titles_desc":"","_seopress_robots_index":"","site-sidebar-layout":"default","site-content-layout":"default","ast-site-content-layout":"default","site-content-style":"default","site-sidebar-style":"default","ast-global-header-display":"","ast-banner-title-visibility":"","ast-main-header-display":"","ast-hfb-above-header-display":"","ast-hfb-below-header-display":"","ast-hfb-mobile-header-display":"","site-post-title":"","ast-breadcrumbs-content":"","ast-featured-img":"","footer-sml-layout":"","ast-disable-related-posts":"","theme-transparent-header-meta":"default","adv-header-id-meta":"","stick-header-meta":"","header-above-stick-meta":"","header-main-stick-meta":"","header-below-stick-meta":"","astra-migrate-meta-layouts":"set","ast-page-background-enabled":"default","ast-page-background-meta":{"desktop":{"background-color":"","background-image":"","background-repeat":"repeat","background-position":"center center","background-size":"auto","background-attachment":"scroll","background-type":"","background-media":"","overlay-type":"","overlay-color":"","overlay-opacity":"","overlay-gradient":""},"tablet":{"background-color":"","background-image":"","background-repeat":"repeat","background-position":"center center","background-size":"auto","background-attachment":"scroll","background-type":"","background-media":"","overlay-type":"","overlay-color":"","overlay-opacity":"","overlay-gradient":""},"mobile":{"background-color":"","background-image":"","background-repeat":"repeat","background-position":"center center","background-size":"auto","background-attachment":"scroll","background-type":"","background-media":"","overlay-type":"","overlay-color":"","overlay-opacity":"","overlay-gradient":""}},"ast-content-background-meta":{"desktop":{"background-color":"var(--ast-global-color-5)","background-image":"","background-repeat":"repeat","background-position":"center center","background-size":"auto","background-attachment":"scroll","background-type":"","background-media":"","overlay-type":"","overlay-color":"","overlay-opacity":"","overlay-gradient":""},"tablet":{"background-color":"var(--ast-global-color-5)","background-image":"","background-repeat":"repeat","background-position":"center center","background-size":"auto","background-attachment":"scroll","background-type":"","background-media":"","overlay-type":"","overlay-color":"","overlay-opacity":"","overlay-gradient":""},"mobile":{"background-color":"var(--ast-global-color-5)","background-image":"","background-repeat":"repeat","background-position":"center center","background-size":"auto","background-attachment":"scroll","background-type":"","background-media":"","overlay-type":"","overlay-color":"","overlay-opacity":"","overlay-gradient":""}},"iawp_total_views":5},"product_brand":[],"product_cat":[211],"product_tag":[],"class_list":{"0":"post-14729","1":"product","2":"type-product","3":"status-publish","4":"has-post-thumbnail","6":"product_cat-hdmi","7":"desktop-align-left","8":"tablet-align-left","9":"mobile-align-left","11":"first","12":"instock","13":"shipping-taxable","14":"purchasable","15":"product-type-simple"},"acf":[],"_links":{"self":[{"href":"https:\/\/www.fjpremium.com\/es\/wp-json\/wp\/v2\/product\/14729","targetHints":{"allow":["GET"]}}],"collection":[{"href":"https:\/\/www.fjpremium.com\/es\/wp-json\/wp\/v2\/product"}],"about":[{"href":"https:\/\/www.fjpremium.com\/es\/wp-json\/wp\/v2\/types\/product"}],"wp:featuredmedia":[{"embeddable":true,"href":"https:\/\/www.fjpremium.com\/es\/wp-json\/wp\/v2\/media\/15869"}],"wp:attachment":[{"href":"https:\/\/www.fjpremium.com\/es\/wp-json\/wp\/v2\/media?parent=14729"}],"wp:term":[{"taxonomy":"product_brand","embeddable":true,"href":"https:\/\/www.fjpremium.com\/es\/wp-json\/wp\/v2\/product_brand?post=14729"},{"taxonomy":"product_cat","embeddable":true,"href":"https:\/\/www.fjpremium.com\/es\/wp-json\/wp\/v2\/product_cat?post=14729"},{"taxonomy":"product_tag","embeddable":true,"href":"https:\/\/www.fjpremium.com\/es\/wp-json\/wp\/v2\/product_tag?post=14729"}],"curies":[{"name":"wp","href":"https:\/\/api.w.org\/{rel}","templated":true}]}}