{"id":14728,"date":"2020-10-14T11:54:50","date_gmt":"2020-10-14T03:54:50","guid":{"rendered":"https:\/\/www.fjpremium.com\/?post_type=product&#038;p=14728"},"modified":"2023-12-14T14:18:35","modified_gmt":"2023-12-14T06:18:35","slug":"hdmi-2-1-soft-silicone-cable-8k-60hz","status":"publish","type":"product","link":"https:\/\/www.fjpremium.com\/es\/product\/hdmi-2-1-soft-silicone-cable-8k-60hz\/","title":{"rendered":"HDMI 2.1 Cable de silicona suave 8K 60Hz"},"content":{"rendered":"<p>FARSINCE Ultra delgado flexible de alta velocidad HDMI 2.1 Cable de silicona suave con cable Ethernet es ideal para cine en casa o de sobremesa de audio y v\u00eddeo aplicaciones que requieren alta velocidad HDMI caracter\u00edsticas y resoluciones de v\u00eddeo de hasta 8k. el ultra delgado, flexible construcci\u00f3n de cable y el perfil bajo, conector compacto dise\u00f1o hacen de este cable ideal para instalaciones en espacios reducidos.<!-- notionvc: 5e286597-bfb8-4015-8c23-a158c618a3f6 --><\/p>\n<p>Sus especificaciones:<\/p>\n<ul>\n<li>Conector 1: HDMI 2.1 macho, chapado en oro<\/li>\n<li>Conector 1: HDMI 2.1 macho, chapado en oro<\/li>\n<li>Los tipos de \u00e1ngulo izquierdo, derecho, arriba y abajo est\u00e1n disponibles para enchufes de tipo A, C y D.<\/li>\n<li>Conductor del cable: Cobre esta\u00f1ado<\/li>\n<li>Calibre del cable: 36AWG<\/li>\n<li>Di\u00e1metro del cable: 3,8 mm<\/li>\n<li>Blindaje de tela conductora de grafeno<\/li>\n<li>Cubierta: Silicona, Resistencia a altas y bajas temperaturas, temperatura de trabajo: -60\u00b0 a +200\u00b0.<\/li>\n<li>Carcasa: Molde de inyecci\u00f3n<\/li>\n<li>Admite resoluciones de v\u00eddeo de hasta 8K@60Hz, 48Gps<\/li>\n<li>Soporta HDR, HEC, ARC, 3D Video, Deep Color y x. v. Color \u2122<\/li>\n<li>Conforme: RoHS, REACH<\/li>\n<\/ul>","protected":false},"excerpt":{"rendered":"<p>La construcci\u00f3n del cable HDMI 2.1 de silicona suave 8K 60Hz y el dise\u00f1o de conector compacto y de perfil bajo hacen que este cable sea ideal para instalaciones en espacios reducidos.<\/p>","protected":false},"featured_media":23952,"template":"","meta":{"_acf_changed":false,"_seopress_robots_primary_cat":"","_seopress_titles_title":"HDMI 2.1 Soft Silicone cable 8K 60Hz - FARSINCE","_seopress_titles_desc":"","_seopress_robots_index":"","site-sidebar-layout":"default","site-content-layout":"default","ast-site-content-layout":"default","site-content-style":"default","site-sidebar-style":"default","ast-global-header-display":"","ast-banner-title-visibility":"","ast-main-header-display":"","ast-hfb-above-header-display":"","ast-hfb-below-header-display":"","ast-hfb-mobile-header-display":"","site-post-title":"","ast-breadcrumbs-content":"","ast-featured-img":"","footer-sml-layout":"","ast-disable-related-posts":"","theme-transparent-header-meta":"default","adv-header-id-meta":"","stick-header-meta":"","header-above-stick-meta":"","header-main-stick-meta":"","header-below-stick-meta":"","astra-migrate-meta-layouts":"set","ast-page-background-enabled":"default","ast-page-background-meta":{"desktop":{"background-color":"","background-image":"","background-repeat":"repeat","background-position":"center center","background-size":"auto","background-attachment":"scroll","background-type":"","background-media":"","overlay-type":"","overlay-color":"","overlay-opacity":"","overlay-gradient":""},"tablet":{"background-color":"","background-image":"","background-repeat":"repeat","background-position":"center center","background-size":"auto","background-attachment":"scroll","background-type":"","background-media":"","overlay-type":"","overlay-color":"","overlay-opacity":"","overlay-gradient":""},"mobile":{"background-color":"","background-image":"","background-repeat":"repeat","background-position":"center center","background-size":"auto","background-attachment":"scroll","background-type":"","background-media":"","overlay-type":"","overlay-color":"","overlay-opacity":"","overlay-gradient":""}},"ast-content-background-meta":{"desktop":{"background-color":"var(--ast-global-color-5)","background-image":"","background-repeat":"repeat","background-position":"center center","background-size":"auto","background-attachment":"scroll","background-type":"","background-media":"","overlay-type":"","overlay-color":"","overlay-opacity":"","overlay-gradient":""},"tablet":{"background-color":"var(--ast-global-color-5)","background-image":"","background-repeat":"repeat","background-position":"center center","background-size":"auto","background-attachment":"scroll","background-type":"","background-media":"","overlay-type":"","overlay-color":"","overlay-opacity":"","overlay-gradient":""},"mobile":{"background-color":"var(--ast-global-color-5)","background-image":"","background-repeat":"repeat","background-position":"center center","background-size":"auto","background-attachment":"scroll","background-type":"","background-media":"","overlay-type":"","overlay-color":"","overlay-opacity":"","overlay-gradient":""}},"iawp_total_views":58},"product_brand":[],"product_cat":[211,638],"product_tag":[],"class_list":{"0":"post-14728","1":"product","2":"type-product","3":"status-publish","4":"has-post-thumbnail","6":"product_cat-hdmi","7":"product_cat-hdmi-cables","8":"desktop-align-left","9":"tablet-align-left","10":"mobile-align-left","12":"first","13":"instock","14":"shipping-taxable","15":"purchasable","16":"product-type-simple"},"acf":[],"_links":{"self":[{"href":"https:\/\/www.fjpremium.com\/es\/wp-json\/wp\/v2\/product\/14728","targetHints":{"allow":["GET"]}}],"collection":[{"href":"https:\/\/www.fjpremium.com\/es\/wp-json\/wp\/v2\/product"}],"about":[{"href":"https:\/\/www.fjpremium.com\/es\/wp-json\/wp\/v2\/types\/product"}],"wp:featuredmedia":[{"embeddable":true,"href":"https:\/\/www.fjpremium.com\/es\/wp-json\/wp\/v2\/media\/23952"}],"wp:attachment":[{"href":"https:\/\/www.fjpremium.com\/es\/wp-json\/wp\/v2\/media?parent=14728"}],"wp:term":[{"taxonomy":"product_brand","embeddable":true,"href":"https:\/\/www.fjpremium.com\/es\/wp-json\/wp\/v2\/product_brand?post=14728"},{"taxonomy":"product_cat","embeddable":true,"href":"https:\/\/www.fjpremium.com\/es\/wp-json\/wp\/v2\/product_cat?post=14728"},{"taxonomy":"product_tag","embeddable":true,"href":"https:\/\/www.fjpremium.com\/es\/wp-json\/wp\/v2\/product_tag?post=14728"}],"curies":[{"name":"wp","href":"https:\/\/api.w.org\/{rel}","templated":true}]}}