{"id":14670,"date":"2020-10-13T16:03:58","date_gmt":"2020-10-13T08:03:58","guid":{"rendered":"https:\/\/www.fjpremium.com\/?post_type=product&#038;p=14670"},"modified":"2023-10-31T16:25:19","modified_gmt":"2023-10-31T08:25:19","slug":"4k-hdmi-2-0-aoc-fiber-optic-cable","status":"publish","type":"product","link":"https:\/\/www.fjpremium.com\/es\/product\/4k-hdmi-2-0-aoc-fiber-optic-cable\/","title":{"rendered":"AOC 4K HDMI Cable de fibra \u00f3ptica para cable largo 15m 20m 30m 50m 100m"},"content":{"rendered":"<p>Dise\u00f1ado espec\u00edficamente para la transmisi\u00f3n a larga distancia, este robusto cable \u00f3ptico activo (AOC) garantiza una se\u00f1al sin p\u00e9rdidas hasta 100 metros.<\/p>\n<p>Permite conectar sin problemas dispositivos con interfaz HDMI, como monitores y televisores, a un PC o port\u00e1til, lo que posibilita pantallas de alta definici\u00f3n de hasta 4K@60Hz.<\/p>\n<p>Con una gran flexibilidad y resistencia a EMI y RFI, la funcionalidad plug-and-play del cable de fibra \u00f3ptica HDMI 4K garantiza una configuraci\u00f3n sencilla sin dependencia de controladores.<\/p>\n<p>Sus especificaciones:<\/p>\n<ul>\n<li>Contacto dorado, carcasa dorada<\/li>\n<li>Carcasa: Carcasa de aluminio<\/li>\n<li>Conductor del cable: Fibra (4*0,20mm), Cable de alimentaci\u00f3n: 24AWG (41\/0,08mm Cobre Esta\u00f1ado)<\/li>\n<li>Triple blindaje: Papel de aluminio, trenzado<\/li>\n<li>Cubierta: PVC<\/li>\n<li>Di\u00e1metro: 4,8\u00b10,15 mm<\/li>\n<li>Conforme: RoHS, REACH<\/li>\n<\/ul>\n<p>Adem\u00e1s, es ideal para sistemas de v\u00eddeo de alta definici\u00f3n en cines dom\u00e9sticos, salas de reuniones o instalaciones m\u00e9dicas, y promete experiencias visuales y auditivas de alta calidad.<\/p>\n<p>En general, p\u00f3ngase en contacto con nosotros hoy mismo y mant\u00e9ngase a la vanguardia con nuestra soluci\u00f3n HDMI de \u00faltima generaci\u00f3n.<\/p>","protected":false},"excerpt":{"rendered":"<p>Libere una conectividad superior con el cable de fibra \u00f3ptica HDMI AOC 4K de FARSINCE, que combina la versatilidad de los cables de cobre tradicionales con el alcance avanzado de las fibras \u00f3pticas.<\/p>","protected":false},"featured_media":14671,"template":"","meta":{"_acf_changed":false,"_seopress_robots_primary_cat":"","_seopress_titles_title":"AOC 4K HDMI Fiber Optic Cable for Crisp and Clear Video - Farsince","_seopress_titles_desc":"Experience the best in video quality with FarSince&#039;s 4K HDMI Fiber Optic Cable. The fiber optic technology ensures reliable and fast data transfer, making it perfect for gaming, home theater, or professional video production. ","_seopress_robots_index":"","site-sidebar-layout":"default","site-content-layout":"default","ast-site-content-layout":"default","site-content-style":"default","site-sidebar-style":"default","ast-global-header-display":"","ast-banner-title-visibility":"","ast-main-header-display":"","ast-hfb-above-header-display":"","ast-hfb-below-header-display":"","ast-hfb-mobile-header-display":"","site-post-title":"","ast-breadcrumbs-content":"","ast-featured-img":"","footer-sml-layout":"","ast-disable-related-posts":"","theme-transparent-header-meta":"default","adv-header-id-meta":"","stick-header-meta":"","header-above-stick-meta":"","header-main-stick-meta":"","header-below-stick-meta":"","astra-migrate-meta-layouts":"set","ast-page-background-enabled":"default","ast-page-background-meta":{"desktop":{"background-color":"","background-image":"","background-repeat":"repeat","background-position":"center center","background-size":"auto","background-attachment":"scroll","background-type":"","background-media":"","overlay-type":"","overlay-color":"","overlay-opacity":"","overlay-gradient":""},"tablet":{"background-color":"","background-image":"","background-repeat":"repeat","background-position":"center center","background-size":"auto","background-attachment":"scroll","background-type":"","background-media":"","overlay-type":"","overlay-color":"","overlay-opacity":"","overlay-gradient":""},"mobile":{"background-color":"","background-image":"","background-repeat":"repeat","background-position":"center center","background-size":"auto","background-attachment":"scroll","background-type":"","background-media":"","overlay-type":"","overlay-color":"","overlay-opacity":"","overlay-gradient":""}},"ast-content-background-meta":{"desktop":{"background-color":"var(--ast-global-color-5)","background-image":"","background-repeat":"repeat","background-position":"center center","background-size":"auto","background-attachment":"scroll","background-type":"","background-media":"","overlay-type":"","overlay-color":"","overlay-opacity":"","overlay-gradient":""},"tablet":{"background-color":"var(--ast-global-color-5)","background-image":"","background-repeat":"repeat","background-position":"center center","background-size":"auto","background-attachment":"scroll","background-type":"","background-media":"","overlay-type":"","overlay-color":"","overlay-opacity":"","overlay-gradient":""},"mobile":{"background-color":"var(--ast-global-color-5)","background-image":"","background-repeat":"repeat","background-position":"center center","background-size":"auto","background-attachment":"scroll","background-type":"","background-media":"","overlay-type":"","overlay-color":"","overlay-opacity":"","overlay-gradient":""}},"iawp_total_views":8},"product_brand":[],"product_cat":[211],"product_tag":[],"class_list":{"0":"post-14670","1":"product","2":"type-product","3":"status-publish","4":"has-post-thumbnail","6":"product_cat-hdmi","7":"desktop-align-left","8":"tablet-align-left","9":"mobile-align-left","11":"first","12":"instock","13":"shipping-taxable","14":"purchasable","15":"product-type-simple"},"acf":[],"_links":{"self":[{"href":"https:\/\/www.fjpremium.com\/es\/wp-json\/wp\/v2\/product\/14670","targetHints":{"allow":["GET"]}}],"collection":[{"href":"https:\/\/www.fjpremium.com\/es\/wp-json\/wp\/v2\/product"}],"about":[{"href":"https:\/\/www.fjpremium.com\/es\/wp-json\/wp\/v2\/types\/product"}],"wp:featuredmedia":[{"embeddable":true,"href":"https:\/\/www.fjpremium.com\/es\/wp-json\/wp\/v2\/media\/14671"}],"wp:attachment":[{"href":"https:\/\/www.fjpremium.com\/es\/wp-json\/wp\/v2\/media?parent=14670"}],"wp:term":[{"taxonomy":"product_brand","embeddable":true,"href":"https:\/\/www.fjpremium.com\/es\/wp-json\/wp\/v2\/product_brand?post=14670"},{"taxonomy":"product_cat","embeddable":true,"href":"https:\/\/www.fjpremium.com\/es\/wp-json\/wp\/v2\/product_cat?post=14670"},{"taxonomy":"product_tag","embeddable":true,"href":"https:\/\/www.fjpremium.com\/es\/wp-json\/wp\/v2\/product_tag?post=14670"}],"curies":[{"name":"wp","href":"https:\/\/api.w.org\/{rel}","templated":true}]}}