{"id":14656,"date":"2020-10-13T15:10:05","date_gmt":"2020-10-13T07:10:05","guid":{"rendered":"https:\/\/www.fjpremium.com\/?post_type=product&#038;p=14656"},"modified":"2023-12-14T14:58:35","modified_gmt":"2023-12-14T06:58:35","slug":"ultra-slim-36awg-thin-hdmi-2-0-cable-up-to-10-meter","status":"publish","type":"product","link":"https:\/\/www.fjpremium.com\/es\/product\/ultra-slim-36awg-thin-hdmi-2-0-cable-up-to-10-meter\/","title":{"rendered":"Ultra delgado de alta velocidad HDMI 2.0 Cable para TV 4K 1m 2m 3m 5m 10m"},"content":{"rendered":"<p>Dise\u00f1ado para funciones HDMI de alta velocidad y resoluciones de v\u00eddeo de hasta 4K (2160p), el cable se adapta perfectamente a espacios reducidos gracias a su construcci\u00f3n ultrafina y flexible y al dise\u00f1o compacto del conector.<\/p>\n<p>Su compatibilidad con HDMI 2.0 y su ancho de banda de hasta 18 Gbps garantizan una experiencia de visualizaci\u00f3n \u00f3ptima, con una resoluci\u00f3n de hasta 4096 x 2160 a 60 Hz.<\/p>\n<p>Adem\u00e1s, podr\u00e1s disfrutar de una relaci\u00f3n de aspecto cinematogr\u00e1fica de 21:9 y de im\u00e1genes 3D envolventes de 1080p con alta frecuencia de imagen (HFR), actualizadas a una frecuencia de hasta 120 Hz.<\/p>\n<p>Las funciones Ethernet integradas de nuestro cable proporcionan un acceso optimizado a contenidos interactivos en l\u00ednea y actualizaciones del firmware de los dispositivos.<\/p>\n<p>Sus especificaciones:<\/p>\n<ul>\n<li>Contacto dorado, carcasa dorada<\/li>\n<li>Conductor del cable: Cobre esta\u00f1ado<\/li>\n<li>Calibre del cable: 36AWG(1-3M), 36AWG con chipset Redmere(5M), 34AWG con chipset Redmere( 7.5m, 10m)<\/li>\n<li>Triple apantallado: l\u00e1mina AL trenzada, l\u00e1mina AL total, trenzado de cobre esta\u00f1ado 80#<\/li>\n<li>Cubierta: PVC<\/li>\n<li>Cable redondo o cable plano<\/li>\n<\/ul>\n<p>Y con una garant\u00eda de 5 a\u00f1os y la conformidad con RoHS y REACH, garantiza longevidad y tranquilidad. P\u00f3ngase en contacto con nosotros hoy mismo y a\u00f1ada este cable HDMI 2.0 para TV 4K a su inventario.<\/p>","protected":false},"excerpt":{"rendered":"<p>Ingrese al mundo del entretenimiento de alta definici\u00f3n con el cable HDMI 2.0 de alta velocidad ultradelgado de FARSINCE para TV 4K, perfecto para espacios reducidos.<\/p>","protected":false},"featured_media":24175,"template":"","meta":{"_acf_changed":false,"_seopress_robots_primary_cat":"","_seopress_titles_title":"High Speed Thin HDMI 2.0 Cable for 4K TV - Farsince","_seopress_titles_desc":"","_seopress_robots_index":"","site-sidebar-layout":"default","site-content-layout":"default","ast-site-content-layout":"default","site-content-style":"default","site-sidebar-style":"default","ast-global-header-display":"","ast-banner-title-visibility":"","ast-main-header-display":"","ast-hfb-above-header-display":"","ast-hfb-below-header-display":"","ast-hfb-mobile-header-display":"","site-post-title":"","ast-breadcrumbs-content":"","ast-featured-img":"","footer-sml-layout":"","ast-disable-related-posts":"","theme-transparent-header-meta":"default","adv-header-id-meta":"","stick-header-meta":"","header-above-stick-meta":"","header-main-stick-meta":"","header-below-stick-meta":"","astra-migrate-meta-layouts":"set","ast-page-background-enabled":"default","ast-page-background-meta":{"desktop":{"background-color":"","background-image":"","background-repeat":"repeat","background-position":"center center","background-size":"auto","background-attachment":"scroll","background-type":"","background-media":"","overlay-type":"","overlay-color":"","overlay-opacity":"","overlay-gradient":""},"tablet":{"background-color":"","background-image":"","background-repeat":"repeat","background-position":"center center","background-size":"auto","background-attachment":"scroll","background-type":"","background-media":"","overlay-type":"","overlay-color":"","overlay-opacity":"","overlay-gradient":""},"mobile":{"background-color":"","background-image":"","background-repeat":"repeat","background-position":"center center","background-size":"auto","background-attachment":"scroll","background-type":"","background-media":"","overlay-type":"","overlay-color":"","overlay-opacity":"","overlay-gradient":""}},"ast-content-background-meta":{"desktop":{"background-color":"var(--ast-global-color-5)","background-image":"","background-repeat":"repeat","background-position":"center center","background-size":"auto","background-attachment":"scroll","background-type":"","background-media":"","overlay-type":"","overlay-color":"","overlay-opacity":"","overlay-gradient":""},"tablet":{"background-color":"var(--ast-global-color-5)","background-image":"","background-repeat":"repeat","background-position":"center center","background-size":"auto","background-attachment":"scroll","background-type":"","background-media":"","overlay-type":"","overlay-color":"","overlay-opacity":"","overlay-gradient":""},"mobile":{"background-color":"var(--ast-global-color-5)","background-image":"","background-repeat":"repeat","background-position":"center center","background-size":"auto","background-attachment":"scroll","background-type":"","background-media":"","overlay-type":"","overlay-color":"","overlay-opacity":"","overlay-gradient":""}},"iawp_total_views":12},"product_brand":[],"product_cat":[211,638],"product_tag":[],"class_list":{"0":"post-14656","1":"product","2":"type-product","3":"status-publish","4":"has-post-thumbnail","6":"product_cat-hdmi","7":"product_cat-hdmi-cables","8":"desktop-align-left","9":"tablet-align-left","10":"mobile-align-left","12":"first","13":"instock","14":"shipping-taxable","15":"purchasable","16":"product-type-simple"},"acf":[],"_links":{"self":[{"href":"https:\/\/www.fjpremium.com\/es\/wp-json\/wp\/v2\/product\/14656","targetHints":{"allow":["GET"]}}],"collection":[{"href":"https:\/\/www.fjpremium.com\/es\/wp-json\/wp\/v2\/product"}],"about":[{"href":"https:\/\/www.fjpremium.com\/es\/wp-json\/wp\/v2\/types\/product"}],"wp:featuredmedia":[{"embeddable":true,"href":"https:\/\/www.fjpremium.com\/es\/wp-json\/wp\/v2\/media\/24175"}],"wp:attachment":[{"href":"https:\/\/www.fjpremium.com\/es\/wp-json\/wp\/v2\/media?parent=14656"}],"wp:term":[{"taxonomy":"product_brand","embeddable":true,"href":"https:\/\/www.fjpremium.com\/es\/wp-json\/wp\/v2\/product_brand?post=14656"},{"taxonomy":"product_cat","embeddable":true,"href":"https:\/\/www.fjpremium.com\/es\/wp-json\/wp\/v2\/product_cat?post=14656"},{"taxonomy":"product_tag","embeddable":true,"href":"https:\/\/www.fjpremium.com\/es\/wp-json\/wp\/v2\/product_tag?post=14656"}],"curies":[{"name":"wp","href":"https:\/\/api.w.org\/{rel}","templated":true}]}}