{"id":25132,"date":"2024-01-24T14:48:20","date_gmt":"2024-01-24T06:48:20","guid":{"rendered":"https:\/\/www.fjpremium.com\/?post_type=product&#038;p=25132"},"modified":"2024-03-19T17:00:07","modified_gmt":"2024-03-19T09:00:07","slug":"sata-to-esata-bracket-4pin-power-slot-plate-adapter","status":"publish","type":"product","link":"https:\/\/www.fjpremium.com\/de\/product\/sata-to-esata-bracket-4pin-power-slot-plate-adapter\/","title":{"rendered":"2 SATA-zu-eSATA-Halterung, 4-poliges IDE-Stromsteckplatz-Adapterkabel"},"content":{"rendered":"<p>Farsince High Quality 2 Port SATA zu eSATA Bracket IDE 4 Pin Power Slot Plate Adapterkabel kann jedes Motherboard mit einer SATA-Schnittstelle zu einer ESATA-Schnittstelle, perfekt kompatibel mit ESATA externe Festplatten in der Box zu konvertieren. Verl\u00e4ngern Sie die SATA-Schnittstelle vom Motherboard zur ESATA-Schnittstelle an der Geh\u00e4useblende. Au\u00dferdem verf\u00fcgt er \u00fcber eine Stromschnittstelle. Konvertiert eine gew\u00f6hnliche 4-polige D-Typ-Stromschnittstelle in eine serielle Ger\u00e4testromschnittstelle<\/p>\n<p>eSATA bietet schnellere Daten\u00fcbertragungsgeschwindigkeiten als USB 3.0, mit Geschwindigkeiten von bis zu 6 Gbit\/s f\u00fcr die Datensicherung und erweiterte Speicherung. Dieses Kabel eignet sich f\u00fcr SATA-Festplatten (serieller Anschluss) und optische SATA-Laufwerke sowie andere SATA-Schnittstellenger\u00e4te. Das flache Kabel spart Platz und Zeit bei der Zusammenschaltung von Komponenten.<\/p>\n<p><!-- notionvc: 1083c63b-6dbb-420b-b0d2-fe697e37e524 --><\/p>\n<p><!-- notionvc: b095f5fd-12ca-4e3c-aa4a-6b7b9d201367 --><\/p>\n<p><!-- notionvc: d1bf7134-081f-4dda-91f6-fa2bc73c01d9 --><\/p>\n<p><!-- notionvc: 7691773d-0462-4a7f-b41c-a58ee20dbfad --><\/p>\n<p><!-- notionvc: e16f256b-1002-40c7-afcf-7c7c760a7e79 --><\/p>\n<p><span style=\"font-size: 16px;\">Seine Spezifikationen:<\/span><\/p>\n<ul>\n<li>Anschluss 1: SATA 7Pin Buchse intern x2\/ 5,25\u2033 4 Pin Stecker intern<\/li>\n<li>Anschluss 2: eSATA-Buchse extern x2\/ 5,25\u2033 4-poliger Stecker extern<\/li>\n<li>Vergoldete Kontakte, vernickeltes Geh\u00e4use<\/li>\n<li>Kabel-Leiter: Blanke Kupfer<\/li>\n<li>Geh\u00e4use: Spritzgie\u00dfen<\/li>\n<li>Mantel: PVC<\/li>\n<li>eSATA-Anschluss Daten\u00fcbertragungsraten bis zu 6 Gbit\/s<\/li>\n<li>Einhaltung der Vorschriften: RoHS, REACH<\/li>\n<\/ul>","protected":false},"excerpt":{"rendered":"<p>2 Port SATA auf eSATA Halterung IDE 4 Pin Power Slot Platte Adapterkabel 0.5M<\/p>","protected":false},"featured_media":25134,"template":"","meta":{"_acf_changed":false,"_seopress_robots_primary_cat":"","_seopress_titles_title":"SATA to eSATA Bracket IDE 4Pin Power Slot Plate Adapter","_seopress_titles_desc":"","_seopress_robots_index":"","site-sidebar-layout":"default","site-content-layout":"default","ast-site-content-layout":"default","site-content-style":"default","site-sidebar-style":"default","ast-global-header-display":"","ast-banner-title-visibility":"","ast-main-header-display":"","ast-hfb-above-header-display":"","ast-hfb-below-header-display":"","ast-hfb-mobile-header-display":"","site-post-title":"","ast-breadcrumbs-content":"","ast-featured-img":"","footer-sml-layout":"","ast-disable-related-posts":"","theme-transparent-header-meta":"default","adv-header-id-meta":"","stick-header-meta":"","header-above-stick-meta":"","header-main-stick-meta":"","header-below-stick-meta":"","astra-migrate-meta-layouts":"set","ast-page-background-enabled":"default","ast-page-background-meta":{"desktop":{"background-color":"","background-image":"","background-repeat":"repeat","background-position":"center center","background-size":"auto","background-attachment":"scroll","background-type":"","background-media":"","overlay-type":"","overlay-color":"","overlay-opacity":"","overlay-gradient":""},"tablet":{"background-color":"","background-image":"","background-repeat":"repeat","background-position":"center center","background-size":"auto","background-attachment":"scroll","background-type":"","background-media":"","overlay-type":"","overlay-color":"","overlay-opacity":"","overlay-gradient":""},"mobile":{"background-color":"","background-image":"","background-repeat":"repeat","background-position":"center center","background-size":"auto","background-attachment":"scroll","background-type":"","background-media":"","overlay-type":"","overlay-color":"","overlay-opacity":"","overlay-gradient":""}},"ast-content-background-meta":{"desktop":{"background-color":"var(--ast-global-color-5)","background-image":"","background-repeat":"repeat","background-position":"center center","background-size":"auto","background-attachment":"scroll","background-type":"","background-media":"","overlay-type":"","overlay-color":"","overlay-opacity":"","overlay-gradient":""},"tablet":{"background-color":"var(--ast-global-color-5)","background-image":"","background-repeat":"repeat","background-position":"center center","background-size":"auto","background-attachment":"scroll","background-type":"","background-media":"","overlay-type":"","overlay-color":"","overlay-opacity":"","overlay-gradient":""},"mobile":{"background-color":"var(--ast-global-color-5)","background-image":"","background-repeat":"repeat","background-position":"center center","background-size":"auto","background-attachment":"scroll","background-type":"","background-media":"","overlay-type":"","overlay-color":"","overlay-opacity":"","overlay-gradient":""}},"iawp_total_views":15},"product_brand":[],"product_cat":[238,712],"product_tag":[],"class_list":{"0":"post-25132","1":"product","2":"type-product","3":"status-publish","4":"has-post-thumbnail","6":"product_cat-panel-mount","7":"product_cat-slot-brackets","8":"desktop-align-left","9":"tablet-align-left","10":"mobile-align-left","12":"first","13":"instock","14":"shipping-taxable","15":"purchasable","16":"product-type-simple"},"acf":[],"_links":{"self":[{"href":"https:\/\/www.fjpremium.com\/de\/wp-json\/wp\/v2\/product\/25132","targetHints":{"allow":["GET"]}}],"collection":[{"href":"https:\/\/www.fjpremium.com\/de\/wp-json\/wp\/v2\/product"}],"about":[{"href":"https:\/\/www.fjpremium.com\/de\/wp-json\/wp\/v2\/types\/product"}],"wp:featuredmedia":[{"embeddable":true,"href":"https:\/\/www.fjpremium.com\/de\/wp-json\/wp\/v2\/media\/25134"}],"wp:attachment":[{"href":"https:\/\/www.fjpremium.com\/de\/wp-json\/wp\/v2\/media?parent=25132"}],"wp:term":[{"taxonomy":"product_brand","embeddable":true,"href":"https:\/\/www.fjpremium.com\/de\/wp-json\/wp\/v2\/product_brand?post=25132"},{"taxonomy":"product_cat","embeddable":true,"href":"https:\/\/www.fjpremium.com\/de\/wp-json\/wp\/v2\/product_cat?post=25132"},{"taxonomy":"product_tag","embeddable":true,"href":"https:\/\/www.fjpremium.com\/de\/wp-json\/wp\/v2\/product_tag?post=25132"}],"curies":[{"name":"wp","href":"https:\/\/api.w.org\/{rel}","templated":true}]}}