{"id":25067,"date":"2024-01-24T10:44:28","date_gmt":"2024-01-24T02:44:28","guid":{"rendered":"https:\/\/www.fjpremium.com\/?post_type=product&#038;p=25067"},"modified":"2024-04-03T14:04:31","modified_gmt":"2024-04-03T06:04:31","slug":"usb-slot-bracket-usb-slot-plate-adapter","status":"publish","type":"product","link":"https:\/\/www.fjpremium.com\/de\/product\/usb-slot-bracket-usb-slot-plate-adapter\/","title":{"rendered":"USB-Steckplatzhalterung USB 3.1 Typ E auf USB C, 20PIN auf USB A Steckplatzplatte Adapterkabel"},"content":{"rendered":"<p>R\u00fcsten Sie Ihr PC-Setup m\u00fchelos mit dem USB-Slotblech-Adapterkabel von Farsince auf.<\/p>\n<p>Es l\u00e4sst sich nahtlos an die USB 3.1 Typ-E- oder USB 3.0 20-PIN-Schnittstelle Ihres Motherboards anschlie\u00dfen und erweitert die Verbindung zu den Hochgeschwindigkeits-USB 3.1 Typ C- oder USB 3.0 Typ A-Anschl\u00fcssen au\u00dferhalb Ihres Geh\u00e4uses.<\/p>\n<p>Einfache Plug-and-Play-Installation, robuste Konstruktion und blitzschnelle Geschwindigkeiten von bis zu 10 Gbit\/s machen es zu einem Must-have.<\/p>\n<p>Dar\u00fcber hinaus stellt es dank der Unterst\u00fctzung f\u00fcr Schnellladen mit bis zu 100 W und der Abw\u00e4rtskompatibilit\u00e4t mit USB 3.0- und 2.0-Ger\u00e4ten eine bahnbrechende Neuerung dar. Lassen Sie sich dieses Upgrade nicht entgehen!<\/p>\n<p><!-- notionvc: 9cc97f9d-f357-4ffa-a43a-a5c30e0ed0f5 --><!-- notionvc: 39e6d870-2ccd-4bdf-a9fa-167fb191cf76 --><\/p>\n<p><!-- notionvc: b095f5fd-12ca-4e3c-aa4a-6b7b9d201367 --><\/p>\n<p><!-- notionvc: d1bf7134-081f-4dda-91f6-fa2bc73c01d9 --><\/p>\n<p><!-- notionvc: 7691773d-0462-4a7f-b41c-a58ee20dbfad --><\/p>\n<p><!-- notionvc: e16f256b-1002-40c7-afcf-7c7c760a7e79 --><\/p>\n<p><span style=\"font-size: 16px;\">Seine Spezifikationen:<\/span><\/p>\n<ul>\n<li>Anschluss 1: USB 3.1 Typ-E Stecker\/ USB 3.0 20PIN Buchse intern<\/li>\n<li>Anschluss 2: USB 3.1 Typ-C\/ USB 3.0 Typ-A Buchse extern<\/li>\n<li>Vergoldete Kontakte, vernickeltes Geh\u00e4use<\/li>\n<li>Mutter und Schraube Typ: M3 vernickelt<\/li>\n<li>Lochabstand: 20\u00b10,5mm oder 30\u00b10,5mm<\/li>\n<li>Kabel-Leiter: Blanke Kupfer<\/li>\n<li>Kabelquerschnitt: 32AWG f\u00fcr USB 3.1 Typ-E OD4.6mm; 28\/28\/24AWG f\u00fcr USB 3.0 20PIN OD5.5\u00b10.15mm<\/li>\n<li>Abschirmung: Aluminiumfolie, Geflecht<\/li>\n<li>Geh\u00e4use: Spritzgie\u00dfen<\/li>\n<li>Mantel: PVC<\/li>\n<li>USB 3.1 unterst\u00fctzt ultraschnelle Daten\u00fcbertragung\/Synchronisation (bis zu 10 Gbps) und unterst\u00fctzt au\u00dferdem USB-Schnellladung bis zu 100 W<\/li>\n<li>USB 3.1 Abw\u00e4rtskompatibel mit Hochgeschwindigkeits-USB 3.0 (5Gbps), USB 2.0 (480Mbps)<\/li>\n<li>USB 3.0 A-Anschl\u00fcsse unterst\u00fctzen USB 3.0-Ger\u00e4te mit hoher Geschwindigkeit und einer \u00dcbertragungsrate von bis zu 5 Gbit\/s<\/li>\n<li>Einhaltung der Vorschriften: RoHS, REACH<\/li>\n<\/ul>","protected":false},"excerpt":{"rendered":"<p>USB-Steckplatzhalterung USB 3.1 Typ E m\u00e4nnlich auf USB C weiblich, 20PIN auf USB 3.0 A weiblich Steckplatzplatte Adapterkabel, 0.3M<\/p>","protected":false},"featured_media":25070,"template":"","meta":{"_acf_changed":false,"_seopress_robots_primary_cat":"","_seopress_titles_title":"USB Slot Bracket USB C USB 3.0 A Slot Plate Adapter Cable","_seopress_titles_desc":"","_seopress_robots_index":"","site-sidebar-layout":"default","site-content-layout":"default","ast-site-content-layout":"default","site-content-style":"default","site-sidebar-style":"default","ast-global-header-display":"","ast-banner-title-visibility":"","ast-main-header-display":"","ast-hfb-above-header-display":"","ast-hfb-below-header-display":"","ast-hfb-mobile-header-display":"","site-post-title":"","ast-breadcrumbs-content":"","ast-featured-img":"","footer-sml-layout":"","ast-disable-related-posts":"","theme-transparent-header-meta":"default","adv-header-id-meta":"","stick-header-meta":"","header-above-stick-meta":"","header-main-stick-meta":"","header-below-stick-meta":"","astra-migrate-meta-layouts":"set","ast-page-background-enabled":"default","ast-page-background-meta":{"desktop":{"background-color":"","background-image":"","background-repeat":"repeat","background-position":"center center","background-size":"auto","background-attachment":"scroll","background-type":"","background-media":"","overlay-type":"","overlay-color":"","overlay-opacity":"","overlay-gradient":""},"tablet":{"background-color":"","background-image":"","background-repeat":"repeat","background-position":"center center","background-size":"auto","background-attachment":"scroll","background-type":"","background-media":"","overlay-type":"","overlay-color":"","overlay-opacity":"","overlay-gradient":""},"mobile":{"background-color":"","background-image":"","background-repeat":"repeat","background-position":"center center","background-size":"auto","background-attachment":"scroll","background-type":"","background-media":"","overlay-type":"","overlay-color":"","overlay-opacity":"","overlay-gradient":""}},"ast-content-background-meta":{"desktop":{"background-color":"var(--ast-global-color-5)","background-image":"","background-repeat":"repeat","background-position":"center center","background-size":"auto","background-attachment":"scroll","background-type":"","background-media":"","overlay-type":"","overlay-color":"","overlay-opacity":"","overlay-gradient":""},"tablet":{"background-color":"var(--ast-global-color-5)","background-image":"","background-repeat":"repeat","background-position":"center center","background-size":"auto","background-attachment":"scroll","background-type":"","background-media":"","overlay-type":"","overlay-color":"","overlay-opacity":"","overlay-gradient":""},"mobile":{"background-color":"var(--ast-global-color-5)","background-image":"","background-repeat":"repeat","background-position":"center center","background-size":"auto","background-attachment":"scroll","background-type":"","background-media":"","overlay-type":"","overlay-color":"","overlay-opacity":"","overlay-gradient":""}},"iawp_total_views":1},"product_brand":[],"product_cat":[238,712],"product_tag":[],"class_list":{"0":"post-25067","1":"product","2":"type-product","3":"status-publish","4":"has-post-thumbnail","6":"product_cat-panel-mount","7":"product_cat-slot-brackets","8":"desktop-align-left","9":"tablet-align-left","10":"mobile-align-left","12":"first","13":"instock","14":"shipping-taxable","15":"purchasable","16":"product-type-simple"},"acf":[],"_links":{"self":[{"href":"https:\/\/www.fjpremium.com\/de\/wp-json\/wp\/v2\/product\/25067","targetHints":{"allow":["GET"]}}],"collection":[{"href":"https:\/\/www.fjpremium.com\/de\/wp-json\/wp\/v2\/product"}],"about":[{"href":"https:\/\/www.fjpremium.com\/de\/wp-json\/wp\/v2\/types\/product"}],"wp:featuredmedia":[{"embeddable":true,"href":"https:\/\/www.fjpremium.com\/de\/wp-json\/wp\/v2\/media\/25070"}],"wp:attachment":[{"href":"https:\/\/www.fjpremium.com\/de\/wp-json\/wp\/v2\/media?parent=25067"}],"wp:term":[{"taxonomy":"product_brand","embeddable":true,"href":"https:\/\/www.fjpremium.com\/de\/wp-json\/wp\/v2\/product_brand?post=25067"},{"taxonomy":"product_cat","embeddable":true,"href":"https:\/\/www.fjpremium.com\/de\/wp-json\/wp\/v2\/product_cat?post=25067"},{"taxonomy":"product_tag","embeddable":true,"href":"https:\/\/www.fjpremium.com\/de\/wp-json\/wp\/v2\/product_tag?post=25067"}],"curies":[{"name":"wp","href":"https:\/\/api.w.org\/{rel}","templated":true}]}}