{"id":25040,"date":"2024-01-24T10:15:13","date_gmt":"2024-01-24T02:15:13","guid":{"rendered":"https:\/\/www.fjpremium.com\/?post_type=product&#038;p=25040"},"modified":"2024-04-03T13:17:19","modified_gmt":"2024-04-03T05:17:19","slug":"usb3-0-a-m-f-usb-3-0-slot-bracket-cable","status":"publish","type":"product","link":"https:\/\/www.fjpremium.com\/de\/product\/usb3-0-a-m-f-usb-3-0-slot-bracket-cable\/","title":{"rendered":"Dual USB 3.0 A Stecker auf 2 Port USB A Buchse USB 3.0 Slot Halterung Kabel"},"content":{"rendered":"<p>Lassen Sie uns das Dual USB 3.0 Slot Bracket Cable genauer unter die Lupe nehmen. Hier erfahren Sie, warum es eine hervorragende Wahl ist:<\/p>\n<p>Es verf\u00fcgt intern \u00fcber zwei USB 3.0 Typ-A-Stecker und extern \u00fcber zwei USB 3.0 Typ-A-Buchsen, sodass Sie doppelt so viele Anschl\u00fcsse haben, ohne Ihr Motherboard zu \u00fcberlasten.<\/p>\n<p>Es ist auf Langlebigkeit ausgelegt und verf\u00fcgt \u00fcber vernickelte M3-Muttern und -Schrauben, Kupferleiter und eine doppelschichtige Abschirmung f\u00fcr maximale Haltbarkeit.<\/p>\n<p>Dank USB 3.0-Unterst\u00fctzung profitieren Sie von \u00dcbertragungsraten von bis zu 5 Gbit\/s und k\u00f6nnen so jederzeit schnelle Datei\u00fcbertragungen gew\u00e4hrleisten.<\/p>\n<p>Es ist abw\u00e4rtskompatibel mit USB 2.0-Ger\u00e4ten und erf\u00fcllt alle erforderlichen Standards.<\/p>\n<p><!-- notionvc: 39e6d870-2ccd-4bdf-a9fa-167fb191cf76 --><\/p>\n<p><!-- notionvc: b095f5fd-12ca-4e3c-aa4a-6b7b9d201367 --><\/p>\n<p><!-- notionvc: d1bf7134-081f-4dda-91f6-fa2bc73c01d9 --><\/p>\n<p><!-- notionvc: 7691773d-0462-4a7f-b41c-a58ee20dbfad --><\/p>\n<p><!-- notionvc: e16f256b-1002-40c7-afcf-7c7c760a7e79 --><\/p>\n<p><span style=\"font-size: 16px;\">Seine Spezifikationen:<\/span><\/p>\n<ul>\n<li>Anschluss 1: 2 x USB 3.0 Typ-A Stecker intern<\/li>\n<li>Anschluss 2: 2 x USB 3.0 Typ-A Buchse extern<\/li>\n<li>Vergoldete Kontakte, vernickeltes Geh\u00e4use<\/li>\n<li>Mutter und Schraube Typ: M3 vernickelt<\/li>\n<li>Kabel-Leiter: Blanke Kupfer<\/li>\n<li>Kabelquerschnitt: 28\/28\/24AWG<\/li>\n<li>Au\u00dfendurchmesser: 5,5\u00b10,15mm<\/li>\n<li>Abschirmung: Aluminiumfolie, Geflecht<\/li>\n<li>Geh\u00e4use: Spritzgie\u00dfen<\/li>\n<li>Mantel: PVC<\/li>\n<li>USB 3.0 A-Anschl\u00fcsse unterst\u00fctzen USB 3.0-Ger\u00e4te mit hoher Geschwindigkeit und einer \u00dcbertragungsrate von bis zu 5 Gbit\/s<\/li>\n<li>Abw\u00e4rtskompatibel mit Hochgeschwindigkeits-USB 2.0 (480Mbps)<\/li>\n<li>Einhaltung der Vorschriften: RoHS, REACH<\/li>\n<\/ul>","protected":false},"excerpt":{"rendered":"<p>Dual USB 3.0 A Stecker auf 2 Port USB A Buchse USB 3.0 Slot Halterung Kabel, 0.5M<\/p>","protected":false},"featured_media":25041,"template":"","meta":{"_acf_changed":false,"_seopress_robots_primary_cat":"","_seopress_titles_title":"2x USB 3.0 A to 2 Port USB A M-F USB 3.0 Slot Bracket Cable","_seopress_titles_desc":"","_seopress_robots_index":"","_seopress_analysis_target_kw":"USB 3.0 Slot Bracket","site-sidebar-layout":"default","site-content-layout":"default","ast-site-content-layout":"default","site-content-style":"default","site-sidebar-style":"default","ast-global-header-display":"","ast-banner-title-visibility":"","ast-main-header-display":"","ast-hfb-above-header-display":"","ast-hfb-below-header-display":"","ast-hfb-mobile-header-display":"","site-post-title":"","ast-breadcrumbs-content":"","ast-featured-img":"","footer-sml-layout":"","ast-disable-related-posts":"","theme-transparent-header-meta":"default","adv-header-id-meta":"","stick-header-meta":"","header-above-stick-meta":"","header-main-stick-meta":"","header-below-stick-meta":"","astra-migrate-meta-layouts":"set","ast-page-background-enabled":"default","ast-page-background-meta":{"desktop":{"background-color":"","background-image":"","background-repeat":"repeat","background-position":"center center","background-size":"auto","background-attachment":"scroll","background-type":"","background-media":"","overlay-type":"","overlay-color":"","overlay-opacity":"","overlay-gradient":""},"tablet":{"background-color":"","background-image":"","background-repeat":"repeat","background-position":"center center","background-size":"auto","background-attachment":"scroll","background-type":"","background-media":"","overlay-type":"","overlay-color":"","overlay-opacity":"","overlay-gradient":""},"mobile":{"background-color":"","background-image":"","background-repeat":"repeat","background-position":"center center","background-size":"auto","background-attachment":"scroll","background-type":"","background-media":"","overlay-type":"","overlay-color":"","overlay-opacity":"","overlay-gradient":""}},"ast-content-background-meta":{"desktop":{"background-color":"var(--ast-global-color-5)","background-image":"","background-repeat":"repeat","background-position":"center center","background-size":"auto","background-attachment":"scroll","background-type":"","background-media":"","overlay-type":"","overlay-color":"","overlay-opacity":"","overlay-gradient":""},"tablet":{"background-color":"var(--ast-global-color-5)","background-image":"","background-repeat":"repeat","background-position":"center center","background-size":"auto","background-attachment":"scroll","background-type":"","background-media":"","overlay-type":"","overlay-color":"","overlay-opacity":"","overlay-gradient":""},"mobile":{"background-color":"var(--ast-global-color-5)","background-image":"","background-repeat":"repeat","background-position":"center center","background-size":"auto","background-attachment":"scroll","background-type":"","background-media":"","overlay-type":"","overlay-color":"","overlay-opacity":"","overlay-gradient":""}},"iawp_total_views":9},"product_brand":[],"product_cat":[238,712],"product_tag":[],"class_list":{"0":"post-25040","1":"product","2":"type-product","3":"status-publish","4":"has-post-thumbnail","6":"product_cat-panel-mount","7":"product_cat-slot-brackets","8":"desktop-align-left","9":"tablet-align-left","10":"mobile-align-left","12":"first","13":"instock","14":"shipping-taxable","15":"purchasable","16":"product-type-simple"},"acf":[],"_links":{"self":[{"href":"https:\/\/www.fjpremium.com\/de\/wp-json\/wp\/v2\/product\/25040","targetHints":{"allow":["GET"]}}],"collection":[{"href":"https:\/\/www.fjpremium.com\/de\/wp-json\/wp\/v2\/product"}],"about":[{"href":"https:\/\/www.fjpremium.com\/de\/wp-json\/wp\/v2\/types\/product"}],"wp:featuredmedia":[{"embeddable":true,"href":"https:\/\/www.fjpremium.com\/de\/wp-json\/wp\/v2\/media\/25041"}],"wp:attachment":[{"href":"https:\/\/www.fjpremium.com\/de\/wp-json\/wp\/v2\/media?parent=25040"}],"wp:term":[{"taxonomy":"product_brand","embeddable":true,"href":"https:\/\/www.fjpremium.com\/de\/wp-json\/wp\/v2\/product_brand?post=25040"},{"taxonomy":"product_cat","embeddable":true,"href":"https:\/\/www.fjpremium.com\/de\/wp-json\/wp\/v2\/product_cat?post=25040"},{"taxonomy":"product_tag","embeddable":true,"href":"https:\/\/www.fjpremium.com\/de\/wp-json\/wp\/v2\/product_tag?post=25040"}],"curies":[{"name":"wp","href":"https:\/\/api.w.org\/{rel}","templated":true}]}}