{"id":25025,"date":"2024-01-24T09:17:32","date_gmt":"2024-01-24T01:17:32","guid":{"rendered":"https:\/\/www.fjpremium.com\/?post_type=product&#038;p=25025"},"modified":"2024-04-02T17:39:18","modified_gmt":"2024-04-02T09:39:18","slug":"usb-a-female-solt-plate-adapter-cable","status":"publish","type":"product","link":"https:\/\/www.fjpremium.com\/de\/product\/usb-a-female-solt-plate-adapter-cable\/","title":{"rendered":"USB 9PIN auf 2 Port USB A Buchse Steckplatz Adapterkabel"},"content":{"rendered":"<p>Verbessern Sie die Konnektivit\u00e4t Ihres PCs ganz einfach mit dem Farsince USB 9-PIN auf 2-Port USB A Buchse Slotblech-Adapterkabel.<\/p>\n<p>Dieser hochwertige Adapter erweitert die USB-Schnittstelle Ihres Motherboards auf zwei USB 2.0 Typ-A-Anschl\u00fcsse an Ihrem hinteren Blendenrack.<\/p>\n<p>Dank der einfachen Plug-and-Play-Einrichtung ist die Verbindung zu Ihrem Motherboard problemlos.<\/p>\n<p>Dieses Adapterkabel unterst\u00fctzt High-Speed-USB-2.0-Ger\u00e4te mit \u00dcbertragungsraten von bis zu 480 Mbit\/s und erm\u00f6glicht eine schnelle Daten\u00fcbertragung.<br \/>\nDar\u00fcber hinaus erf\u00fcllt es die RoHS- und REACH-Standards zum Umweltschutz und zur Gew\u00e4hrleistung der Sicherheit.<\/p>\n<p><!-- notionvc: b095f5fd-12ca-4e3c-aa4a-6b7b9d201367 --><\/p>\n<p><!-- notionvc: d1bf7134-081f-4dda-91f6-fa2bc73c01d9 --><\/p>\n<p><!-- notionvc: 7691773d-0462-4a7f-b41c-a58ee20dbfad --><\/p>\n<p><!-- notionvc: e16f256b-1002-40c7-afcf-7c7c760a7e79 --><\/p>\n<p><span style=\"font-size: 16px;\">Seine Spezifikationen:<\/span><\/p>\n<ul>\n<li>Anschluss 1: USB 9PIN-Buchse intern<\/li>\n<li>Anschluss 2: 2x USB 2.0 Typ-A Buchse extern<\/li>\n<li>Vergoldete Kontakte, vernickeltes Geh\u00e4use<\/li>\n<li>Mutter und Schraube Typ: M3 vernickelt<\/li>\n<li>Kabel-Leiter: Blanke Kupfer<\/li>\n<li>Kabelquerschnitt: 28\/24AWG<\/li>\n<li>Au\u00dfendurchmesser: 4,5 mm<\/li>\n<li>Abschirmung: Alufolie<\/li>\n<li>Geh\u00e4use: Spritzgie\u00dfen<\/li>\n<li>Mantel: PVC<\/li>\n<li>USB 2.0 A-Anschl\u00fcsse unterst\u00fctzen Hochgeschwindigkeits-USB 2.0-Ger\u00e4te und die \u00dcbertragungsrate erreicht bis zu 480 Mbps<\/li>\n<li>Abw\u00e4rtskompatibel mit USB 1.1 mit voller Geschwindigkeit (12 Mbit\/s) und USB 1.0 mit niedriger Geschwindigkeit (1,5 Mbit\/s)<\/li>\n<li>Einhaltung der Vorschriften: RoHS, REACH<\/li>\n<\/ul>","protected":false},"excerpt":{"rendered":"<p>USB 9PIN auf 2 Port USB A Buchse Slotplatte Adapterkabel, 0.3M<\/p>","protected":false},"featured_media":25027,"template":"","meta":{"_acf_changed":false,"_seopress_robots_primary_cat":"","_seopress_titles_title":"USB 9PIN to 2 Port USB A Female Slot Plate Adapter Cable","_seopress_titles_desc":"","_seopress_robots_index":"","site-sidebar-layout":"default","site-content-layout":"default","ast-site-content-layout":"default","site-content-style":"default","site-sidebar-style":"default","ast-global-header-display":"","ast-banner-title-visibility":"","ast-main-header-display":"","ast-hfb-above-header-display":"","ast-hfb-below-header-display":"","ast-hfb-mobile-header-display":"","site-post-title":"","ast-breadcrumbs-content":"","ast-featured-img":"","footer-sml-layout":"","ast-disable-related-posts":"","theme-transparent-header-meta":"default","adv-header-id-meta":"","stick-header-meta":"","header-above-stick-meta":"","header-main-stick-meta":"","header-below-stick-meta":"","astra-migrate-meta-layouts":"set","ast-page-background-enabled":"default","ast-page-background-meta":{"desktop":{"background-color":"","background-image":"","background-repeat":"repeat","background-position":"center center","background-size":"auto","background-attachment":"scroll","background-type":"","background-media":"","overlay-type":"","overlay-color":"","overlay-opacity":"","overlay-gradient":""},"tablet":{"background-color":"","background-image":"","background-repeat":"repeat","background-position":"center center","background-size":"auto","background-attachment":"scroll","background-type":"","background-media":"","overlay-type":"","overlay-color":"","overlay-opacity":"","overlay-gradient":""},"mobile":{"background-color":"","background-image":"","background-repeat":"repeat","background-position":"center center","background-size":"auto","background-attachment":"scroll","background-type":"","background-media":"","overlay-type":"","overlay-color":"","overlay-opacity":"","overlay-gradient":""}},"ast-content-background-meta":{"desktop":{"background-color":"var(--ast-global-color-5)","background-image":"","background-repeat":"repeat","background-position":"center center","background-size":"auto","background-attachment":"scroll","background-type":"","background-media":"","overlay-type":"","overlay-color":"","overlay-opacity":"","overlay-gradient":""},"tablet":{"background-color":"var(--ast-global-color-5)","background-image":"","background-repeat":"repeat","background-position":"center center","background-size":"auto","background-attachment":"scroll","background-type":"","background-media":"","overlay-type":"","overlay-color":"","overlay-opacity":"","overlay-gradient":""},"mobile":{"background-color":"var(--ast-global-color-5)","background-image":"","background-repeat":"repeat","background-position":"center center","background-size":"auto","background-attachment":"scroll","background-type":"","background-media":"","overlay-type":"","overlay-color":"","overlay-opacity":"","overlay-gradient":""}},"iawp_total_views":15},"product_brand":[],"product_cat":[238,712],"product_tag":[],"class_list":{"0":"post-25025","1":"product","2":"type-product","3":"status-publish","4":"has-post-thumbnail","6":"product_cat-panel-mount","7":"product_cat-slot-brackets","8":"desktop-align-left","9":"tablet-align-left","10":"mobile-align-left","12":"first","13":"instock","14":"shipping-taxable","15":"purchasable","16":"product-type-simple"},"acf":[],"_links":{"self":[{"href":"https:\/\/www.fjpremium.com\/de\/wp-json\/wp\/v2\/product\/25025","targetHints":{"allow":["GET"]}}],"collection":[{"href":"https:\/\/www.fjpremium.com\/de\/wp-json\/wp\/v2\/product"}],"about":[{"href":"https:\/\/www.fjpremium.com\/de\/wp-json\/wp\/v2\/types\/product"}],"wp:featuredmedia":[{"embeddable":true,"href":"https:\/\/www.fjpremium.com\/de\/wp-json\/wp\/v2\/media\/25027"}],"wp:attachment":[{"href":"https:\/\/www.fjpremium.com\/de\/wp-json\/wp\/v2\/media?parent=25025"}],"wp:term":[{"taxonomy":"product_brand","embeddable":true,"href":"https:\/\/www.fjpremium.com\/de\/wp-json\/wp\/v2\/product_brand?post=25025"},{"taxonomy":"product_cat","embeddable":true,"href":"https:\/\/www.fjpremium.com\/de\/wp-json\/wp\/v2\/product_cat?post=25025"},{"taxonomy":"product_tag","embeddable":true,"href":"https:\/\/www.fjpremium.com\/de\/wp-json\/wp\/v2\/product_tag?post=25025"}],"curies":[{"name":"wp","href":"https:\/\/api.w.org\/{rel}","templated":true}]}}