{"id":25020,"date":"2024-01-23T17:46:48","date_gmt":"2024-01-23T09:46:48","guid":{"rendered":"https:\/\/www.fjpremium.com\/?post_type=product&#038;p=25020"},"modified":"2024-04-02T17:35:28","modified_gmt":"2024-04-02T09:35:28","slug":"square-ftp-rj45-flush-mount-m-f-cable","status":"publish","type":"product","link":"https:\/\/www.fjpremium.com\/de\/product\/square-ftp-rj45-flush-mount-m-f-cable\/","title":{"rendered":"Quadratisches FTP RJ45-Verl\u00e4ngerungskabel, Stecker auf Buchse"},"content":{"rendered":"<p>Dieses Kabel ist mit vergoldeten Kontakten und vernickelten H\u00fcllen ausgestattet und garantiert robuste und effiziente Verbindungen.<\/p>\n<p>Durch die robuste Konstruktion mit blanken Kupferleitern und einer Abschirmung aus Aluminiumfolie werden St\u00f6rungen minimiert und optimale Signalintegrit\u00e4t gew\u00e4hrleistet.<\/p>\n<p>Getestet auf 350 MHz und unterst\u00fctzt 1000 Base-T Gigabit Ethernet, liefert es schnelle Daten\u00fcbertragungsgeschwindigkeiten.<\/p>\n<p>Erweitern Sie noch heute Ihre Netzwerkf\u00e4higkeiten mit dem quadratischen FTP-RJ45-Verl\u00e4ngerungskabel f\u00fcr die b\u00fcndige Montage und erleben Sie nahtlose Konnektivit\u00e4t in jeder Umgebung.<\/p>\n<p><!-- notionvc: b095f5fd-12ca-4e3c-aa4a-6b7b9d201367 --><\/p>\n<p><!-- notionvc: d1bf7134-081f-4dda-91f6-fa2bc73c01d9 --><\/p>\n<p><!-- notionvc: 7691773d-0462-4a7f-b41c-a58ee20dbfad --><\/p>\n<p><!-- notionvc: e16f256b-1002-40c7-afcf-7c7c760a7e79 --><\/p>\n<p><span style=\"font-size: 16px;\">Seine Spezifikationen:<\/span><\/p>\n<ul>\n<li>Anschluss 1: RJ45 FTP-Stecker<\/li>\n<li>Anschluss 2: RJ45 FTP-Buchse<\/li>\n<li>Vergoldeter Kontakt 3U, vernickeltes Geh\u00e4use<\/li>\n<li>Kabel-Leiter: Blanke Kupfer<\/li>\n<li>Kabelquerschnitt: 26AWG<\/li>\n<li>Au\u00dfendurchmesser: 5,5 mm oder 6,0 mm<\/li>\n<li>Abschirmung: Alufolie<\/li>\n<li>Geh\u00e4use: Spritzgussform<\/li>\n<li>Mantel: PVC<\/li>\n<li>\u00c4u\u00dferer Durchmesser: 5,0\u00b10,2mm<\/li>\n<li>Erf\u00fcllt oder \u00fcbertrifft die TIA\/EIA -568-C.2 und ISO\/IEC 11801 Spezifikation<\/li>\n<li>Getestet mit 350 MHz und Unterst\u00fctzung f\u00fcr 1000 Base-T Gigabit Ethernet<\/li>\n<li>Einhaltung der Vorschriften: RoHS, REACH<\/li>\n<\/ul>","protected":false},"excerpt":{"rendered":"<p>Quadratisches FTP RJ45-Verl\u00e4ngerungskabel f\u00fcr Autos, Lastwagen, Motorr\u00e4der, Boote, Yachten<\/p>","protected":false},"featured_media":25022,"template":"","meta":{"_acf_changed":false,"_seopress_robots_primary_cat":"","_seopress_titles_title":"Square FTP RJ45 Flush Mount male to female Extension Cable","_seopress_titles_desc":"","_seopress_robots_index":"","site-sidebar-layout":"default","site-content-layout":"default","ast-site-content-layout":"default","site-content-style":"default","site-sidebar-style":"default","ast-global-header-display":"","ast-banner-title-visibility":"","ast-main-header-display":"","ast-hfb-above-header-display":"","ast-hfb-below-header-display":"","ast-hfb-mobile-header-display":"","site-post-title":"","ast-breadcrumbs-content":"","ast-featured-img":"","footer-sml-layout":"","ast-disable-related-posts":"","theme-transparent-header-meta":"default","adv-header-id-meta":"","stick-header-meta":"","header-above-stick-meta":"","header-main-stick-meta":"","header-below-stick-meta":"","astra-migrate-meta-layouts":"set","ast-page-background-enabled":"default","ast-page-background-meta":{"desktop":{"background-color":"","background-image":"","background-repeat":"repeat","background-position":"center center","background-size":"auto","background-attachment":"scroll","background-type":"","background-media":"","overlay-type":"","overlay-color":"","overlay-opacity":"","overlay-gradient":""},"tablet":{"background-color":"","background-image":"","background-repeat":"repeat","background-position":"center center","background-size":"auto","background-attachment":"scroll","background-type":"","background-media":"","overlay-type":"","overlay-color":"","overlay-opacity":"","overlay-gradient":""},"mobile":{"background-color":"","background-image":"","background-repeat":"repeat","background-position":"center center","background-size":"auto","background-attachment":"scroll","background-type":"","background-media":"","overlay-type":"","overlay-color":"","overlay-opacity":"","overlay-gradient":""}},"ast-content-background-meta":{"desktop":{"background-color":"var(--ast-global-color-5)","background-image":"","background-repeat":"repeat","background-position":"center center","background-size":"auto","background-attachment":"scroll","background-type":"","background-media":"","overlay-type":"","overlay-color":"","overlay-opacity":"","overlay-gradient":""},"tablet":{"background-color":"var(--ast-global-color-5)","background-image":"","background-repeat":"repeat","background-position":"center center","background-size":"auto","background-attachment":"scroll","background-type":"","background-media":"","overlay-type":"","overlay-color":"","overlay-opacity":"","overlay-gradient":""},"mobile":{"background-color":"var(--ast-global-color-5)","background-image":"","background-repeat":"repeat","background-position":"center center","background-size":"auto","background-attachment":"scroll","background-type":"","background-media":"","overlay-type":"","overlay-color":"","overlay-opacity":"","overlay-gradient":""}},"iawp_total_views":8},"product_brand":[],"product_cat":[238,681],"product_tag":[],"class_list":{"0":"post-25020","1":"product","2":"type-product","3":"status-publish","4":"has-post-thumbnail","6":"product_cat-panel-mount","7":"product_cat-waterproof-rugged-cables","8":"desktop-align-left","9":"tablet-align-left","10":"mobile-align-left","12":"first","13":"instock","14":"shipping-taxable","15":"purchasable","16":"product-type-simple"},"acf":[],"_links":{"self":[{"href":"https:\/\/www.fjpremium.com\/de\/wp-json\/wp\/v2\/product\/25020","targetHints":{"allow":["GET"]}}],"collection":[{"href":"https:\/\/www.fjpremium.com\/de\/wp-json\/wp\/v2\/product"}],"about":[{"href":"https:\/\/www.fjpremium.com\/de\/wp-json\/wp\/v2\/types\/product"}],"wp:featuredmedia":[{"embeddable":true,"href":"https:\/\/www.fjpremium.com\/de\/wp-json\/wp\/v2\/media\/25022"}],"wp:attachment":[{"href":"https:\/\/www.fjpremium.com\/de\/wp-json\/wp\/v2\/media?parent=25020"}],"wp:term":[{"taxonomy":"product_brand","embeddable":true,"href":"https:\/\/www.fjpremium.com\/de\/wp-json\/wp\/v2\/product_brand?post=25020"},{"taxonomy":"product_cat","embeddable":true,"href":"https:\/\/www.fjpremium.com\/de\/wp-json\/wp\/v2\/product_cat?post=25020"},{"taxonomy":"product_tag","embeddable":true,"href":"https:\/\/www.fjpremium.com\/de\/wp-json\/wp\/v2\/product_tag?post=25020"}],"curies":[{"name":"wp","href":"https:\/\/api.w.org\/{rel}","templated":true}]}}