{"id":25012,"date":"2024-01-23T17:21:24","date_gmt":"2024-01-23T09:21:24","guid":{"rendered":"https:\/\/www.fjpremium.com\/?post_type=product&#038;p=25012"},"modified":"2024-04-02T17:26:56","modified_gmt":"2024-04-02T09:26:56","slug":"dual-usb-a-panel-flush-mount-cable","status":"publish","type":"product","link":"https:\/\/www.fjpremium.com\/de\/product\/dual-usb-a-panel-flush-mount-cable\/","title":{"rendered":"Quadratisches Dual-USB-A-Panel-Einbau-Stecker-auf-USB-3.0-A-USB-C-Buchse-Kabel"},"content":{"rendered":"<p>R\u00fcsten Sie Ihre USB-Verbindungen mit dem quadratischen Dual-USB-A-Panel-Einbaukabel auf.<\/p>\n<p>Ausgestattet mit zwei USB 3.0 Typ-A-Steckern und einer Kombination aus USB 3.0 Typ-A-Buchsen und USB 3.0 Typ-C-Buchsen bietet es vielseitige Anschlussm\u00f6glichkeiten in einem eleganten Design.<\/p>\n<p>Dieses Kabel besteht aus langlebigen Materialien und unterst\u00fctzt superschnelle USB 3.0-Ger\u00e4te. Es gew\u00e4hrleistet schnelle, st\u00f6rungsfreie Daten\u00fcbertragungen mit bis zu 5 Gbit\/s.<\/p>\n<p>Die einfache Installation und die Einhaltung der RoHS- und REACH-Standards machen es zu einer zuverl\u00e4ssigen Wahl f\u00fcr alle Ihre USB-Anforderungen.<\/p>\n<p><!-- notionvc: b095f5fd-12ca-4e3c-aa4a-6b7b9d201367 --><\/p>\n<p><!-- notionvc: d1bf7134-081f-4dda-91f6-fa2bc73c01d9 --><\/p>\n<p><!-- notionvc: 7691773d-0462-4a7f-b41c-a58ee20dbfad --><\/p>\n<p><!-- notionvc: e16f256b-1002-40c7-afcf-7c7c760a7e79 --><\/p>\n<p><span style=\"font-size: 16px;\">Seine Spezifikationen:<\/span><\/p>\n<ul>\n<li>Anschluss 1: USB 3.0 Typ-A Stecker x2<\/li>\n<li>Anschluss 2: USB 3.0 Typ-A Buchse, USB 3.0 Typ-C Buchse<\/li>\n<li>Vergoldete Kontakte, vernickeltes Geh\u00e4use<\/li>\n<li>Kabel-Leiter: Blanke Kupfer<\/li>\n<li>Kabelquerschnitt: 28\/28\/24AWG<\/li>\n<li>Au\u00dfendurchmesser: 5,5 mm<\/li>\n<li>Abschirmung: Aluminiumfolie, Geflecht<\/li>\n<li>Geh\u00e4use: Spritzgussform<\/li>\n<li>Mantel: PVC<\/li>\n<li>Unterst\u00fctzt superschnelle USB 3.0-Ger\u00e4te und die \u00dcbertragungsrate erreicht bis zu 5Gbps<\/li>\n<li>Abw\u00e4rtskompatibel mit High-Speed-USB 2.0 (480 Mbit\/s), Full-Speed-USB 1.1 (12 Mbit\/s) und Low-Speed-USB 1.0 (1,5 Mbit\/s)<\/li>\n<li>Einhaltung der Vorschriften: RoHS, REACH<\/li>\n<\/ul>","protected":false},"excerpt":{"rendered":"<p>Quadratisches Dual USB A Panel Flush Mount Stecker zu USB 3.0 A USB C Buchse Kabel f\u00fcr Autos, LKWs, Motorr\u00e4der, Boote, Yachten<\/p>","protected":false},"featured_media":25015,"template":"","meta":{"_acf_changed":false,"_seopress_robots_primary_cat":"","_seopress_titles_title":"Dual USB A Panel Flush Mount male to USB C female Cable","_seopress_titles_desc":"","_seopress_robots_index":"","site-sidebar-layout":"default","site-content-layout":"default","ast-site-content-layout":"default","site-content-style":"default","site-sidebar-style":"default","ast-global-header-display":"","ast-banner-title-visibility":"","ast-main-header-display":"","ast-hfb-above-header-display":"","ast-hfb-below-header-display":"","ast-hfb-mobile-header-display":"","site-post-title":"","ast-breadcrumbs-content":"","ast-featured-img":"","footer-sml-layout":"","ast-disable-related-posts":"","theme-transparent-header-meta":"default","adv-header-id-meta":"","stick-header-meta":"","header-above-stick-meta":"","header-main-stick-meta":"","header-below-stick-meta":"","astra-migrate-meta-layouts":"set","ast-page-background-enabled":"default","ast-page-background-meta":{"desktop":{"background-color":"","background-image":"","background-repeat":"repeat","background-position":"center center","background-size":"auto","background-attachment":"scroll","background-type":"","background-media":"","overlay-type":"","overlay-color":"","overlay-opacity":"","overlay-gradient":""},"tablet":{"background-color":"","background-image":"","background-repeat":"repeat","background-position":"center center","background-size":"auto","background-attachment":"scroll","background-type":"","background-media":"","overlay-type":"","overlay-color":"","overlay-opacity":"","overlay-gradient":""},"mobile":{"background-color":"","background-image":"","background-repeat":"repeat","background-position":"center center","background-size":"auto","background-attachment":"scroll","background-type":"","background-media":"","overlay-type":"","overlay-color":"","overlay-opacity":"","overlay-gradient":""}},"ast-content-background-meta":{"desktop":{"background-color":"var(--ast-global-color-5)","background-image":"","background-repeat":"repeat","background-position":"center center","background-size":"auto","background-attachment":"scroll","background-type":"","background-media":"","overlay-type":"","overlay-color":"","overlay-opacity":"","overlay-gradient":""},"tablet":{"background-color":"var(--ast-global-color-5)","background-image":"","background-repeat":"repeat","background-position":"center center","background-size":"auto","background-attachment":"scroll","background-type":"","background-media":"","overlay-type":"","overlay-color":"","overlay-opacity":"","overlay-gradient":""},"mobile":{"background-color":"var(--ast-global-color-5)","background-image":"","background-repeat":"repeat","background-position":"center center","background-size":"auto","background-attachment":"scroll","background-type":"","background-media":"","overlay-type":"","overlay-color":"","overlay-opacity":"","overlay-gradient":""}},"iawp_total_views":7},"product_brand":[],"product_cat":[238,681],"product_tag":[],"class_list":{"0":"post-25012","1":"product","2":"type-product","3":"status-publish","4":"has-post-thumbnail","6":"product_cat-panel-mount","7":"product_cat-waterproof-rugged-cables","8":"desktop-align-left","9":"tablet-align-left","10":"mobile-align-left","12":"first","13":"instock","14":"shipping-taxable","15":"purchasable","16":"product-type-simple"},"acf":[],"_links":{"self":[{"href":"https:\/\/www.fjpremium.com\/de\/wp-json\/wp\/v2\/product\/25012","targetHints":{"allow":["GET"]}}],"collection":[{"href":"https:\/\/www.fjpremium.com\/de\/wp-json\/wp\/v2\/product"}],"about":[{"href":"https:\/\/www.fjpremium.com\/de\/wp-json\/wp\/v2\/types\/product"}],"wp:featuredmedia":[{"embeddable":true,"href":"https:\/\/www.fjpremium.com\/de\/wp-json\/wp\/v2\/media\/25015"}],"wp:attachment":[{"href":"https:\/\/www.fjpremium.com\/de\/wp-json\/wp\/v2\/media?parent=25012"}],"wp:term":[{"taxonomy":"product_brand","embeddable":true,"href":"https:\/\/www.fjpremium.com\/de\/wp-json\/wp\/v2\/product_brand?post=25012"},{"taxonomy":"product_cat","embeddable":true,"href":"https:\/\/www.fjpremium.com\/de\/wp-json\/wp\/v2\/product_cat?post=25012"},{"taxonomy":"product_tag","embeddable":true,"href":"https:\/\/www.fjpremium.com\/de\/wp-json\/wp\/v2\/product_tag?post=25012"}],"curies":[{"name":"wp","href":"https:\/\/api.w.org\/{rel}","templated":true}]}}