{"id":25008,"date":"2024-01-23T17:15:35","date_gmt":"2024-01-23T09:15:35","guid":{"rendered":"https:\/\/www.fjpremium.com\/?post_type=product&#038;p=25008"},"modified":"2024-04-02T17:21:31","modified_gmt":"2024-04-02T09:21:31","slug":"square-usb-type-c-car-flush-mount-cable","status":"publish","type":"product","link":"https:\/\/www.fjpremium.com\/de\/product\/square-usb-type-c-car-flush-mount-cable\/","title":{"rendered":"Quadratisches USB-Typ-C-Verl\u00e4ngerungskabel f\u00fcr die Autounterputzmontage"},"content":{"rendered":"<p>Das hochwertige, quadratische USB-Typ-C-Verl\u00e4ngerungskabel von FARSINCE zur Unterputzmontage bietet eine ideale L\u00f6sung zur Erweiterung des USB 3.0\/3.1 Typ-C-Anschlusses Ihres Fahrzeugs.<\/p>\n<p>Dieses Kabel ist f\u00fcr den Einsatz in Autos, LKWs, Motorr\u00e4dern, Booten, Yachten usw. konzipiert und l\u00e4sst sich m\u00fchelos installieren.<\/p>\n<p>Nutzen Sie einfach ein vorhandenes Loch oder bohren Sie ein neues in Ihrem Armaturenbrett und lassen Sie es sicher einrasten.<\/p>\n<p>Mit praktischen Schnallen sorgt es f\u00fcr einen festen Sitz im Armaturenbrett Ihres Autos. Egal, ob Sie Ihre Ger\u00e4te aufladen oder Daten \u00fcbertragen m\u00f6chten, mit diesem Kabel sind Sie bestens bedient.<\/p>\n<p><!-- notionvc: b095f5fd-12ca-4e3c-aa4a-6b7b9d201367 --><\/p>\n<p><!-- notionvc: d1bf7134-081f-4dda-91f6-fa2bc73c01d9 --><\/p>\n<p><!-- notionvc: 7691773d-0462-4a7f-b41c-a58ee20dbfad --><\/p>\n<p><!-- notionvc: e16f256b-1002-40c7-afcf-7c7c760a7e79 --><\/p>\n<p><span style=\"font-size: 16px;\">Seine Spezifikationen:<\/span><\/p>\n<ul>\n<li>Anschluss 1: USB 3.0\/3.1 Typ-C Stecker<\/li>\n<li>Anschluss 2: USB 3.0\/3.1 Typ-C Buchse<\/li>\n<li>Vergoldete Kontakte, vernickeltes Geh\u00e4use<\/li>\n<li>Kabel-Leiter: Blanke Kupfer<\/li>\n<li>Kabelquerschnitt: 30\/30\/24AWG f\u00fcr USB 3.0 Typ-C OD5.5mm; 32\/32\/24AWG f\u00fcr USB 3.1 Typ-C OD4.5mm<\/li>\n<li>Abschirmung: Aluminiumfolie, Geflecht<\/li>\n<li>Geh\u00e4use: Spritzgussform<\/li>\n<li>Mantel: PVC<\/li>\n<li>USB 3.1 Typ-C unterst\u00fctzt \u00dcbertragungsraten bis zu 10 Gbps, Videoaufl\u00f6sung bis zu 4K@60Hz<\/li>\n<li>USB 3.0 Typ-C unterst\u00fctzt superschnelle USB 3.0-Ger\u00e4te und die \u00dcbertragungsrate erreicht bis zu 5 Gbps<\/li>\n<li>Abw\u00e4rtskompatibel mit High-Speed-USB 2.0 (480 Mbit\/s), Full-Speed-USB 1.1 (12 Mbit\/s) und Low-Speed-USB 1.0 (1,5 Mbit\/s)<\/li>\n<li>Einhaltung der Vorschriften: RoHS, REACH<\/li>\n<\/ul>","protected":false},"excerpt":{"rendered":"<p>Quadratisches USB Typ C Car Flush Mount Verl\u00e4ngerungskabel f\u00fcr Autos, LKWs, Motorr\u00e4der, Boote, Yachten<\/p>","protected":false},"featured_media":25009,"template":"","meta":{"_acf_changed":false,"_seopress_robots_primary_cat":"","_seopress_titles_title":"Square USB Type C Car Flush Mount Extension Cable","_seopress_titles_desc":"","_seopress_robots_index":"","site-sidebar-layout":"default","site-content-layout":"default","ast-site-content-layout":"default","site-content-style":"default","site-sidebar-style":"default","ast-global-header-display":"","ast-banner-title-visibility":"","ast-main-header-display":"","ast-hfb-above-header-display":"","ast-hfb-below-header-display":"","ast-hfb-mobile-header-display":"","site-post-title":"","ast-breadcrumbs-content":"","ast-featured-img":"","footer-sml-layout":"","ast-disable-related-posts":"","theme-transparent-header-meta":"default","adv-header-id-meta":"","stick-header-meta":"","header-above-stick-meta":"","header-main-stick-meta":"","header-below-stick-meta":"","astra-migrate-meta-layouts":"set","ast-page-background-enabled":"default","ast-page-background-meta":{"desktop":{"background-color":"","background-image":"","background-repeat":"repeat","background-position":"center center","background-size":"auto","background-attachment":"scroll","background-type":"","background-media":"","overlay-type":"","overlay-color":"","overlay-opacity":"","overlay-gradient":""},"tablet":{"background-color":"","background-image":"","background-repeat":"repeat","background-position":"center center","background-size":"auto","background-attachment":"scroll","background-type":"","background-media":"","overlay-type":"","overlay-color":"","overlay-opacity":"","overlay-gradient":""},"mobile":{"background-color":"","background-image":"","background-repeat":"repeat","background-position":"center center","background-size":"auto","background-attachment":"scroll","background-type":"","background-media":"","overlay-type":"","overlay-color":"","overlay-opacity":"","overlay-gradient":""}},"ast-content-background-meta":{"desktop":{"background-color":"var(--ast-global-color-5)","background-image":"","background-repeat":"repeat","background-position":"center center","background-size":"auto","background-attachment":"scroll","background-type":"","background-media":"","overlay-type":"","overlay-color":"","overlay-opacity":"","overlay-gradient":""},"tablet":{"background-color":"var(--ast-global-color-5)","background-image":"","background-repeat":"repeat","background-position":"center center","background-size":"auto","background-attachment":"scroll","background-type":"","background-media":"","overlay-type":"","overlay-color":"","overlay-opacity":"","overlay-gradient":""},"mobile":{"background-color":"var(--ast-global-color-5)","background-image":"","background-repeat":"repeat","background-position":"center center","background-size":"auto","background-attachment":"scroll","background-type":"","background-media":"","overlay-type":"","overlay-color":"","overlay-opacity":"","overlay-gradient":""}},"iawp_total_views":18},"product_brand":[],"product_cat":[238,681],"product_tag":[],"class_list":{"0":"post-25008","1":"product","2":"type-product","3":"status-publish","4":"has-post-thumbnail","6":"product_cat-panel-mount","7":"product_cat-waterproof-rugged-cables","8":"desktop-align-left","9":"tablet-align-left","10":"mobile-align-left","12":"first","13":"instock","14":"shipping-taxable","15":"purchasable","16":"product-type-simple"},"acf":[],"_links":{"self":[{"href":"https:\/\/www.fjpremium.com\/de\/wp-json\/wp\/v2\/product\/25008","targetHints":{"allow":["GET"]}}],"collection":[{"href":"https:\/\/www.fjpremium.com\/de\/wp-json\/wp\/v2\/product"}],"about":[{"href":"https:\/\/www.fjpremium.com\/de\/wp-json\/wp\/v2\/types\/product"}],"wp:featuredmedia":[{"embeddable":true,"href":"https:\/\/www.fjpremium.com\/de\/wp-json\/wp\/v2\/media\/25009"}],"wp:attachment":[{"href":"https:\/\/www.fjpremium.com\/de\/wp-json\/wp\/v2\/media?parent=25008"}],"wp:term":[{"taxonomy":"product_brand","embeddable":true,"href":"https:\/\/www.fjpremium.com\/de\/wp-json\/wp\/v2\/product_brand?post=25008"},{"taxonomy":"product_cat","embeddable":true,"href":"https:\/\/www.fjpremium.com\/de\/wp-json\/wp\/v2\/product_cat?post=25008"},{"taxonomy":"product_tag","embeddable":true,"href":"https:\/\/www.fjpremium.com\/de\/wp-json\/wp\/v2\/product_tag?post=25008"}],"curies":[{"name":"wp","href":"https:\/\/api.w.org\/{rel}","templated":true}]}}