{"id":24979,"date":"2024-01-23T16:27:28","date_gmt":"2024-01-23T08:27:28","guid":{"rendered":"https:\/\/www.fjpremium.com\/?post_type=product&#038;p=24979"},"modified":"2024-04-02T16:23:36","modified_gmt":"2024-04-02T08:23:36","slug":"2rca-3-5mm-female-panel-flush-mount-cable","status":"publish","type":"product","link":"https:\/\/www.fjpremium.com\/de\/product\/2rca-3-5mm-female-panel-flush-mount-cable\/","title":{"rendered":"2RCA-Stecker auf 3,5-mm-Buchse Panel Flush Mount Kabel"},"content":{"rendered":"<p>R\u00fcsten Sie Ihre Audioverbindungen mit dem Unterputzkabel (2 RCA-Stecker auf 3,5-mm-Buchse) auf. Dieses Kabel wurde f\u00fcr die nahtlose Integration in Ihr Soundsystem entwickelt und gew\u00e4hrleistet Kompatibilit\u00e4t und klaren, knackigen Klang.<\/p>\n<p>Vielseitige Konnektivit\u00e4t: Schlie\u00dfen Sie Lautsprecher, Verst\u00e4rker und andere Audioger\u00e4te m\u00fchelos an.<\/p>\n<p>Zuverl\u00e4ssige Konstruktion: Mit blanken Kupferleitern und einer langlebigen PVC-Ummantelung bietet dieses Kabel Haltbarkeit und Langlebigkeit.<\/p>\n<p>Praktischer Eingang: Verf\u00fcgt \u00fcber eine 3,5-mm-Audiobuchse zum einfachen Anschluss externer Audioger\u00e4te wie Smartphones und MP3-Player.<\/p>\n<p><!-- notionvc: b095f5fd-12ca-4e3c-aa4a-6b7b9d201367 --><\/p>\n<p><!-- notionvc: d1bf7134-081f-4dda-91f6-fa2bc73c01d9 --><\/p>\n<p><!-- notionvc: 7691773d-0462-4a7f-b41c-a58ee20dbfad --><\/p>\n<p><!-- notionvc: e16f256b-1002-40c7-afcf-7c7c760a7e79 --><\/p>\n<p><span style=\"font-size: 16px;\">Seine Spezifikationen:<\/span><\/p>\n<ul>\n<li>Anschluss 1: 2RCA-Stecker<\/li>\n<li>Anschluss 2: 3,5 mm Stereo-Buchse<\/li>\n<li>Vergoldeter Kontakt, vergoldetes Geh\u00e4use<\/li>\n<li>Kabel-Leiter: Blanke Kupfer<\/li>\n<li>Kabelquerschnitt: 28AWG<\/li>\n<li>Au\u00dfendurchmesser: 2,8 mm<\/li>\n<li>Abschirmung: Keine<\/li>\n<li>Geh\u00e4use: Spritzgussform<\/li>\n<li>Mantel: PVC<\/li>\n<li>3,5-mm-Audiobuchse f\u00fcr den Anschluss eines externen Audioger\u00e4ts<\/li>\n<li>Einhaltung der Vorschriften: RoHS, REACH<\/li>\n<\/ul>","protected":false},"excerpt":{"rendered":"<p>2RCA Stecker auf 3.5mm Buchse Panel Flush Mount Kabel f\u00fcr Autos, Lastwagen, Motorr\u00e4der, Boote, Yachten<\/p>","protected":false},"featured_media":24981,"template":"","meta":{"_acf_changed":false,"_seopress_robots_primary_cat":"","_seopress_titles_title":"2RCA male to 3.5mm Female Panel Flush Mount Cable","_seopress_titles_desc":"","_seopress_robots_index":"","site-sidebar-layout":"default","site-content-layout":"default","ast-site-content-layout":"default","site-content-style":"default","site-sidebar-style":"default","ast-global-header-display":"","ast-banner-title-visibility":"","ast-main-header-display":"","ast-hfb-above-header-display":"","ast-hfb-below-header-display":"","ast-hfb-mobile-header-display":"","site-post-title":"","ast-breadcrumbs-content":"","ast-featured-img":"","footer-sml-layout":"","ast-disable-related-posts":"","theme-transparent-header-meta":"default","adv-header-id-meta":"","stick-header-meta":"","header-above-stick-meta":"","header-main-stick-meta":"","header-below-stick-meta":"","astra-migrate-meta-layouts":"set","ast-page-background-enabled":"default","ast-page-background-meta":{"desktop":{"background-color":"","background-image":"","background-repeat":"repeat","background-position":"center center","background-size":"auto","background-attachment":"scroll","background-type":"","background-media":"","overlay-type":"","overlay-color":"","overlay-opacity":"","overlay-gradient":""},"tablet":{"background-color":"","background-image":"","background-repeat":"repeat","background-position":"center center","background-size":"auto","background-attachment":"scroll","background-type":"","background-media":"","overlay-type":"","overlay-color":"","overlay-opacity":"","overlay-gradient":""},"mobile":{"background-color":"","background-image":"","background-repeat":"repeat","background-position":"center center","background-size":"auto","background-attachment":"scroll","background-type":"","background-media":"","overlay-type":"","overlay-color":"","overlay-opacity":"","overlay-gradient":""}},"ast-content-background-meta":{"desktop":{"background-color":"var(--ast-global-color-5)","background-image":"","background-repeat":"repeat","background-position":"center center","background-size":"auto","background-attachment":"scroll","background-type":"","background-media":"","overlay-type":"","overlay-color":"","overlay-opacity":"","overlay-gradient":""},"tablet":{"background-color":"var(--ast-global-color-5)","background-image":"","background-repeat":"repeat","background-position":"center center","background-size":"auto","background-attachment":"scroll","background-type":"","background-media":"","overlay-type":"","overlay-color":"","overlay-opacity":"","overlay-gradient":""},"mobile":{"background-color":"var(--ast-global-color-5)","background-image":"","background-repeat":"repeat","background-position":"center center","background-size":"auto","background-attachment":"scroll","background-type":"","background-media":"","overlay-type":"","overlay-color":"","overlay-opacity":"","overlay-gradient":""}},"iawp_total_views":7},"product_brand":[],"product_cat":[238,681],"product_tag":[],"class_list":{"0":"post-24979","1":"product","2":"type-product","3":"status-publish","4":"has-post-thumbnail","6":"product_cat-panel-mount","7":"product_cat-waterproof-rugged-cables","8":"desktop-align-left","9":"tablet-align-left","10":"mobile-align-left","12":"first","13":"instock","14":"shipping-taxable","15":"purchasable","16":"product-type-simple"},"acf":[],"_links":{"self":[{"href":"https:\/\/www.fjpremium.com\/de\/wp-json\/wp\/v2\/product\/24979","targetHints":{"allow":["GET"]}}],"collection":[{"href":"https:\/\/www.fjpremium.com\/de\/wp-json\/wp\/v2\/product"}],"about":[{"href":"https:\/\/www.fjpremium.com\/de\/wp-json\/wp\/v2\/types\/product"}],"wp:featuredmedia":[{"embeddable":true,"href":"https:\/\/www.fjpremium.com\/de\/wp-json\/wp\/v2\/media\/24981"}],"wp:attachment":[{"href":"https:\/\/www.fjpremium.com\/de\/wp-json\/wp\/v2\/media?parent=24979"}],"wp:term":[{"taxonomy":"product_brand","embeddable":true,"href":"https:\/\/www.fjpremium.com\/de\/wp-json\/wp\/v2\/product_brand?post=24979"},{"taxonomy":"product_cat","embeddable":true,"href":"https:\/\/www.fjpremium.com\/de\/wp-json\/wp\/v2\/product_cat?post=24979"},{"taxonomy":"product_tag","embeddable":true,"href":"https:\/\/www.fjpremium.com\/de\/wp-json\/wp\/v2\/product_tag?post=24979"}],"curies":[{"name":"wp","href":"https:\/\/api.w.org\/{rel}","templated":true}]}}