{"id":24973,"date":"2024-01-23T16:20:37","date_gmt":"2024-01-23T08:20:37","guid":{"rendered":"https:\/\/www.fjpremium.com\/?post_type=product&#038;p=24973"},"modified":"2024-04-02T16:20:42","modified_gmt":"2024-04-02T08:20:42","slug":"3-5mm-car-mount-flush-cable","status":"publish","type":"product","link":"https:\/\/www.fjpremium.com\/de\/product\/3-5mm-car-mount-flush-cable\/","title":{"rendered":"Einzelanschluss 3,5 mm Car Mount Flush Kabel Buchse zu Buchse"},"content":{"rendered":"<p>R\u00fcsten Sie die Audioanlage Ihres Autos m\u00fchelos mit dem 3,5-mm-Automontagekabel von FARSINCE auf.<\/p>\n<p>Einfache Installation: Lassen Sie es in einem vorhandenen Loch einrasten oder schneiden Sie ein neues \u2013 kein Aufwand, kein \u00c4rger.<\/p>\n<p>Verbesserte Konnektivit\u00e4t: Verf\u00fcgt \u00fcber vergoldete Anschl\u00fcsse f\u00fcr optimale Klangqualit\u00e4t und Zuverl\u00e4ssigkeit.<\/p>\n<p>Praktische Kompatibilit\u00e4t: Erm\u00f6glicht die einfache Eingabe externer Audioger\u00e4te \u00fcber die 3,5-mm-Audiobuchse.<\/p>\n<p>Dieses Kabel wurde zur Erweiterung des 3,5-mm-Stereoanschlusses Ihres Armaturenbretts entwickelt und eignet sich perfekt f\u00fcr Autos, LKWs, Motorr\u00e4der, Boote und mehr.<\/p>\n<p><!-- notionvc: b095f5fd-12ca-4e3c-aa4a-6b7b9d201367 --><\/p>\n<p><!-- notionvc: d1bf7134-081f-4dda-91f6-fa2bc73c01d9 --><\/p>\n<p><!-- notionvc: 7691773d-0462-4a7f-b41c-a58ee20dbfad --><\/p>\n<p><!-- notionvc: e16f256b-1002-40c7-afcf-7c7c760a7e79 --><\/p>\n<p><span style=\"font-size: 16px;\">Seine Spezifikationen:<\/span><\/p>\n<ul>\n<li>Stecker 1: 3,5 mm Stereobuchse, vergoldet<\/li>\n<li>Anschluss 2: 3,5 mm Stereo-Buchse, vergoldet<\/li>\n<li>Kabel-Leiter: Blanke Kupfer<\/li>\n<li>Kabelquerschnitt: 28AWG<\/li>\n<li>Au\u00dfendurchmesser: 3,5 mm<\/li>\n<li>Abschirmung: Keine<\/li>\n<li>Geh\u00e4use: Spritzgussform<\/li>\n<li>Mantel: PVC<\/li>\n<li>3,5-mm-Audiobuchse f\u00fcr den Anschluss eines externen Audioger\u00e4ts<\/li>\n<li>Einhaltung der Vorschriften: RoHS, REACH<\/li>\n<\/ul>","protected":false},"excerpt":{"rendered":"<p>Single Port 3.5mm Car Mount Flush Kabel Buchse auf Buchse f\u00fcr Autos, Lastwagen, Motorr\u00e4der, Boote, Yachten<\/p>","protected":false},"featured_media":24976,"template":"","meta":{"_acf_changed":false,"_seopress_robots_primary_cat":"","_seopress_titles_title":"Single Port 3.5mm Car Mount Flush Cable Female to Female","_seopress_titles_desc":"","_seopress_robots_index":"","site-sidebar-layout":"default","site-content-layout":"default","ast-site-content-layout":"default","site-content-style":"default","site-sidebar-style":"default","ast-global-header-display":"","ast-banner-title-visibility":"","ast-main-header-display":"","ast-hfb-above-header-display":"","ast-hfb-below-header-display":"","ast-hfb-mobile-header-display":"","site-post-title":"","ast-breadcrumbs-content":"","ast-featured-img":"","footer-sml-layout":"","ast-disable-related-posts":"","theme-transparent-header-meta":"default","adv-header-id-meta":"","stick-header-meta":"","header-above-stick-meta":"","header-main-stick-meta":"","header-below-stick-meta":"","astra-migrate-meta-layouts":"set","ast-page-background-enabled":"default","ast-page-background-meta":{"desktop":{"background-color":"","background-image":"","background-repeat":"repeat","background-position":"center center","background-size":"auto","background-attachment":"scroll","background-type":"","background-media":"","overlay-type":"","overlay-color":"","overlay-opacity":"","overlay-gradient":""},"tablet":{"background-color":"","background-image":"","background-repeat":"repeat","background-position":"center center","background-size":"auto","background-attachment":"scroll","background-type":"","background-media":"","overlay-type":"","overlay-color":"","overlay-opacity":"","overlay-gradient":""},"mobile":{"background-color":"","background-image":"","background-repeat":"repeat","background-position":"center center","background-size":"auto","background-attachment":"scroll","background-type":"","background-media":"","overlay-type":"","overlay-color":"","overlay-opacity":"","overlay-gradient":""}},"ast-content-background-meta":{"desktop":{"background-color":"var(--ast-global-color-5)","background-image":"","background-repeat":"repeat","background-position":"center center","background-size":"auto","background-attachment":"scroll","background-type":"","background-media":"","overlay-type":"","overlay-color":"","overlay-opacity":"","overlay-gradient":""},"tablet":{"background-color":"var(--ast-global-color-5)","background-image":"","background-repeat":"repeat","background-position":"center center","background-size":"auto","background-attachment":"scroll","background-type":"","background-media":"","overlay-type":"","overlay-color":"","overlay-opacity":"","overlay-gradient":""},"mobile":{"background-color":"var(--ast-global-color-5)","background-image":"","background-repeat":"repeat","background-position":"center center","background-size":"auto","background-attachment":"scroll","background-type":"","background-media":"","overlay-type":"","overlay-color":"","overlay-opacity":"","overlay-gradient":""}},"iawp_total_views":3},"product_brand":[],"product_cat":[238,681],"product_tag":[],"class_list":{"0":"post-24973","1":"product","2":"type-product","3":"status-publish","4":"has-post-thumbnail","6":"product_cat-panel-mount","7":"product_cat-waterproof-rugged-cables","8":"desktop-align-left","9":"tablet-align-left","10":"mobile-align-left","12":"first","13":"instock","14":"shipping-taxable","15":"purchasable","16":"product-type-simple"},"acf":[],"_links":{"self":[{"href":"https:\/\/www.fjpremium.com\/de\/wp-json\/wp\/v2\/product\/24973","targetHints":{"allow":["GET"]}}],"collection":[{"href":"https:\/\/www.fjpremium.com\/de\/wp-json\/wp\/v2\/product"}],"about":[{"href":"https:\/\/www.fjpremium.com\/de\/wp-json\/wp\/v2\/types\/product"}],"wp:featuredmedia":[{"embeddable":true,"href":"https:\/\/www.fjpremium.com\/de\/wp-json\/wp\/v2\/media\/24976"}],"wp:attachment":[{"href":"https:\/\/www.fjpremium.com\/de\/wp-json\/wp\/v2\/media?parent=24973"}],"wp:term":[{"taxonomy":"product_brand","embeddable":true,"href":"https:\/\/www.fjpremium.com\/de\/wp-json\/wp\/v2\/product_brand?post=24973"},{"taxonomy":"product_cat","embeddable":true,"href":"https:\/\/www.fjpremium.com\/de\/wp-json\/wp\/v2\/product_cat?post=24973"},{"taxonomy":"product_tag","embeddable":true,"href":"https:\/\/www.fjpremium.com\/de\/wp-json\/wp\/v2\/product_tag?post=24973"}],"curies":[{"name":"wp","href":"https:\/\/api.w.org\/{rel}","templated":true}]}}