{"id":24943,"date":"2024-01-23T15:48:47","date_gmt":"2024-01-23T07:48:47","guid":{"rendered":"https:\/\/www.fjpremium.com\/?post_type=product&#038;p=24943"},"modified":"2024-04-02T16:01:17","modified_gmt":"2024-04-02T08:01:17","slug":"usb-2-0-a-m-f-car-mount-flush-cable","status":"publish","type":"product","link":"https:\/\/www.fjpremium.com\/de\/product\/usb-2-0-a-m-f-car-mount-flush-cable\/","title":{"rendered":"Single Port USB 2.0 A Stecker auf Buchse Car Mount Flush Kabel"},"content":{"rendered":"<p>Verwandeln Sie die USB-Einrichtung Ihres Autos mit dem hochwertigen USB 2.0 A-Stecker-auf-Buchse-Automontagekabel von FARSINCE.<\/p>\n<p>Lassen Sie es einfach auf Ihrem Armaturenbrett einrasten \u2013 es sind keine komplexen Installationen erforderlich. Ideal f\u00fcr Autos, LKWs, Motorr\u00e4der, Boote und Yachten.<\/p>\n<p>Die wasser- und staubdichte Abdeckung sorgt f\u00fcr Langlebigkeit, schirmt Ihren Stecker vor Witterungseinfl\u00fcssen ab und gew\u00e4hrleistet eine gleichbleibende Leistung auf der Stra\u00dfe.<\/p>\n<p>Unterst\u00fctzt superschnelle USB 2.0-Ger\u00e4te mit einer schnellen \u00dcbertragungsrate von bis zu 480 Mbit\/s und garantiert nahtlose Verbindungen f\u00fcr alle Ihre Ger\u00e4te.<\/p>\n<p>Erf\u00fcllt die RoHS- und REACH-Standards f\u00fcr Qualit\u00e4t und Umweltverantwortung und gibt Ihnen bei jeder Fahrt Vertrauen.<\/p>\n<p><!-- notionvc: b095f5fd-12ca-4e3c-aa4a-6b7b9d201367 --><\/p>\n<p><!-- notionvc: d1bf7134-081f-4dda-91f6-fa2bc73c01d9 --><\/p>\n<p><!-- notionvc: 7691773d-0462-4a7f-b41c-a58ee20dbfad --><\/p>\n<p><!-- notionvc: e16f256b-1002-40c7-afcf-7c7c760a7e79 --><\/p>\n<p><span style=\"font-size: 16px;\">Seine Spezifikationen:<\/span><\/p>\n<ul>\n<li>Anschluss 1: USB 2.0 A Stecker<\/li>\n<li>Anschluss 2: USB 2.0 A Buchse<\/li>\n<li>Vergoldete Kontakte, vernickeltes Geh\u00e4use<\/li>\n<li>Kabel-Leiter: Blanke Kupfer<\/li>\n<li>Kabelquerschnitt: 28\/24AWG<\/li>\n<li>Au\u00dfendurchmesser: 4,5 mm<\/li>\n<li>Abschirmung: Aluminiumfolie, Geflecht<\/li>\n<li>Geh\u00e4use: Spritzgussform<\/li>\n<li>Mantel: PVC<\/li>\n<li>Unterst\u00fctzt superschnelle USB 2.0-Ger\u00e4te und die \u00dcbertragungsrate erreicht bis zu 480Mbps<\/li>\n<li>Einhaltung der Vorschriften: RoHS, REACH<\/li>\n<\/ul>","protected":false},"excerpt":{"rendered":"<p>Single Port USB 2.0 A Stecker auf Buchse Car Mount Flush Kabel f\u00fcr PKW, LKW, Motorr\u00e4der, Boote, Yachten<\/p>","protected":false},"featured_media":24947,"template":"","meta":{"_acf_changed":false,"_seopress_robots_primary_cat":"","_seopress_titles_title":"Single Port USB 2.0 A male to female Car Mount Flush Cable","_seopress_titles_desc":"","_seopress_robots_index":"","site-sidebar-layout":"default","site-content-layout":"default","ast-site-content-layout":"default","site-content-style":"default","site-sidebar-style":"default","ast-global-header-display":"","ast-banner-title-visibility":"","ast-main-header-display":"","ast-hfb-above-header-display":"","ast-hfb-below-header-display":"","ast-hfb-mobile-header-display":"","site-post-title":"","ast-breadcrumbs-content":"","ast-featured-img":"","footer-sml-layout":"","ast-disable-related-posts":"","theme-transparent-header-meta":"default","adv-header-id-meta":"","stick-header-meta":"","header-above-stick-meta":"","header-main-stick-meta":"","header-below-stick-meta":"","astra-migrate-meta-layouts":"set","ast-page-background-enabled":"default","ast-page-background-meta":{"desktop":{"background-color":"","background-image":"","background-repeat":"repeat","background-position":"center center","background-size":"auto","background-attachment":"scroll","background-type":"","background-media":"","overlay-type":"","overlay-color":"","overlay-opacity":"","overlay-gradient":""},"tablet":{"background-color":"","background-image":"","background-repeat":"repeat","background-position":"center center","background-size":"auto","background-attachment":"scroll","background-type":"","background-media":"","overlay-type":"","overlay-color":"","overlay-opacity":"","overlay-gradient":""},"mobile":{"background-color":"","background-image":"","background-repeat":"repeat","background-position":"center center","background-size":"auto","background-attachment":"scroll","background-type":"","background-media":"","overlay-type":"","overlay-color":"","overlay-opacity":"","overlay-gradient":""}},"ast-content-background-meta":{"desktop":{"background-color":"var(--ast-global-color-5)","background-image":"","background-repeat":"repeat","background-position":"center center","background-size":"auto","background-attachment":"scroll","background-type":"","background-media":"","overlay-type":"","overlay-color":"","overlay-opacity":"","overlay-gradient":""},"tablet":{"background-color":"var(--ast-global-color-5)","background-image":"","background-repeat":"repeat","background-position":"center center","background-size":"auto","background-attachment":"scroll","background-type":"","background-media":"","overlay-type":"","overlay-color":"","overlay-opacity":"","overlay-gradient":""},"mobile":{"background-color":"var(--ast-global-color-5)","background-image":"","background-repeat":"repeat","background-position":"center center","background-size":"auto","background-attachment":"scroll","background-type":"","background-media":"","overlay-type":"","overlay-color":"","overlay-opacity":"","overlay-gradient":""}},"iawp_total_views":10},"product_brand":[],"product_cat":[238,681],"product_tag":[],"class_list":{"0":"post-24943","1":"product","2":"type-product","3":"status-publish","4":"has-post-thumbnail","6":"product_cat-panel-mount","7":"product_cat-waterproof-rugged-cables","8":"desktop-align-left","9":"tablet-align-left","10":"mobile-align-left","12":"first","13":"instock","14":"shipping-taxable","15":"purchasable","16":"product-type-simple"},"acf":[],"_links":{"self":[{"href":"https:\/\/www.fjpremium.com\/de\/wp-json\/wp\/v2\/product\/24943","targetHints":{"allow":["GET"]}}],"collection":[{"href":"https:\/\/www.fjpremium.com\/de\/wp-json\/wp\/v2\/product"}],"about":[{"href":"https:\/\/www.fjpremium.com\/de\/wp-json\/wp\/v2\/types\/product"}],"wp:featuredmedia":[{"embeddable":true,"href":"https:\/\/www.fjpremium.com\/de\/wp-json\/wp\/v2\/media\/24947"}],"wp:attachment":[{"href":"https:\/\/www.fjpremium.com\/de\/wp-json\/wp\/v2\/media?parent=24943"}],"wp:term":[{"taxonomy":"product_brand","embeddable":true,"href":"https:\/\/www.fjpremium.com\/de\/wp-json\/wp\/v2\/product_brand?post=24943"},{"taxonomy":"product_cat","embeddable":true,"href":"https:\/\/www.fjpremium.com\/de\/wp-json\/wp\/v2\/product_cat?post=24943"},{"taxonomy":"product_tag","embeddable":true,"href":"https:\/\/www.fjpremium.com\/de\/wp-json\/wp\/v2\/product_tag?post=24943"}],"curies":[{"name":"wp","href":"https:\/\/api.w.org\/{rel}","templated":true}]}}