{"id":24890,"date":"2024-01-23T14:18:34","date_gmt":"2024-01-23T06:18:34","guid":{"rendered":"https:\/\/www.fjpremium.com\/?post_type=product&#038;p=24890"},"modified":"2024-04-02T14:34:57","modified_gmt":"2024-04-02T06:34:57","slug":"hdmi-2-0-and-usb-type-c-flush-mount-cable","status":"publish","type":"product","link":"https:\/\/www.fjpremium.com\/de\/product\/hdmi-2-0-and-usb-type-c-flush-mount-cable\/","title":{"rendered":"HDMI 2.0 und USB Typ C Kabel f\u00fcr die Unterputzmontage"},"content":{"rendered":"<p>Wir stellen Ihnen unser erstklassiges HDMI 2.0- und USB-Typ-C-Einbaukabel vor \u2013 Ihre ultimative L\u00f6sung f\u00fcr die Verbindung zum Armaturenbrett!<\/p>\n<p>Genie\u00dfen Sie mit vergoldeten Anschl\u00fcssen und blanken Kupferleitern eine blitzschnelle Daten\u00fcbertragung und eine kristallklare 4K@60Hz-Aufl\u00f6sung. Dar\u00fcber hinaus sorgen der robuste PVC-Mantel und die Abschirmung aus Aluminiumfolie f\u00fcr eine lang anhaltende Leistung.<\/p>\n<p>Ausgestattet mit HDMI 2.0-Steckern und -Buchsen erleben Sie hochaufl\u00f6sendes Streaming mit einer Bandbreite von bis zu 18 Gbit\/s. Und mit USB 3.0\/3.1 Typ-C-Steckern und -Buchsen genie\u00dfen Sie superschnelle Daten\u00fcbertragungen von bis zu 10 Gbit\/s.<\/p>\n<p>Die Installation ist einfach \u2013 befestigen Sie sie einfach mit der mitgelieferten Aluminiummutter. Dar\u00fcber hinaus ist es RoHS- und REACH-konform, sodass Sie beruhigt sein k\u00f6nnen.<\/p>\n<p><!-- notionvc: 7691773d-0462-4a7f-b41c-a58ee20dbfad --><\/p>\n<p><!-- notionvc: e16f256b-1002-40c7-afcf-7c7c760a7e79 --><\/p>\n<p><span style=\"font-size: 16px;\">Seine Spezifikationen:<\/span><\/p>\n<ul>\n<li>Anschluss 1: HDMI 2.0 Stecker, vergoldet<\/li>\n<li>Anschluss 2: HDMI 2.0 Buchse, vergoldet<\/li>\n<li>Anschluss 3: USB 3.0\/3.1 Typ-C Stecker, vergoldeter Kontakt, vernickeltes Geh\u00e4use<\/li>\n<li>Anschluss 4: USB 3.0\/3.1 Typ-C Buchse, vergoldeter Kontakt, vernickeltes Geh\u00e4use<\/li>\n<li>Kabel-Leiter: Blanke Kupfer<\/li>\n<li>Kabelquerschnitt: 32AWG f\u00fcr HDMI OD6.0mm; 30\/30\/24AWG f\u00fcr USB 3.0 Typ-C OD5.5mm; 32\/32\/24AWG f\u00fcr USB 3.1 Typ-C OD4.5mm<\/li>\n<li>Abschirmung: Aluminiumfolie, Geflecht<\/li>\n<li>Geh\u00e4use: Spritzgussform<\/li>\n<li>Mantel: PVC<\/li>\n<li>HDMI-Anschluss unterst\u00fctzt eine Aufl\u00f6sung bis zu 4K@60Hz, Bandbreite bis zu 18Gbps<\/li>\n<li>USB 3.1 Typ-C unterst\u00fctzt \u00dcbertragungsraten bis zu 10 Gbps, Videoaufl\u00f6sung bis zu 4K@60Hz<\/li>\n<li>USB 3.0 Typ-C unterst\u00fctzt superschnelle USB 3.0-Ger\u00e4te und die \u00dcbertragungsrate erreicht bis zu 5 Gbps<\/li>\n<li>Einhaltung der Vorschriften: RoHS, REACH<\/li>\n<\/ul>","protected":false},"excerpt":{"rendered":"<p>HDMI 2.0 und USB Typ C Kabel f\u00fcr Autos, Lastwagen, Motorr\u00e4der, Boote, Yachten<\/p>","protected":false},"featured_media":24891,"template":"","meta":{"_acf_changed":false,"_seopress_robots_primary_cat":"","_seopress_titles_title":"HDMI 2.0 and USB Type C Flush Mount Cable","_seopress_titles_desc":"","_seopress_robots_index":"","site-sidebar-layout":"default","site-content-layout":"default","ast-site-content-layout":"default","site-content-style":"default","site-sidebar-style":"default","ast-global-header-display":"","ast-banner-title-visibility":"","ast-main-header-display":"","ast-hfb-above-header-display":"","ast-hfb-below-header-display":"","ast-hfb-mobile-header-display":"","site-post-title":"","ast-breadcrumbs-content":"","ast-featured-img":"","footer-sml-layout":"","ast-disable-related-posts":"","theme-transparent-header-meta":"default","adv-header-id-meta":"","stick-header-meta":"","header-above-stick-meta":"","header-main-stick-meta":"","header-below-stick-meta":"","astra-migrate-meta-layouts":"set","ast-page-background-enabled":"default","ast-page-background-meta":{"desktop":{"background-color":"","background-image":"","background-repeat":"repeat","background-position":"center center","background-size":"auto","background-attachment":"scroll","background-type":"","background-media":"","overlay-type":"","overlay-color":"","overlay-opacity":"","overlay-gradient":""},"tablet":{"background-color":"","background-image":"","background-repeat":"repeat","background-position":"center center","background-size":"auto","background-attachment":"scroll","background-type":"","background-media":"","overlay-type":"","overlay-color":"","overlay-opacity":"","overlay-gradient":""},"mobile":{"background-color":"","background-image":"","background-repeat":"repeat","background-position":"center center","background-size":"auto","background-attachment":"scroll","background-type":"","background-media":"","overlay-type":"","overlay-color":"","overlay-opacity":"","overlay-gradient":""}},"ast-content-background-meta":{"desktop":{"background-color":"var(--ast-global-color-5)","background-image":"","background-repeat":"repeat","background-position":"center center","background-size":"auto","background-attachment":"scroll","background-type":"","background-media":"","overlay-type":"","overlay-color":"","overlay-opacity":"","overlay-gradient":""},"tablet":{"background-color":"var(--ast-global-color-5)","background-image":"","background-repeat":"repeat","background-position":"center center","background-size":"auto","background-attachment":"scroll","background-type":"","background-media":"","overlay-type":"","overlay-color":"","overlay-opacity":"","overlay-gradient":""},"mobile":{"background-color":"var(--ast-global-color-5)","background-image":"","background-repeat":"repeat","background-position":"center center","background-size":"auto","background-attachment":"scroll","background-type":"","background-media":"","overlay-type":"","overlay-color":"","overlay-opacity":"","overlay-gradient":""}},"iawp_total_views":5},"product_brand":[],"product_cat":[238,681],"product_tag":[],"class_list":{"0":"post-24890","1":"product","2":"type-product","3":"status-publish","4":"has-post-thumbnail","6":"product_cat-panel-mount","7":"product_cat-waterproof-rugged-cables","8":"desktop-align-left","9":"tablet-align-left","10":"mobile-align-left","12":"first","13":"instock","14":"shipping-taxable","15":"purchasable","16":"product-type-simple"},"acf":[],"_links":{"self":[{"href":"https:\/\/www.fjpremium.com\/de\/wp-json\/wp\/v2\/product\/24890","targetHints":{"allow":["GET"]}}],"collection":[{"href":"https:\/\/www.fjpremium.com\/de\/wp-json\/wp\/v2\/product"}],"about":[{"href":"https:\/\/www.fjpremium.com\/de\/wp-json\/wp\/v2\/types\/product"}],"wp:featuredmedia":[{"embeddable":true,"href":"https:\/\/www.fjpremium.com\/de\/wp-json\/wp\/v2\/media\/24891"}],"wp:attachment":[{"href":"https:\/\/www.fjpremium.com\/de\/wp-json\/wp\/v2\/media?parent=24890"}],"wp:term":[{"taxonomy":"product_brand","embeddable":true,"href":"https:\/\/www.fjpremium.com\/de\/wp-json\/wp\/v2\/product_brand?post=24890"},{"taxonomy":"product_cat","embeddable":true,"href":"https:\/\/www.fjpremium.com\/de\/wp-json\/wp\/v2\/product_cat?post=24890"},{"taxonomy":"product_tag","embeddable":true,"href":"https:\/\/www.fjpremium.com\/de\/wp-json\/wp\/v2\/product_tag?post=24890"}],"curies":[{"name":"wp","href":"https:\/\/api.w.org\/{rel}","templated":true}]}}