{"id":24886,"date":"2024-01-23T14:08:02","date_gmt":"2024-01-23T06:08:02","guid":{"rendered":"https:\/\/www.fjpremium.com\/?post_type=product&#038;p=24886"},"modified":"2024-04-02T14:29:10","modified_gmt":"2024-04-02T06:29:10","slug":"hdmi-dual-usb-3-0-a-car-flush-mount-cable","status":"publish","type":"product","link":"https:\/\/www.fjpremium.com\/de\/product\/hdmi-dual-usb-3-0-a-car-flush-mount-cable\/","title":{"rendered":"HDMI 2.0 Stecker auf Buchse und Dual USB 3.0 A Stecker auf Buchse Autoeinbaukabel"},"content":{"rendered":"<p>Wir pr\u00e4sentieren das hochwertige Unterputz-Automontagekabel von FARSINCE \u2013 Ihre ultimative L\u00f6sung zur Erweiterung der HDMI- und USB-Konnektivit\u00e4t auf Ihrem Armaturenbrett!<\/p>\n<p>Mit HDMI 2.0-Stecker auf -Buchse und Dual USB 3.0 A-Stecker auf -Buchse ist die Installation ein Kinderspiel \u2013 befestigen Sie es einfach mit der mitgelieferten M26 x 1,5-Aluminiummutter.<\/p>\n<p>Unser Kabel verf\u00fcgt \u00fcber eine wasser- und staubdichte Ummantelung f\u00fcr Langlebigkeit unter allen Bedingungen. Genie\u00dfen Sie blitzschnelle Daten\u00fcbertragung und kristallklare 4K@60Hz-Aufl\u00f6sung mit vergoldeten Anschl\u00fcssen.<\/p>\n<p>R\u00fcsten Sie die Technik Ihres Autos noch heute auf mit dem FARSINCE HDMI 2.0 Stecker auf Buchse und Dual USB 3.0 A Stecker auf Buchse Auto-Unterputzkabel!<\/p>\n<p><!-- notionvc: 7691773d-0462-4a7f-b41c-a58ee20dbfad --><\/p>\n<p><!-- notionvc: e16f256b-1002-40c7-afcf-7c7c760a7e79 --><\/p>\n<p><span style=\"font-size: 16px;\">Seine Spezifikationen:<\/span><\/p>\n<ul>\n<li>Anschluss 1: HDMI 2.0 Stecker, vergoldet<\/li>\n<li>Anschluss 2: HDMI 2.0 Buchse, vergoldet<\/li>\n<li>Anschluss 3: USB 3.0 Typ-A Stecker x2, vergoldeter Kontakt, vernickeltes Geh\u00e4use<\/li>\n<li>Anschluss 4: USB 3.0 Typ-A Buchse x2, vergoldeter Kontakt, vernickeltes Geh\u00e4use<\/li>\n<li>Kabel-Leiter: Blanke Kupfer<\/li>\n<li>Kabelquerschnitt: 32AWG f\u00fcr HDMI OD6.0mm; 28\/28\/24AWG f\u00fcr USB 3.0 Typ-A OD5.5mm<\/li>\n<li>Abschirmung: Aluminiumfolie, Geflecht<\/li>\n<li>Geh\u00e4use: Spritzgussform<\/li>\n<li>Mantel: PVC<\/li>\n<li>HDMI-Anschluss unterst\u00fctzt eine Aufl\u00f6sung bis zu 4K@60Hz, Bandbreite bis zu 18Gbps<\/li>\n<li>Der USB-Typ-A-Anschluss unterst\u00fctzt USB-3.0-Ger\u00e4te mit hoher Geschwindigkeit und einer \u00dcbertragungsrate von bis zu 5 Gbit\/s<\/li>\n<li>Einhaltung der Vorschriften: RoHS, REACH<\/li>\n<\/ul>","protected":false},"excerpt":{"rendered":"<p>HDMI 2.0 Stecker auf Buchse und Dual USB 3.0 A Stecker auf Buchse Autoeinbaukabel f\u00fcr Autos, Lastwagen, Motorr\u00e4der, Boote, Yachten<\/p>","protected":false},"featured_media":24889,"template":"","meta":{"_acf_changed":false,"_seopress_robots_primary_cat":"","_seopress_titles_title":"HDMI 2.0 Dual USB 3.0 A Male to Female Car Flush Mount Cable","_seopress_titles_desc":"","_seopress_robots_index":"","site-sidebar-layout":"default","site-content-layout":"default","ast-site-content-layout":"default","site-content-style":"default","site-sidebar-style":"default","ast-global-header-display":"","ast-banner-title-visibility":"","ast-main-header-display":"","ast-hfb-above-header-display":"","ast-hfb-below-header-display":"","ast-hfb-mobile-header-display":"","site-post-title":"","ast-breadcrumbs-content":"","ast-featured-img":"","footer-sml-layout":"","ast-disable-related-posts":"","theme-transparent-header-meta":"default","adv-header-id-meta":"","stick-header-meta":"","header-above-stick-meta":"","header-main-stick-meta":"","header-below-stick-meta":"","astra-migrate-meta-layouts":"set","ast-page-background-enabled":"default","ast-page-background-meta":{"desktop":{"background-color":"","background-image":"","background-repeat":"repeat","background-position":"center center","background-size":"auto","background-attachment":"scroll","background-type":"","background-media":"","overlay-type":"","overlay-color":"","overlay-opacity":"","overlay-gradient":""},"tablet":{"background-color":"","background-image":"","background-repeat":"repeat","background-position":"center center","background-size":"auto","background-attachment":"scroll","background-type":"","background-media":"","overlay-type":"","overlay-color":"","overlay-opacity":"","overlay-gradient":""},"mobile":{"background-color":"","background-image":"","background-repeat":"repeat","background-position":"center center","background-size":"auto","background-attachment":"scroll","background-type":"","background-media":"","overlay-type":"","overlay-color":"","overlay-opacity":"","overlay-gradient":""}},"ast-content-background-meta":{"desktop":{"background-color":"var(--ast-global-color-5)","background-image":"","background-repeat":"repeat","background-position":"center center","background-size":"auto","background-attachment":"scroll","background-type":"","background-media":"","overlay-type":"","overlay-color":"","overlay-opacity":"","overlay-gradient":""},"tablet":{"background-color":"var(--ast-global-color-5)","background-image":"","background-repeat":"repeat","background-position":"center center","background-size":"auto","background-attachment":"scroll","background-type":"","background-media":"","overlay-type":"","overlay-color":"","overlay-opacity":"","overlay-gradient":""},"mobile":{"background-color":"var(--ast-global-color-5)","background-image":"","background-repeat":"repeat","background-position":"center center","background-size":"auto","background-attachment":"scroll","background-type":"","background-media":"","overlay-type":"","overlay-color":"","overlay-opacity":"","overlay-gradient":""}},"iawp_total_views":17},"product_brand":[],"product_cat":[238,681],"product_tag":[],"class_list":{"0":"post-24886","1":"product","2":"type-product","3":"status-publish","4":"has-post-thumbnail","6":"product_cat-panel-mount","7":"product_cat-waterproof-rugged-cables","8":"desktop-align-left","9":"tablet-align-left","10":"mobile-align-left","12":"first","13":"instock","14":"shipping-taxable","15":"purchasable","16":"product-type-simple"},"acf":[],"_links":{"self":[{"href":"https:\/\/www.fjpremium.com\/de\/wp-json\/wp\/v2\/product\/24886","targetHints":{"allow":["GET"]}}],"collection":[{"href":"https:\/\/www.fjpremium.com\/de\/wp-json\/wp\/v2\/product"}],"about":[{"href":"https:\/\/www.fjpremium.com\/de\/wp-json\/wp\/v2\/types\/product"}],"wp:featuredmedia":[{"embeddable":true,"href":"https:\/\/www.fjpremium.com\/de\/wp-json\/wp\/v2\/media\/24889"}],"wp:attachment":[{"href":"https:\/\/www.fjpremium.com\/de\/wp-json\/wp\/v2\/media?parent=24886"}],"wp:term":[{"taxonomy":"product_brand","embeddable":true,"href":"https:\/\/www.fjpremium.com\/de\/wp-json\/wp\/v2\/product_brand?post=24886"},{"taxonomy":"product_cat","embeddable":true,"href":"https:\/\/www.fjpremium.com\/de\/wp-json\/wp\/v2\/product_cat?post=24886"},{"taxonomy":"product_tag","embeddable":true,"href":"https:\/\/www.fjpremium.com\/de\/wp-json\/wp\/v2\/product_tag?post=24886"}],"curies":[{"name":"wp","href":"https:\/\/api.w.org\/{rel}","templated":true}]}}