{"id":24862,"date":"2024-01-23T13:35:28","date_gmt":"2024-01-23T05:35:28","guid":{"rendered":"https:\/\/www.fjpremium.com\/?post_type=product&#038;p=24862"},"modified":"2024-04-02T14:10:57","modified_gmt":"2024-04-02T06:10:57","slug":"dual-hdmi-cable-panel-mount-m-f-car-cable","status":"publish","type":"product","link":"https:\/\/www.fjpremium.com\/de\/product\/dual-hdmi-cable-panel-mount-m-f-car-cable\/","title":{"rendered":"Dual HDMI Kabel Panel Mount Stecker zu Buchse Auto Wasserdichtes Kabel"},"content":{"rendered":"<p>Verbessern Sie das Entertainment-Erlebnis in Ihrem Auto mit der Dual-HDMI-Kabel-Panelhalterung. Deshalb ist sie ein Muss:<\/p>\n<p>Konnektivit\u00e4t? Verdoppeln Sie die HDMI-Anschl\u00fcsse f\u00fcr mehr Optionen.<\/p>\n<p>Haltbarkeit? Das wasser- und staubdichte Design sch\u00fctzt es vor den Elementen.<\/p>\n<p>Leistung? Unterst\u00fctzt eine Aufl\u00f6sung von bis zu 4K bei 60 Hz und eine Bandbreite von bis zu 18 Gbit\/s f\u00fcr erstklassige Anzeige.<\/p>\n<p>Konformit\u00e4t? Erf\u00fcllt Sicherheitsstandards.<\/p>\n<p><!-- notionvc: e16f256b-1002-40c7-afcf-7c7c760a7e79 --><\/p>\n<p><span style=\"font-size: 16px;\">Seine Spezifikationen:<\/span><\/p>\n<ul>\n<li>Anschluss 1: HDMI 2.0 Stecker x2, vergoldet<\/li>\n<li>Anschluss 2: HDMI 2.0 Buchse x2, vergoldet<\/li>\n<li>Kabel-Leiter: Blanke Kupfer<\/li>\n<li>Drahtst\u00e4rke: 32AWG<\/li>\n<li>Au\u00dfendurchmesser: 6,0 mm<\/li>\n<li>Abschirmung: Aluminiumfolie, Geflecht<\/li>\n<li>Geh\u00e4use: Spritzgussform<\/li>\n<li>Mantel: PVC<\/li>\n<li>HDMI-Anschluss unterst\u00fctzt eine Aufl\u00f6sung bis zu 4K@60Hz, Bandbreite bis zu 18Gbps<\/li>\n<li>Einhaltung der Vorschriften: RoHS, REACH<\/li>\n<\/ul>","protected":false},"excerpt":{"rendered":"<p>Dual HDMI Kabel Panel Mount Stecker auf Buchse Auto Wasserdichtes Kabel f\u00fcr Autos, LKWs, Motorr\u00e4der, Boote, Yachten<\/p>","protected":false},"featured_media":24863,"template":"","meta":{"_acf_changed":false,"_seopress_robots_primary_cat":"","_seopress_titles_title":"Dual HDMI Cable Panel Mount Male to Female Car Cable","_seopress_titles_desc":"","_seopress_robots_index":"","site-sidebar-layout":"default","site-content-layout":"default","ast-site-content-layout":"default","site-content-style":"default","site-sidebar-style":"default","ast-global-header-display":"","ast-banner-title-visibility":"","ast-main-header-display":"","ast-hfb-above-header-display":"","ast-hfb-below-header-display":"","ast-hfb-mobile-header-display":"","site-post-title":"","ast-breadcrumbs-content":"","ast-featured-img":"","footer-sml-layout":"","ast-disable-related-posts":"","theme-transparent-header-meta":"default","adv-header-id-meta":"","stick-header-meta":"","header-above-stick-meta":"","header-main-stick-meta":"","header-below-stick-meta":"","astra-migrate-meta-layouts":"set","ast-page-background-enabled":"default","ast-page-background-meta":{"desktop":{"background-color":"","background-image":"","background-repeat":"repeat","background-position":"center center","background-size":"auto","background-attachment":"scroll","background-type":"","background-media":"","overlay-type":"","overlay-color":"","overlay-opacity":"","overlay-gradient":""},"tablet":{"background-color":"","background-image":"","background-repeat":"repeat","background-position":"center center","background-size":"auto","background-attachment":"scroll","background-type":"","background-media":"","overlay-type":"","overlay-color":"","overlay-opacity":"","overlay-gradient":""},"mobile":{"background-color":"","background-image":"","background-repeat":"repeat","background-position":"center center","background-size":"auto","background-attachment":"scroll","background-type":"","background-media":"","overlay-type":"","overlay-color":"","overlay-opacity":"","overlay-gradient":""}},"ast-content-background-meta":{"desktop":{"background-color":"var(--ast-global-color-5)","background-image":"","background-repeat":"repeat","background-position":"center center","background-size":"auto","background-attachment":"scroll","background-type":"","background-media":"","overlay-type":"","overlay-color":"","overlay-opacity":"","overlay-gradient":""},"tablet":{"background-color":"var(--ast-global-color-5)","background-image":"","background-repeat":"repeat","background-position":"center center","background-size":"auto","background-attachment":"scroll","background-type":"","background-media":"","overlay-type":"","overlay-color":"","overlay-opacity":"","overlay-gradient":""},"mobile":{"background-color":"var(--ast-global-color-5)","background-image":"","background-repeat":"repeat","background-position":"center center","background-size":"auto","background-attachment":"scroll","background-type":"","background-media":"","overlay-type":"","overlay-color":"","overlay-opacity":"","overlay-gradient":""}},"iawp_total_views":10},"product_brand":[],"product_cat":[238,681],"product_tag":[],"class_list":{"0":"post-24862","1":"product","2":"type-product","3":"status-publish","4":"has-post-thumbnail","6":"product_cat-panel-mount","7":"product_cat-waterproof-rugged-cables","8":"desktop-align-left","9":"tablet-align-left","10":"mobile-align-left","12":"first","13":"instock","14":"shipping-taxable","15":"purchasable","16":"product-type-simple"},"acf":[],"_links":{"self":[{"href":"https:\/\/www.fjpremium.com\/de\/wp-json\/wp\/v2\/product\/24862","targetHints":{"allow":["GET"]}}],"collection":[{"href":"https:\/\/www.fjpremium.com\/de\/wp-json\/wp\/v2\/product"}],"about":[{"href":"https:\/\/www.fjpremium.com\/de\/wp-json\/wp\/v2\/types\/product"}],"wp:featuredmedia":[{"embeddable":true,"href":"https:\/\/www.fjpremium.com\/de\/wp-json\/wp\/v2\/media\/24863"}],"wp:attachment":[{"href":"https:\/\/www.fjpremium.com\/de\/wp-json\/wp\/v2\/media?parent=24862"}],"wp:term":[{"taxonomy":"product_brand","embeddable":true,"href":"https:\/\/www.fjpremium.com\/de\/wp-json\/wp\/v2\/product_brand?post=24862"},{"taxonomy":"product_cat","embeddable":true,"href":"https:\/\/www.fjpremium.com\/de\/wp-json\/wp\/v2\/product_cat?post=24862"},{"taxonomy":"product_tag","embeddable":true,"href":"https:\/\/www.fjpremium.com\/de\/wp-json\/wp\/v2\/product_tag?post=24862"}],"curies":[{"name":"wp","href":"https:\/\/api.w.org\/{rel}","templated":true}]}}