{"id":24842,"date":"2024-01-23T13:11:20","date_gmt":"2024-01-23T05:11:20","guid":{"rendered":"https:\/\/www.fjpremium.com\/?post_type=product&#038;p=24842"},"modified":"2024-04-02T14:01:10","modified_gmt":"2024-04-02T06:01:10","slug":"panel-mount-usb-c-dual-usb-3-1-c-cable","status":"publish","type":"product","link":"https:\/\/www.fjpremium.com\/de\/product\/panel-mount-usb-c-dual-usb-3-1-c-cable\/","title":{"rendered":"Flush Panel Mount USB-C Dual USB 3.1 C Stecker zu Buchse Auto wasserdichtes Kabel"},"content":{"rendered":"<p>Lassen Sie uns \u00fcber das wasserdichte USB-C-Dual-USB-3.1-C-Stecker-zu-Buchse-Autokabel f\u00fcr die b\u00fcndige Schalttafelmontage sprechen. Dieses Kabel hat es in sich, und hier erfahren Sie, warum:<\/p>\n<p>Es verf\u00fcgt \u00fcber zwei USB-3.1-Typ-C-Stecker an einem Ende und zwei USB-3.1-Typ-C-Buchsen am anderen Ende. Das ist Vielseitigkeit, auf die Sie z\u00e4hlen k\u00f6nnen.<\/p>\n<p>Mit blanken Kupferleitern, Aluminiumfolie und Geflechtschirmung ist es auf Langlebigkeit ausgelegt. Au\u00dferdem ist es robust genug, um allen Stra\u00dfenbedingungen standzuhalten.<\/p>\n<p>\u00dcbertragen Sie Daten mit bis zu 10 Gbit\/s und genie\u00dfen Sie gestochen scharfe 4K@60Hz-Videos direkt aus Ihrem Auto. High-Speed und High-Definition \u2013 alles in einem Kabel<\/p>\n<p><!-- notionvc: e16f256b-1002-40c7-afcf-7c7c760a7e79 --><\/p>\n<p><span style=\"font-size: 16px;\">Seine Spezifikationen:<\/span><\/p>\n<ul>\n<li>Anschluss 1: USB 3.1 Typ-C Stecker x2<\/li>\n<li>Anschluss 2: USB 3.1 Typ-C Buchse x2<\/li>\n<li>Vergoldete Kontakte, vernickeltes Geh\u00e4use<\/li>\n<li>Kabel-Leiter: Blanke Kupfer<\/li>\n<li>Drahtst\u00e4rke: 32\/32\/24AWG<\/li>\n<li>Au\u00dfendurchmesser: 4,5 mm<\/li>\n<li>Abschirmung: Aluminiumfolie, Geflecht<\/li>\n<li>Geh\u00e4use: Spritzgussform<\/li>\n<li>Mantel: PVC<\/li>\n<li>USB 3.1 Typ-C unterst\u00fctzt \u00dcbertragungsraten bis zu 10 Gbps, Videoaufl\u00f6sung bis zu 4K@60Hz<\/li>\n<li>Einhaltung der Vorschriften: RoHS, REACH<\/li>\n<\/ul>","protected":false},"excerpt":{"rendered":"<p>Flush Panel Mount USB-C Dual USB 3.1 C Male to Female Car Waterproof Cable f\u00fcr Autos, LKWs, Motorr\u00e4der, Boote, Yachten<\/p>","protected":false},"featured_media":24843,"template":"","meta":{"_acf_changed":false,"_seopress_robots_primary_cat":"","_seopress_titles_title":"Panel Mount USB-C Dual USB 3.1 C Male to Female Car Cable","_seopress_titles_desc":"","_seopress_robots_index":"","site-sidebar-layout":"default","site-content-layout":"default","ast-site-content-layout":"default","site-content-style":"default","site-sidebar-style":"default","ast-global-header-display":"","ast-banner-title-visibility":"","ast-main-header-display":"","ast-hfb-above-header-display":"","ast-hfb-below-header-display":"","ast-hfb-mobile-header-display":"","site-post-title":"","ast-breadcrumbs-content":"","ast-featured-img":"","footer-sml-layout":"","ast-disable-related-posts":"","theme-transparent-header-meta":"default","adv-header-id-meta":"","stick-header-meta":"","header-above-stick-meta":"","header-main-stick-meta":"","header-below-stick-meta":"","astra-migrate-meta-layouts":"set","ast-page-background-enabled":"default","ast-page-background-meta":{"desktop":{"background-color":"","background-image":"","background-repeat":"repeat","background-position":"center center","background-size":"auto","background-attachment":"scroll","background-type":"","background-media":"","overlay-type":"","overlay-color":"","overlay-opacity":"","overlay-gradient":""},"tablet":{"background-color":"","background-image":"","background-repeat":"repeat","background-position":"center center","background-size":"auto","background-attachment":"scroll","background-type":"","background-media":"","overlay-type":"","overlay-color":"","overlay-opacity":"","overlay-gradient":""},"mobile":{"background-color":"","background-image":"","background-repeat":"repeat","background-position":"center center","background-size":"auto","background-attachment":"scroll","background-type":"","background-media":"","overlay-type":"","overlay-color":"","overlay-opacity":"","overlay-gradient":""}},"ast-content-background-meta":{"desktop":{"background-color":"var(--ast-global-color-5)","background-image":"","background-repeat":"repeat","background-position":"center center","background-size":"auto","background-attachment":"scroll","background-type":"","background-media":"","overlay-type":"","overlay-color":"","overlay-opacity":"","overlay-gradient":""},"tablet":{"background-color":"var(--ast-global-color-5)","background-image":"","background-repeat":"repeat","background-position":"center center","background-size":"auto","background-attachment":"scroll","background-type":"","background-media":"","overlay-type":"","overlay-color":"","overlay-opacity":"","overlay-gradient":""},"mobile":{"background-color":"var(--ast-global-color-5)","background-image":"","background-repeat":"repeat","background-position":"center center","background-size":"auto","background-attachment":"scroll","background-type":"","background-media":"","overlay-type":"","overlay-color":"","overlay-opacity":"","overlay-gradient":""}},"iawp_total_views":68},"product_brand":[],"product_cat":[238,681],"product_tag":[],"class_list":{"0":"post-24842","1":"product","2":"type-product","3":"status-publish","4":"has-post-thumbnail","6":"product_cat-panel-mount","7":"product_cat-waterproof-rugged-cables","8":"desktop-align-left","9":"tablet-align-left","10":"mobile-align-left","12":"first","13":"instock","14":"shipping-taxable","15":"purchasable","16":"product-type-simple"},"acf":[],"_links":{"self":[{"href":"https:\/\/www.fjpremium.com\/de\/wp-json\/wp\/v2\/product\/24842","targetHints":{"allow":["GET"]}}],"collection":[{"href":"https:\/\/www.fjpremium.com\/de\/wp-json\/wp\/v2\/product"}],"about":[{"href":"https:\/\/www.fjpremium.com\/de\/wp-json\/wp\/v2\/types\/product"}],"wp:featuredmedia":[{"embeddable":true,"href":"https:\/\/www.fjpremium.com\/de\/wp-json\/wp\/v2\/media\/24843"}],"wp:attachment":[{"href":"https:\/\/www.fjpremium.com\/de\/wp-json\/wp\/v2\/media?parent=24842"}],"wp:term":[{"taxonomy":"product_brand","embeddable":true,"href":"https:\/\/www.fjpremium.com\/de\/wp-json\/wp\/v2\/product_brand?post=24842"},{"taxonomy":"product_cat","embeddable":true,"href":"https:\/\/www.fjpremium.com\/de\/wp-json\/wp\/v2\/product_cat?post=24842"},{"taxonomy":"product_tag","embeddable":true,"href":"https:\/\/www.fjpremium.com\/de\/wp-json\/wp\/v2\/product_tag?post=24842"}],"curies":[{"name":"wp","href":"https:\/\/api.w.org\/{rel}","templated":true}]}}